{"id":15128,"date":"2020-01-07T07:22:14","date_gmt":"2020-01-07T06:22:14","guid":{"rendered":"https:\/\/flanca.si\/izdelek\/kapuzineringelb\/"},"modified":"2020-01-07T07:22:14","modified_gmt":"2020-01-07T06:22:14","slug":"kapuzineringelb","status":"publish","type":"product","link":"https:\/\/flanca.si\/de\/produkt\/kapuzineringelb\/","title":{"rendered":"Kapuzineringelb"},"content":{"rendered":"<p>Der Kapuziner ist eine einj\u00e4hrige Kriechpflanze, die bis zu 3 m lange Triebe bildet. Die Bl\u00fcten sind in Rott\u00f6nen gehalten, sie erinnern an eine Kapuze, weshalb wir sie Kapuzineraffen nennen. Aufgrund ihres Wachstums kann sie auch als Standseilbahn entlang der St\u00fctze angebaut werden. Beliebt ist sie vor allem wegen der attraktiven Bl\u00e4tter und sch\u00f6nen Bl\u00fcten, die sie den ganzen Sommer \u00fcber bis zum ersten Frost bildet. In der Bepflanzung vertragen sie sich wunderbar mit Geranien, Gazanien und Kr\u00e4utern. Viele Menschen wissen nicht, dass der Kapuziner Blattl\u00e4use und Blutsauger abwehrt, daher kann er auch entlang der St\u00e4mme eines Baumes auf den sogenannten Baumrotationen gepflanzt werden. Es schreckt auch Raupen, Schnecken, Ameisen und M\u00e4use ab. Aufgrund dieser Eigenschaften sind Cappuccinos gute Nachbarn f\u00fcr Tomaten, Kartoffeln, hohe Bohnen und Rosen. Da die Pflanze Gem\u00fcsebeete vor Schnecken sch\u00fctzt, kann sie auch an den R\u00e4ndern von Blumenbeeten ausges\u00e4t werden. Aufgrund seiner Optik eignet sich Cappuccino auch zum Dekorieren von Gerichten. Die Bl\u00e4tter, Bl\u00fcten und Samen der Pflanze sind essbar. Kapuziner enth\u00e4lt Vitamine und Schwefel, wirkt st\u00e4rkend und leicht abf\u00fchrend.  <\/p>\n","protected":false},"excerpt":{"rendered":"<ul>\n<li><em>Tropaelum majus<\/em><\/li>\n<li>Schleichender Bewuchs<\/li>\n<li>Bl\u00fcten in gelben Farbt\u00f6nen<\/li>\n<li>bl\u00fcht den ganzen Sommer bis zum ersten Frost<\/li>\n<li>Geeignet f\u00fcr Blumenbeete<\/li>\n<li>Wir pflanzen in Gartenbeeten zwischen Mischkulturen<\/li>\n<li>wehrt Blattl\u00e4use, Raupen, Schnecken ab&#8230;<\/li>\n<\/ul>\n<h4><strong>Verpackt 1 S\u00e4mling auf einmal!<\/strong><\/h4>\n","protected":false},"featured_media":20222,"template":"","meta":{"site-sidebar-layout":"default","site-content-layout":"default","ast-site-content-layout":"default","site-content-style":"default","site-sidebar-style":"default","ast-global-header-display":"","ast-banner-title-visibility":"","ast-main-header-display":"","ast-hfb-above-header-display":"","ast-hfb-below-header-display":"","ast-hfb-mobile-header-display":"","site-post-title":"","ast-breadcrumbs-content":"","ast-featured-img":"","footer-sml-layout":"","ast-disable-related-posts":"","theme-transparent-header-meta":"default","adv-header-id-meta":"","stick-header-meta":"default","header-above-stick-meta":"","header-main-stick-meta":"","header-below-stick-meta":"","astra-migrate-meta-layouts":"default","ast-page-background-enabled":"default","ast-page-background-meta":{"desktop":{"background-color":"","background-image":"","background-repeat":"repeat","background-position":"center center","background-size":"auto","background-attachment":"scroll","background-type":"","background-media":"","overlay-type":"","overlay-color":"","overlay-opacity":"","overlay-gradient":""},"tablet":{"background-color":"","background-image":"","background-repeat":"repeat","background-position":"center center","background-size":"auto","background-attachment":"scroll","background-type":"","background-media":"","overlay-type":"","overlay-color":"","overlay-opacity":"","overlay-gradient":""},"mobile":{"background-color":"","background-image":"","background-repeat":"repeat","background-position":"center center","background-size":"auto","background-attachment":"scroll","background-type":"","background-media":"","overlay-type":"","overlay-color":"","overlay-opacity":"","overlay-gradient":""}},"ast-content-background-meta":{"desktop":{"background-color":"var(--ast-global-color-5)","background-image":"","background-repeat":"repeat","background-position":"center center","background-size":"auto","background-attachment":"scroll","background-type":"","background-media":"","overlay-type":"","overlay-color":"","overlay-opacity":"","overlay-gradient":""},"tablet":{"background-color":"var(--ast-global-color-5)","background-image":"","background-repeat":"repeat","background-position":"center center","background-size":"auto","background-attachment":"scroll","background-type":"","background-media":"","overlay-type":"","overlay-color":"","overlay-opacity":"","overlay-gradient":""},"mobile":{"background-color":"var(--ast-global-color-5)","background-image":"","background-repeat":"repeat","background-position":"center center","background-size":"auto","background-attachment":"scroll","background-type":"","background-media":"","overlay-type":"","overlay-color":"","overlay-opacity":"","overlay-gradient":""}}},"product_brand":[],"product_cat":[925],"product_tag":[1256,946,1257,1134,963],"class_list":{"0":"post-15128","1":"product","2":"type-product","3":"status-publish","4":"has-post-thumbnail","6":"product_cat-pflanzen-fur-troge-und-beete","7":"product_tag-abstosend","8":"product_tag-bluhend","9":"product_tag-cappuccino","10":"product_tag-kuche-de","11":"product_tag-zierpflanze","12":"desktop-align-left","13":"tablet-align-left","14":"mobile-align-left","15":"ast-product-gallery-layout-horizontal","16":"ast-product-gallery-with-no-image","17":"ast-product-tabs-layout-horizontal","18":"ast-qv-on-image","20":"first","21":"outofstock","22":"taxable","23":"shipping-taxable","24":"purchasable","25":"product-type-simple"},"aioseo_notices":[],"_links":{"self":[{"href":"https:\/\/flanca.si\/de\/wp-json\/wp\/v2\/product\/15128","targetHints":{"allow":["GET"]}}],"collection":[{"href":"https:\/\/flanca.si\/de\/wp-json\/wp\/v2\/product"}],"about":[{"href":"https:\/\/flanca.si\/de\/wp-json\/wp\/v2\/types\/product"}],"wp:featuredmedia":[{"embeddable":true,"href":"https:\/\/flanca.si\/de\/wp-json\/wp\/v2\/media\/20222"}],"wp:attachment":[{"href":"https:\/\/flanca.si\/de\/wp-json\/wp\/v2\/media?parent=15128"}],"wp:term":[{"taxonomy":"product_brand","embeddable":true,"href":"https:\/\/flanca.si\/de\/wp-json\/wp\/v2\/product_brand?post=15128"},{"taxonomy":"product_cat","embeddable":true,"href":"https:\/\/flanca.si\/de\/wp-json\/wp\/v2\/product_cat?post=15128"},{"taxonomy":"product_tag","embeddable":true,"href":"https:\/\/flanca.si\/de\/wp-json\/wp\/v2\/product_tag?post=15128"}],"curies":[{"name":"wp","href":"https:\/\/api.w.org\/{rel}","templated":true}]}}