{"id":15123,"date":"2020-01-08T06:06:54","date_gmt":"2020-01-08T05:06:54","guid":{"rendered":"https:\/\/flanca.si\/izdelek\/delosperma-rosa\/"},"modified":"2020-01-08T06:06:54","modified_gmt":"2020-01-08T05:06:54","slug":"delosperma-rosa","status":"publish","type":"product","link":"https:\/\/flanca.si\/de\/produkt\/delosperma-rosa\/","title":{"rendered":"Delosperma rosa"},"content":{"rendered":"<p>Delosperma ist eine praktisch unzerst\u00f6rbare Pflanze. Es ist best\u00e4ndig gegen Hitze, Trockenheit, schlechte B\u00f6den und sogar Salz. Es handelt sich um eine mehrj\u00e4hrige Pflanze, die in Form eines Zwergstrauchs w\u00e4chst. Du erkennst sie an ihren l\u00e4nglichen, spitzen und fleischigen Bl\u00e4ttern, die w\u00e4hrend der Bl\u00fcte fast mit bunten Bl\u00fcten bedeckt sind, die in ihrer Form an G\u00e4nsebl\u00fcmchenbl\u00fcten erinnern. Die Sorte Wheels of Wonder Hot pink bildet violette Bl\u00fcten mit einem orangegelben Kern. Pflanzen Sie sie in Steing\u00e4rten oder Spalten zwischen Felsw\u00e4nden und beobachten Sie, wie sie Ihren Garten in leuchtenden Farben f\u00e4rbt. Die Pflanzen bl\u00fchen vom Fr\u00fchling bis zu den ersten Fr\u00f6sten. Blumen lieben Bienen sehr gerne, weil sie grasen. Im Fr\u00fchjahr ist es notwendig, alle besch\u00e4digten Triebe des Vorjahres abzuschneiden.   <\/p>\n","protected":false},"excerpt":{"rendered":"<ul>\n<li><em>Delosperma Kultivare<\/em><\/li>\n<li>Unverw\u00fcstliche Staude<\/li>\n<li>w\u00e4chst in Form eines Zwergstrauchs<\/li>\n<li>Wir pflanzen an sonnigen Standorten<\/li>\n<li>Lila Bl\u00fcten mit wei\u00dfer Mitte<\/li>\n<li>bl\u00fcht vom Fr\u00fchling bis zum ersten Frost<\/li>\n<\/ul>\n<h4><strong>Verpackt 1 S\u00e4mling auf einmal!<\/strong><\/h4>\n","protected":false},"featured_media":14637,"template":"","meta":{"site-sidebar-layout":"default","site-content-layout":"default","ast-site-content-layout":"default","site-content-style":"default","site-sidebar-style":"default","ast-global-header-display":"","ast-banner-title-visibility":"","ast-main-header-display":"","ast-hfb-above-header-display":"","ast-hfb-below-header-display":"","ast-hfb-mobile-header-display":"","site-post-title":"","ast-breadcrumbs-content":"","ast-featured-img":"","footer-sml-layout":"","ast-disable-related-posts":"","theme-transparent-header-meta":"default","adv-header-id-meta":"","stick-header-meta":"default","header-above-stick-meta":"","header-main-stick-meta":"","header-below-stick-meta":"","astra-migrate-meta-layouts":"default","ast-page-background-enabled":"default","ast-page-background-meta":{"desktop":{"background-color":"","background-image":"","background-repeat":"repeat","background-position":"center center","background-size":"auto","background-attachment":"scroll","background-type":"","background-media":"","overlay-type":"","overlay-color":"","overlay-opacity":"","overlay-gradient":""},"tablet":{"background-color":"","background-image":"","background-repeat":"repeat","background-position":"center center","background-size":"auto","background-attachment":"scroll","background-type":"","background-media":"","overlay-type":"","overlay-color":"","overlay-opacity":"","overlay-gradient":""},"mobile":{"background-color":"","background-image":"","background-repeat":"repeat","background-position":"center center","background-size":"auto","background-attachment":"scroll","background-type":"","background-media":"","overlay-type":"","overlay-color":"","overlay-opacity":"","overlay-gradient":""}},"ast-content-background-meta":{"desktop":{"background-color":"var(--ast-global-color-5)","background-image":"","background-repeat":"repeat","background-position":"center center","background-size":"auto","background-attachment":"scroll","background-type":"","background-media":"","overlay-type":"","overlay-color":"","overlay-opacity":"","overlay-gradient":""},"tablet":{"background-color":"var(--ast-global-color-5)","background-image":"","background-repeat":"repeat","background-position":"center center","background-size":"auto","background-attachment":"scroll","background-type":"","background-media":"","overlay-type":"","overlay-color":"","overlay-opacity":"","overlay-gradient":""},"mobile":{"background-color":"var(--ast-global-color-5)","background-image":"","background-repeat":"repeat","background-position":"center center","background-size":"auto","background-attachment":"scroll","background-type":"","background-media":"","overlay-type":"","overlay-color":"","overlay-opacity":"","overlay-gradient":""}}},"product_brand":[],"product_cat":[925],"product_tag":[1247,1019,963],"class_list":{"0":"post-15123","1":"product","2":"type-product","3":"status-publish","4":"has-post-thumbnail","6":"product_cat-pflanzen-fur-troge-und-beete","7":"product_tag-delosperma-de","8":"product_tag-steingarten","9":"product_tag-zierpflanze","10":"desktop-align-left","11":"tablet-align-left","12":"mobile-align-left","13":"ast-product-gallery-layout-horizontal","14":"ast-product-gallery-with-no-image","15":"ast-product-tabs-layout-horizontal","16":"ast-qv-on-image","18":"first","19":"instock","20":"taxable","21":"shipping-taxable","22":"purchasable","23":"product-type-simple"},"aioseo_notices":[],"_links":{"self":[{"href":"https:\/\/flanca.si\/de\/wp-json\/wp\/v2\/product\/15123","targetHints":{"allow":["GET"]}}],"collection":[{"href":"https:\/\/flanca.si\/de\/wp-json\/wp\/v2\/product"}],"about":[{"href":"https:\/\/flanca.si\/de\/wp-json\/wp\/v2\/types\/product"}],"wp:featuredmedia":[{"embeddable":true,"href":"https:\/\/flanca.si\/de\/wp-json\/wp\/v2\/media\/14637"}],"wp:attachment":[{"href":"https:\/\/flanca.si\/de\/wp-json\/wp\/v2\/media?parent=15123"}],"wp:term":[{"taxonomy":"product_brand","embeddable":true,"href":"https:\/\/flanca.si\/de\/wp-json\/wp\/v2\/product_brand?post=15123"},{"taxonomy":"product_cat","embeddable":true,"href":"https:\/\/flanca.si\/de\/wp-json\/wp\/v2\/product_cat?post=15123"},{"taxonomy":"product_tag","embeddable":true,"href":"https:\/\/flanca.si\/de\/wp-json\/wp\/v2\/product_tag?post=15123"}],"curies":[{"name":"wp","href":"https:\/\/api.w.org\/{rel}","templated":true}]}}