{"id":15122,"date":"2020-01-07T09:54:48","date_gmt":"2020-01-07T08:54:48","guid":{"rendered":"https:\/\/flanca.si\/izdelek\/zinnien-hoch\/"},"modified":"2020-01-07T09:54:48","modified_gmt":"2020-01-07T08:54:48","slug":"zinnien-hoch","status":"publish","type":"product","link":"https:\/\/flanca.si\/de\/produkt\/zinnien-hoch\/","title":{"rendered":"Zinnien hoch"},"content":{"rendered":"<p>Vielzahl von Zinnien, die f\u00fcr Schnittblumen geeignet sind. Sie bilden kr\u00e4ftige, gut verzweigte St\u00e4ngel von etwa 40 cm L\u00e4nge. Die Bl\u00fcten sind gro\u00df mit einem Durchmesser von 6 bis 10 Zentimetern und verschiedenen Farben, sie k\u00f6nnen wei\u00df, rot, gelb, orange und purpurrot sein. Sie wird als Einj\u00e4hrige in Blumenbeeten angebaut. Meistens werden sie als Schnittblumen verwendet, die in eine Vase gestellt werden, da sie im Wasser lange frisch bleiben. Schneiden Sie die Blumen ab, wenn sie in voller Bl\u00fcte stehen, da sich die Knospen im Wasser nicht zu Bl\u00fcten entwickeln. Sie bl\u00fchen von Juli bis November. Die Pflanze ist einfach zu z\u00fcchten, wenn Sie ihr einen warmen und sonnigen Platz zur Verf\u00fcgung stellen.  <\/p>\n","protected":false},"excerpt":{"rendered":"<ul>\n<li><em>Zinnia elegans<\/em><\/li>\n<li>gro\u00dfe bunte Blumen<\/li>\n<li>Geeignet zum Schneiden<\/li>\n<li>Lange Haltbarkeit von Blumen in der Vase<\/li>\n<li>lange Bl\u00fcte der Pflanzen<\/li>\n<\/ul>\n<h4><strong>Jeweils 4 Setzlinge verpackt!<\/strong><\/h4>\n","protected":false},"featured_media":12738,"template":"","meta":{"site-sidebar-layout":"default","site-content-layout":"default","ast-site-content-layout":"default","site-content-style":"default","site-sidebar-style":"default","ast-global-header-display":"","ast-banner-title-visibility":"","ast-main-header-display":"","ast-hfb-above-header-display":"","ast-hfb-below-header-display":"","ast-hfb-mobile-header-display":"","site-post-title":"","ast-breadcrumbs-content":"","ast-featured-img":"","footer-sml-layout":"","ast-disable-related-posts":"","theme-transparent-header-meta":"default","adv-header-id-meta":"","stick-header-meta":"default","header-above-stick-meta":"","header-main-stick-meta":"","header-below-stick-meta":"","astra-migrate-meta-layouts":"default","ast-page-background-enabled":"default","ast-page-background-meta":{"desktop":{"background-color":"","background-image":"","background-repeat":"repeat","background-position":"center center","background-size":"auto","background-attachment":"scroll","background-type":"","background-media":"","overlay-type":"","overlay-color":"","overlay-opacity":"","overlay-gradient":""},"tablet":{"background-color":"","background-image":"","background-repeat":"repeat","background-position":"center center","background-size":"auto","background-attachment":"scroll","background-type":"","background-media":"","overlay-type":"","overlay-color":"","overlay-opacity":"","overlay-gradient":""},"mobile":{"background-color":"","background-image":"","background-repeat":"repeat","background-position":"center center","background-size":"auto","background-attachment":"scroll","background-type":"","background-media":"","overlay-type":"","overlay-color":"","overlay-opacity":"","overlay-gradient":""}},"ast-content-background-meta":{"desktop":{"background-color":"var(--ast-global-color-5)","background-image":"","background-repeat":"repeat","background-position":"center center","background-size":"auto","background-attachment":"scroll","background-type":"","background-media":"","overlay-type":"","overlay-color":"","overlay-opacity":"","overlay-gradient":""},"tablet":{"background-color":"var(--ast-global-color-5)","background-image":"","background-repeat":"repeat","background-position":"center center","background-size":"auto","background-attachment":"scroll","background-type":"","background-media":"","overlay-type":"","overlay-color":"","overlay-opacity":"","overlay-gradient":""},"mobile":{"background-color":"var(--ast-global-color-5)","background-image":"","background-repeat":"repeat","background-position":"center center","background-size":"auto","background-attachment":"scroll","background-type":"","background-media":"","overlay-type":"","overlay-color":"","overlay-opacity":"","overlay-gradient":""}}},"product_brand":[],"product_cat":[1056],"product_tag":[957,1162,963,1249],"class_list":{"0":"post-15122","1":"product","2":"type-product","3":"status-publish","4":"has-post-thumbnail","6":"product_cat-pflanzen-fur-schnittblumen","7":"product_tag-blumenbeete","8":"product_tag-schnittblumen","9":"product_tag-zierpflanze","10":"product_tag-zinnien","11":"desktop-align-left","12":"tablet-align-left","13":"mobile-align-left","14":"ast-product-gallery-layout-horizontal","15":"ast-product-gallery-with-no-image","16":"ast-product-tabs-layout-horizontal","17":"ast-qv-on-image","19":"first","20":"instock","21":"taxable","22":"shipping-taxable","23":"purchasable","24":"product-type-simple"},"aioseo_notices":[],"_links":{"self":[{"href":"https:\/\/flanca.si\/de\/wp-json\/wp\/v2\/product\/15122","targetHints":{"allow":["GET"]}}],"collection":[{"href":"https:\/\/flanca.si\/de\/wp-json\/wp\/v2\/product"}],"about":[{"href":"https:\/\/flanca.si\/de\/wp-json\/wp\/v2\/types\/product"}],"wp:featuredmedia":[{"embeddable":true,"href":"https:\/\/flanca.si\/de\/wp-json\/wp\/v2\/media\/12738"}],"wp:attachment":[{"href":"https:\/\/flanca.si\/de\/wp-json\/wp\/v2\/media?parent=15122"}],"wp:term":[{"taxonomy":"product_brand","embeddable":true,"href":"https:\/\/flanca.si\/de\/wp-json\/wp\/v2\/product_brand?post=15122"},{"taxonomy":"product_cat","embeddable":true,"href":"https:\/\/flanca.si\/de\/wp-json\/wp\/v2\/product_cat?post=15122"},{"taxonomy":"product_tag","embeddable":true,"href":"https:\/\/flanca.si\/de\/wp-json\/wp\/v2\/product_tag?post=15122"}],"curies":[{"name":"wp","href":"https:\/\/api.w.org\/{rel}","templated":true}]}}