{"id":15117,"date":"2020-01-08T07:04:10","date_gmt":"2020-01-08T06:04:10","guid":{"rendered":"https:\/\/flanca.si\/izdelek\/spargel-vegetativ\/"},"modified":"2020-01-08T07:04:10","modified_gmt":"2020-01-08T06:04:10","slug":"spargel-vegetativ","status":"publish","type":"product","link":"https:\/\/flanca.si\/de\/produkt\/spargel-vegetativ\/","title":{"rendered":"Spargel vegetativ"},"content":{"rendered":"<p>Die Sorte Eros eignet sich f\u00fcr den Anbau in einem mittelkontinentalen Klima. Er wuchs in Italien auf. Die Pflanzen bestehen aus mittelhohen St\u00e4ngeln, die uns einen hohen Ertrag bescheren. Mehr als die H\u00e4lfte der Triebe hat einen dicken Durchmesser. Die Sorte eignet sich f\u00fcr den Anbau auch auf schwereren B\u00f6den. Aufgrund seiner Rostbest\u00e4ndigkeit ist es auch f\u00fcr den \u00f6kologischen Landbau geeignet. In dieser Sorte k\u00f6nnen wir auch Spargel-wei\u00dfer Spargel ernten. Die Sorte ist mittelsp\u00e4t. Spargel kann im Fr\u00fchjahr oder Herbst gepflanzt werden. Der erste Schnitt der jungen Triebe kann jedoch erst zwei bis drei Jahre nach der Pflanzung erfolgen. Wir pfl\u00fccken junge, frische Triebe, die viele Mineralien und Vitamine enthalten.   <\/p>\n","protected":false},"excerpt":{"rendered":"<ul>\n<li>Geeignet f\u00fcr den Anbau in kontinentalen Klimazonen<\/li>\n<li>dicker Durchmesser der Triebe<\/li>\n<li>Die Triebe sind mittellang<\/li>\n<li>Gro\u00dfer und hochwertiger Ertrag<\/li>\n<li>Wir pfl\u00fccken junge Triebe<\/li>\n<\/ul>\n<h4><strong>Verpackt 1 S\u00e4mling auf einmal!<\/strong><\/h4>\n","protected":false},"featured_media":12755,"template":"","meta":{"site-sidebar-layout":"default","site-content-layout":"default","ast-site-content-layout":"default","site-content-style":"default","site-sidebar-style":"default","ast-global-header-display":"","ast-banner-title-visibility":"","ast-main-header-display":"","ast-hfb-above-header-display":"","ast-hfb-below-header-display":"","ast-hfb-mobile-header-display":"","site-post-title":"","ast-breadcrumbs-content":"","ast-featured-img":"","footer-sml-layout":"","ast-disable-related-posts":"","theme-transparent-header-meta":"default","adv-header-id-meta":"","stick-header-meta":"default","header-above-stick-meta":"","header-main-stick-meta":"","header-below-stick-meta":"","astra-migrate-meta-layouts":"default","ast-page-background-enabled":"default","ast-page-background-meta":{"desktop":{"background-color":"","background-image":"","background-repeat":"repeat","background-position":"center center","background-size":"auto","background-attachment":"scroll","background-type":"","background-media":"","overlay-type":"","overlay-color":"","overlay-opacity":"","overlay-gradient":""},"tablet":{"background-color":"","background-image":"","background-repeat":"repeat","background-position":"center center","background-size":"auto","background-attachment":"scroll","background-type":"","background-media":"","overlay-type":"","overlay-color":"","overlay-opacity":"","overlay-gradient":""},"mobile":{"background-color":"","background-image":"","background-repeat":"repeat","background-position":"center center","background-size":"auto","background-attachment":"scroll","background-type":"","background-media":"","overlay-type":"","overlay-color":"","overlay-opacity":"","overlay-gradient":""}},"ast-content-background-meta":{"desktop":{"background-color":"var(--ast-global-color-5)","background-image":"","background-repeat":"repeat","background-position":"center center","background-size":"auto","background-attachment":"scroll","background-type":"","background-media":"","overlay-type":"","overlay-color":"","overlay-opacity":"","overlay-gradient":""},"tablet":{"background-color":"var(--ast-global-color-5)","background-image":"","background-repeat":"repeat","background-position":"center center","background-size":"auto","background-attachment":"scroll","background-type":"","background-media":"","overlay-type":"","overlay-color":"","overlay-opacity":"","overlay-gradient":""},"mobile":{"background-color":"var(--ast-global-color-5)","background-image":"","background-repeat":"repeat","background-position":"center center","background-size":"auto","background-attachment":"scroll","background-type":"","background-media":"","overlay-type":"","overlay-color":"","overlay-opacity":"","overlay-gradient":""}}},"product_brand":[],"product_cat":[1146],"product_tag":[1238,933,1134,1239],"class_list":{"0":"post-15117","1":"product","2":"type-product","3":"status-publish","4":"has-post-thumbnail","6":"product_cat-zwiebeln-und-spinat","7":"product_tag-gemuse","8":"product_tag-grunes-gemuse","9":"product_tag-kuche-de","10":"product_tag-spargel","11":"desktop-align-left","12":"tablet-align-left","13":"mobile-align-left","14":"ast-product-gallery-layout-horizontal","15":"ast-product-gallery-with-no-image","16":"ast-product-tabs-layout-horizontal","17":"ast-qv-on-image","19":"first","20":"instock","21":"taxable","22":"shipping-taxable","23":"purchasable","24":"product-type-simple"},"aioseo_notices":[],"_links":{"self":[{"href":"https:\/\/flanca.si\/de\/wp-json\/wp\/v2\/product\/15117","targetHints":{"allow":["GET"]}}],"collection":[{"href":"https:\/\/flanca.si\/de\/wp-json\/wp\/v2\/product"}],"about":[{"href":"https:\/\/flanca.si\/de\/wp-json\/wp\/v2\/types\/product"}],"wp:featuredmedia":[{"embeddable":true,"href":"https:\/\/flanca.si\/de\/wp-json\/wp\/v2\/media\/12755"}],"wp:attachment":[{"href":"https:\/\/flanca.si\/de\/wp-json\/wp\/v2\/media?parent=15117"}],"wp:term":[{"taxonomy":"product_brand","embeddable":true,"href":"https:\/\/flanca.si\/de\/wp-json\/wp\/v2\/product_brand?post=15117"},{"taxonomy":"product_cat","embeddable":true,"href":"https:\/\/flanca.si\/de\/wp-json\/wp\/v2\/product_cat?post=15117"},{"taxonomy":"product_tag","embeddable":true,"href":"https:\/\/flanca.si\/de\/wp-json\/wp\/v2\/product_tag?post=15117"}],"curies":[{"name":"wp","href":"https:\/\/api.w.org\/{rel}","templated":true}]}}