{"id":15108,"date":"2020-01-28T11:26:14","date_gmt":"2020-01-28T10:26:14","guid":{"rendered":"https:\/\/flanca.si\/izdelek\/anti-level-bodenbelag-braun\/"},"modified":"2025-01-15T09:53:20","modified_gmt":"2025-01-15T08:53:20","slug":"anti-level-bodenbelag-braun","status":"publish","type":"product","link":"https:\/\/flanca.si\/de\/produkt\/anti-level-bodenbelag-braun\/","title":{"rendered":"Anti-Level-Bodenbelag braun"},"content":{"rendered":"<p>Der Anti-Level-Bodenbelag ist UV-stabilisiert, sieht nat\u00fcrlich in Schwarz und Braun aus und bietet einen hervorragenden Schutz gegen das Wachstum der hartn\u00e4ckigsten Unkr\u00e4uter und l\u00e4sst gleichzeitig Wasser, Luft und N\u00e4hrstoffe gut durch. Die Abdeckung ist extrem langlebig, aber gleichzeitig extrem einfach zu montieren, da sie leicht zu schneiden ist und an den R\u00e4ndern nicht rei\u00dft. Es eignet sich f\u00fcr die Gestaltung von flachem oder steilem Gel\u00e4nde. Es verleiht uns ein sch\u00f6nes nat\u00fcrliches Aussehen. Die Breite der Abdeckung betr\u00e4gt 2 m und in der L\u00e4nge wird sie um Meter geschnitten.<\/p>\n","protected":false},"excerpt":{"rendered":"<ul>\n<li>Schutz vor Unkraut<\/li>\n<li>Breite 2 m<\/li>\n<li>Auf die gew\u00fcnschte L\u00e4nge zuschneiden<\/li>\n<li>UV-stabil<\/li>\n<li>Nat\u00fcrlicher Look<\/li>\n<li>Leicht zu verlegen<\/li>\n<\/ul>\n<h4><strong>Preis pro lfm!<\/strong><\/h4>\n","protected":false},"featured_media":12793,"template":"","meta":{"site-sidebar-layout":"default","site-content-layout":"default","ast-site-content-layout":"default","site-content-style":"default","site-sidebar-style":"default","ast-global-header-display":"","ast-banner-title-visibility":"","ast-main-header-display":"","ast-hfb-above-header-display":"","ast-hfb-below-header-display":"","ast-hfb-mobile-header-display":"","site-post-title":"","ast-breadcrumbs-content":"","ast-featured-img":"","footer-sml-layout":"","ast-disable-related-posts":"","theme-transparent-header-meta":"default","adv-header-id-meta":"","stick-header-meta":"default","header-above-stick-meta":"","header-main-stick-meta":"","header-below-stick-meta":"","astra-migrate-meta-layouts":"default","ast-page-background-enabled":"default","ast-page-background-meta":{"desktop":{"background-color":"","background-image":"","background-repeat":"repeat","background-position":"center center","background-size":"auto","background-attachment":"scroll","background-type":"","background-media":"","overlay-type":"","overlay-color":"","overlay-opacity":"","overlay-gradient":""},"tablet":{"background-color":"","background-image":"","background-repeat":"repeat","background-position":"center center","background-size":"auto","background-attachment":"scroll","background-type":"","background-media":"","overlay-type":"","overlay-color":"","overlay-opacity":"","overlay-gradient":""},"mobile":{"background-color":"","background-image":"","background-repeat":"repeat","background-position":"center center","background-size":"auto","background-attachment":"scroll","background-type":"","background-media":"","overlay-type":"","overlay-color":"","overlay-opacity":"","overlay-gradient":""}},"ast-content-background-meta":{"desktop":{"background-color":"var(--ast-global-color-5)","background-image":"","background-repeat":"repeat","background-position":"center center","background-size":"auto","background-attachment":"scroll","background-type":"","background-media":"","overlay-type":"","overlay-color":"","overlay-opacity":"","overlay-gradient":""},"tablet":{"background-color":"var(--ast-global-color-5)","background-image":"","background-repeat":"repeat","background-position":"center center","background-size":"auto","background-attachment":"scroll","background-type":"","background-media":"","overlay-type":"","overlay-color":"","overlay-opacity":"","overlay-gradient":""},"mobile":{"background-color":"var(--ast-global-color-5)","background-image":"","background-repeat":"repeat","background-position":"center center","background-size":"auto","background-attachment":"scroll","background-type":"","background-media":"","overlay-type":"","overlay-color":"","overlay-opacity":"","overlay-gradient":""}}},"product_brand":[],"product_cat":[1225],"product_tag":[1228,1226,1227],"class_list":{"0":"post-15108","1":"product","2":"type-product","3":"status-publish","4":"has-post-thumbnail","6":"product_cat-folien-und-netze-fur-den-garten","7":"product_tag-naturlicher-look","8":"product_tag-schutz-des-gartens","9":"product_tag-unkraut","10":"desktop-align-left","11":"tablet-align-left","12":"mobile-align-left","13":"ast-product-gallery-layout-horizontal","14":"ast-product-tabs-layout-horizontal","15":"ast-qv-on-image","17":"first","18":"instock","19":"taxable","20":"shipping-taxable","21":"purchasable","22":"product-type-simple"},"aioseo_notices":[],"_links":{"self":[{"href":"https:\/\/flanca.si\/de\/wp-json\/wp\/v2\/product\/15108","targetHints":{"allow":["GET"]}}],"collection":[{"href":"https:\/\/flanca.si\/de\/wp-json\/wp\/v2\/product"}],"about":[{"href":"https:\/\/flanca.si\/de\/wp-json\/wp\/v2\/types\/product"}],"wp:featuredmedia":[{"embeddable":true,"href":"https:\/\/flanca.si\/de\/wp-json\/wp\/v2\/media\/12793"}],"wp:attachment":[{"href":"https:\/\/flanca.si\/de\/wp-json\/wp\/v2\/media?parent=15108"}],"wp:term":[{"taxonomy":"product_brand","embeddable":true,"href":"https:\/\/flanca.si\/de\/wp-json\/wp\/v2\/product_brand?post=15108"},{"taxonomy":"product_cat","embeddable":true,"href":"https:\/\/flanca.si\/de\/wp-json\/wp\/v2\/product_cat?post=15108"},{"taxonomy":"product_tag","embeddable":true,"href":"https:\/\/flanca.si\/de\/wp-json\/wp\/v2\/product_tag?post=15108"}],"curies":[{"name":"wp","href":"https:\/\/api.w.org\/{rel}","templated":true}]}}