{"id":15104,"date":"2020-01-28T13:38:23","date_gmt":"2020-01-28T12:38:23","guid":{"rendered":"https:\/\/flanca.si\/izdelek\/wassermelone\/"},"modified":"2020-01-28T13:38:23","modified_gmt":"2020-01-28T12:38:23","slug":"wassermelone","status":"publish","type":"product","link":"https:\/\/flanca.si\/de\/produkt\/wassermelone\/","title":{"rendered":"Wassermelone"},"content":{"rendered":"<p>Durch die fr\u00fche Reife eignet sich die Hybridsorte f\u00fcr den Anbau auch in kontinentalen Klimazonen. Die Fr\u00fcchte reifen bereits 77 Tage nach dem Umpflanzen. Die Fr\u00fcchte wiegen 6\u20138 kg, sind oval-rund geformt und vertragen Sonnenbrand gut. Das Fruchtfleisch hat eine rote Farbe und eine ausgezeichnete Konsistenz und einen ausgezeichneten Geschmack. Die Schale der Frucht ist hellgr\u00fcn mit dunkelgr\u00fcnen Streifen. Die Setzlinge werden ins Freie gepflanzt, sobald sich der Boden richtig erw\u00e4rmt hat. Die Pflanze eignet sich f\u00fcr warme, humose, feuchte B\u00f6den. <\/p>\n","protected":false},"excerpt":{"rendered":"<ul>\n<li>Eine bekannte Art von Wassermelone<\/li>\n<li>Geeignet f\u00fcr den Anbau in unserem Klima<\/li>\n<li>kleinere Fr\u00fcchte von ausgezeichneter Qualit\u00e4t<\/li>\n<li>Sonnige Pl\u00e4tze<\/li>\n<li>Erfrischung im Sommer<\/li>\n<\/ul>\n<h4><strong>Verpackt mit 1 S\u00e4mling0!<\/strong><\/h4>\n","protected":false},"featured_media":12796,"template":"","meta":{"site-sidebar-layout":"default","site-content-layout":"default","ast-site-content-layout":"default","site-content-style":"default","site-sidebar-style":"default","ast-global-header-display":"","ast-banner-title-visibility":"","ast-main-header-display":"","ast-hfb-above-header-display":"","ast-hfb-below-header-display":"","ast-hfb-mobile-header-display":"","site-post-title":"","ast-breadcrumbs-content":"","ast-featured-img":"","footer-sml-layout":"","ast-disable-related-posts":"","theme-transparent-header-meta":"default","adv-header-id-meta":"","stick-header-meta":"default","header-above-stick-meta":"","header-main-stick-meta":"","header-below-stick-meta":"","astra-migrate-meta-layouts":"default","ast-page-background-enabled":"default","ast-page-background-meta":{"desktop":{"background-color":"","background-image":"","background-repeat":"repeat","background-position":"center center","background-size":"auto","background-attachment":"scroll","background-type":"","background-media":"","overlay-type":"","overlay-color":"","overlay-opacity":"","overlay-gradient":""},"tablet":{"background-color":"","background-image":"","background-repeat":"repeat","background-position":"center center","background-size":"auto","background-attachment":"scroll","background-type":"","background-media":"","overlay-type":"","overlay-color":"","overlay-opacity":"","overlay-gradient":""},"mobile":{"background-color":"","background-image":"","background-repeat":"repeat","background-position":"center center","background-size":"auto","background-attachment":"scroll","background-type":"","background-media":"","overlay-type":"","overlay-color":"","overlay-opacity":"","overlay-gradient":""}},"ast-content-background-meta":{"desktop":{"background-color":"var(--ast-global-color-5)","background-image":"","background-repeat":"repeat","background-position":"center center","background-size":"auto","background-attachment":"scroll","background-type":"","background-media":"","overlay-type":"","overlay-color":"","overlay-opacity":"","overlay-gradient":""},"tablet":{"background-color":"var(--ast-global-color-5)","background-image":"","background-repeat":"repeat","background-position":"center center","background-size":"auto","background-attachment":"scroll","background-type":"","background-media":"","overlay-type":"","overlay-color":"","overlay-opacity":"","overlay-gradient":""},"mobile":{"background-color":"var(--ast-global-color-5)","background-image":"","background-repeat":"repeat","background-position":"center center","background-size":"auto","background-attachment":"scroll","background-type":"","background-media":"","overlay-type":"","overlay-color":"","overlay-opacity":"","overlay-gradient":""}}},"product_brand":[],"product_cat":[1024],"product_tag":[1223,893,1142],"class_list":{"0":"post-15104","1":"product","2":"type-product","3":"status-publish","4":"has-post-thumbnail","6":"product_cat-tomate","7":"product_tag-erfrischende-getranke","8":"product_tag-sommer","9":"product_tag-wassermelone","10":"desktop-align-left","11":"tablet-align-left","12":"mobile-align-left","13":"ast-product-gallery-layout-horizontal","14":"ast-product-tabs-layout-horizontal","15":"ast-qv-on-image","17":"first","18":"instock","19":"taxable","20":"shipping-taxable","21":"purchasable","22":"product-type-simple"},"aioseo_notices":[],"_links":{"self":[{"href":"https:\/\/flanca.si\/de\/wp-json\/wp\/v2\/product\/15104","targetHints":{"allow":["GET"]}}],"collection":[{"href":"https:\/\/flanca.si\/de\/wp-json\/wp\/v2\/product"}],"about":[{"href":"https:\/\/flanca.si\/de\/wp-json\/wp\/v2\/types\/product"}],"wp:featuredmedia":[{"embeddable":true,"href":"https:\/\/flanca.si\/de\/wp-json\/wp\/v2\/media\/12796"}],"wp:attachment":[{"href":"https:\/\/flanca.si\/de\/wp-json\/wp\/v2\/media?parent=15104"}],"wp:term":[{"taxonomy":"product_brand","embeddable":true,"href":"https:\/\/flanca.si\/de\/wp-json\/wp\/v2\/product_brand?post=15104"},{"taxonomy":"product_cat","embeddable":true,"href":"https:\/\/flanca.si\/de\/wp-json\/wp\/v2\/product_cat?post=15104"},{"taxonomy":"product_tag","embeddable":true,"href":"https:\/\/flanca.si\/de\/wp-json\/wp\/v2\/product_tag?post=15104"}],"curies":[{"name":"wp","href":"https:\/\/api.w.org\/{rel}","templated":true}]}}