{"id":15103,"date":"2020-02-10T08:02:43","date_gmt":"2020-02-10T07:02:43","guid":{"rendered":"https:\/\/flanca.si\/izdelek\/gartenbordstein-aus-kunststoff-i\/"},"modified":"2020-02-10T08:02:43","modified_gmt":"2020-02-10T07:02:43","slug":"gartenbordstein-aus-kunststoff-i","status":"publish","type":"product","link":"https:\/\/flanca.si\/de\/produkt\/gartenbordstein-aus-kunststoff-i\/","title":{"rendered":"Gartenbordstein aus Kunststoff &#8222;I&#8220;"},"content":{"rendered":"<p>Die Versionen PVC-Gartenbordstein I sind gerade und eignen sich f\u00fcr gerade Linien. Kunststoffbordsteine f\u00fcr eine schnelle und einfache Fertigstellung der Kante, die den Schaft zwischen Gras und Steinen, Rinde, trennt. Die Kanten k\u00f6nnen sofort nach der verlegten Oberfl\u00e4che fertiggestellt werden. Eine zus\u00e4tzliche H\u00e4rtung mit Beton ist nicht erforderlich. Die Kante wird mit N\u00e4geln fixiert und so kann die Oberfl\u00e4che sofort mit maximaler Belastung genutzt werden. Der Bordstein h\u00e4lt allen Belastungen von PKW, Transportern und auch leichten Nutzfahrzeugen stand. Die H\u00f6he des Bordsteins betr\u00e4gt 4,5 cm, die L\u00e4nge 2 m.<\/p>\n","protected":false},"excerpt":{"rendered":"<ul>\n<li>Flache Kunststoff-Bordsteine<\/li>\n<li>Abgrenzung zweier Bereiche<\/li>\n<li>Gepflegte Optik<\/li>\n<li>Einfachere Gartenpflege<\/li>\n<li>L\u00e4nge 2m<\/li>\n<\/ul>\n<h4><strong>Verpackt zu 1 St\u00fcck!<\/strong><\/h4>\n","protected":false},"featured_media":12807,"template":"","meta":{"site-sidebar-layout":"default","site-content-layout":"default","ast-site-content-layout":"default","site-content-style":"default","site-sidebar-style":"default","ast-global-header-display":"","ast-banner-title-visibility":"","ast-main-header-display":"","ast-hfb-above-header-display":"","ast-hfb-below-header-display":"","ast-hfb-mobile-header-display":"","site-post-title":"","ast-breadcrumbs-content":"","ast-featured-img":"","footer-sml-layout":"","ast-disable-related-posts":"","theme-transparent-header-meta":"default","adv-header-id-meta":"","stick-header-meta":"default","header-above-stick-meta":"","header-main-stick-meta":"","header-below-stick-meta":"","astra-migrate-meta-layouts":"default","ast-page-background-enabled":"default","ast-page-background-meta":{"desktop":{"background-color":"","background-image":"","background-repeat":"repeat","background-position":"center center","background-size":"auto","background-attachment":"scroll","background-type":"","background-media":"","overlay-type":"","overlay-color":"","overlay-opacity":"","overlay-gradient":""},"tablet":{"background-color":"","background-image":"","background-repeat":"repeat","background-position":"center center","background-size":"auto","background-attachment":"scroll","background-type":"","background-media":"","overlay-type":"","overlay-color":"","overlay-opacity":"","overlay-gradient":""},"mobile":{"background-color":"","background-image":"","background-repeat":"repeat","background-position":"center center","background-size":"auto","background-attachment":"scroll","background-type":"","background-media":"","overlay-type":"","overlay-color":"","overlay-opacity":"","overlay-gradient":""}},"ast-content-background-meta":{"desktop":{"background-color":"var(--ast-global-color-5)","background-image":"","background-repeat":"repeat","background-position":"center center","background-size":"auto","background-attachment":"scroll","background-type":"","background-media":"","overlay-type":"","overlay-color":"","overlay-opacity":"","overlay-gradient":""},"tablet":{"background-color":"var(--ast-global-color-5)","background-image":"","background-repeat":"repeat","background-position":"center center","background-size":"auto","background-attachment":"scroll","background-type":"","background-media":"","overlay-type":"","overlay-color":"","overlay-opacity":"","overlay-gradient":""},"mobile":{"background-color":"var(--ast-global-color-5)","background-image":"","background-repeat":"repeat","background-position":"center center","background-size":"auto","background-attachment":"scroll","background-type":"","background-media":"","overlay-type":"","overlay-color":"","overlay-opacity":"","overlay-gradient":""}}},"product_brand":[],"product_cat":[1212],"product_tag":[898,1214,1220],"class_list":{"0":"post-15103","1":"product","2":"type-product","3":"status-publish","4":"has-post-thumbnail","6":"product_cat-gartenzubehor-und-gerate","7":"product_tag-garten","8":"product_tag-gartengerate","9":"product_tag-grenze","10":"desktop-align-left","11":"tablet-align-left","12":"mobile-align-left","13":"ast-product-gallery-layout-horizontal","14":"ast-product-gallery-with-no-image","15":"ast-product-tabs-layout-horizontal","16":"ast-qv-on-image","18":"first","19":"instock","20":"taxable","21":"shipping-taxable","22":"purchasable","23":"product-type-simple"},"aioseo_notices":[],"_links":{"self":[{"href":"https:\/\/flanca.si\/de\/wp-json\/wp\/v2\/product\/15103","targetHints":{"allow":["GET"]}}],"collection":[{"href":"https:\/\/flanca.si\/de\/wp-json\/wp\/v2\/product"}],"about":[{"href":"https:\/\/flanca.si\/de\/wp-json\/wp\/v2\/types\/product"}],"wp:featuredmedia":[{"embeddable":true,"href":"https:\/\/flanca.si\/de\/wp-json\/wp\/v2\/media\/12807"}],"wp:attachment":[{"href":"https:\/\/flanca.si\/de\/wp-json\/wp\/v2\/media?parent=15103"}],"wp:term":[{"taxonomy":"product_brand","embeddable":true,"href":"https:\/\/flanca.si\/de\/wp-json\/wp\/v2\/product_brand?post=15103"},{"taxonomy":"product_cat","embeddable":true,"href":"https:\/\/flanca.si\/de\/wp-json\/wp\/v2\/product_cat?post=15103"},{"taxonomy":"product_tag","embeddable":true,"href":"https:\/\/flanca.si\/de\/wp-json\/wp\/v2\/product_tag?post=15103"}],"curies":[{"name":"wp","href":"https:\/\/api.w.org\/{rel}","templated":true}]}}