{"id":15101,"date":"2020-02-07T10:09:58","date_gmt":"2020-02-07T09:09:58","guid":{"rendered":"https:\/\/flanca.si\/izdelek\/chili-klein-und-rund\/"},"modified":"2020-02-07T10:09:58","modified_gmt":"2020-02-07T09:09:58","slug":"chili-klein-und-rund","status":"publish","type":"product","link":"https:\/\/flanca.si\/de\/produkt\/chili-klein-und-rund\/","title":{"rendered":"Chili klein und rund"},"content":{"rendered":"<p>Die Sorte Red Small Cherry eignet sich f\u00fcr alle, die etwas anderes und gleichzeitig N\u00fctzliches anbauen m\u00f6chten. Es handelt sich um eine Pflanze, die einen buschigen Wuchs hat und sowohl f\u00fcr den Anbau im Gew\u00e4chshaus als auch auf dem Freiland geeignet ist. Sie kann auch in T\u00f6pfen oder Tr\u00f6gen gepflanzt werden. Kleine, runde Fr\u00fcchte \u00e4hneln in ihrer Form den Fr\u00fcchten von Kirschen. Bei der Reife verf\u00e4rben sie sich von gr\u00fcn nach rot. Sie haben einen ausgezeichneten, aromatischen Geschmack und sind f\u00fcr diejenigen geeignet, die Sch\u00e4rfe m\u00f6gen. Sie k\u00f6nnen frisch gegessen werden, oder sie k\u00f6nnen aufgrund der dicken W\u00e4nde der Fr\u00fcchte zum F\u00fcllen oder Einlegen verwendet werden. Sie k\u00f6nnen auch nur f\u00fcr die einfache K\u00fcchen- oder Gartendekoration verwendet werden. Die Setzlinge werden unter freiem Himmel gepflanzt, wenn die Gefahr niedriger Temperaturen vor\u00fcber ist und sich die Atmosph\u00e4re richtig erw\u00e4rmt hat.  <\/p>\n<p>&nbsp;<\/p>\n","protected":false},"excerpt":{"rendered":"<ul>\n<li>Hei\u00dfe Fr\u00fcchte<\/li>\n<li>kleine runde Fr\u00fcchte<\/li>\n<li>Benutzerfreundlichkeit und Dekorativit\u00e4t<\/li>\n<li>Geeignet f\u00fcr den Anbau im Topf<\/li>\n<\/ul>\n<h4><strong>Verpackt 1 S\u00e4mling auf einmal!<\/strong><\/h4>\n","protected":false},"featured_media":12802,"template":"","meta":{"site-sidebar-layout":"default","site-content-layout":"default","ast-site-content-layout":"default","site-content-style":"default","site-sidebar-style":"default","ast-global-header-display":"","ast-banner-title-visibility":"","ast-main-header-display":"","ast-hfb-above-header-display":"","ast-hfb-below-header-display":"","ast-hfb-mobile-header-display":"","site-post-title":"","ast-breadcrumbs-content":"","ast-featured-img":"","footer-sml-layout":"","ast-disable-related-posts":"","theme-transparent-header-meta":"default","adv-header-id-meta":"","stick-header-meta":"default","header-above-stick-meta":"","header-main-stick-meta":"","header-below-stick-meta":"","astra-migrate-meta-layouts":"default","ast-page-background-enabled":"default","ast-page-background-meta":{"desktop":{"background-color":"","background-image":"","background-repeat":"repeat","background-position":"center center","background-size":"auto","background-attachment":"scroll","background-type":"","background-media":"","overlay-type":"","overlay-color":"","overlay-opacity":"","overlay-gradient":""},"tablet":{"background-color":"","background-image":"","background-repeat":"repeat","background-position":"center center","background-size":"auto","background-attachment":"scroll","background-type":"","background-media":"","overlay-type":"","overlay-color":"","overlay-opacity":"","overlay-gradient":""},"mobile":{"background-color":"","background-image":"","background-repeat":"repeat","background-position":"center center","background-size":"auto","background-attachment":"scroll","background-type":"","background-media":"","overlay-type":"","overlay-color":"","overlay-opacity":"","overlay-gradient":""}},"ast-content-background-meta":{"desktop":{"background-color":"var(--ast-global-color-5)","background-image":"","background-repeat":"repeat","background-position":"center center","background-size":"auto","background-attachment":"scroll","background-type":"","background-media":"","overlay-type":"","overlay-color":"","overlay-opacity":"","overlay-gradient":""},"tablet":{"background-color":"var(--ast-global-color-5)","background-image":"","background-repeat":"repeat","background-position":"center center","background-size":"auto","background-attachment":"scroll","background-type":"","background-media":"","overlay-type":"","overlay-color":"","overlay-opacity":"","overlay-gradient":""},"mobile":{"background-color":"var(--ast-global-color-5)","background-image":"","background-repeat":"repeat","background-position":"center center","background-size":"auto","background-attachment":"scroll","background-type":"","background-media":"","overlay-type":"","overlay-color":"","overlay-opacity":"","overlay-gradient":""}}},"product_brand":[],"product_cat":[1024],"product_tag":[1156,1219,896,1155,893,1152],"class_list":{"0":"post-15101","1":"product","2":"type-product","3":"status-publish","4":"has-post-thumbnail","6":"product_cat-tomate","7":"product_tag-chili","8":"product_tag-dekorativer-wert","9":"product_tag-gemuse-vom-balkon","10":"product_tag-mexikanische-kuche","11":"product_tag-sommer","12":"product_tag-telugu-de","13":"desktop-align-left","14":"tablet-align-left","15":"mobile-align-left","16":"ast-product-gallery-layout-horizontal","17":"ast-product-gallery-with-no-image","18":"ast-product-tabs-layout-horizontal","19":"ast-qv-on-image","21":"first","22":"outofstock","23":"taxable","24":"shipping-taxable","25":"purchasable","26":"product-type-simple"},"aioseo_notices":[],"_links":{"self":[{"href":"https:\/\/flanca.si\/de\/wp-json\/wp\/v2\/product\/15101","targetHints":{"allow":["GET"]}}],"collection":[{"href":"https:\/\/flanca.si\/de\/wp-json\/wp\/v2\/product"}],"about":[{"href":"https:\/\/flanca.si\/de\/wp-json\/wp\/v2\/types\/product"}],"wp:featuredmedia":[{"embeddable":true,"href":"https:\/\/flanca.si\/de\/wp-json\/wp\/v2\/media\/12802"}],"wp:attachment":[{"href":"https:\/\/flanca.si\/de\/wp-json\/wp\/v2\/media?parent=15101"}],"wp:term":[{"taxonomy":"product_brand","embeddable":true,"href":"https:\/\/flanca.si\/de\/wp-json\/wp\/v2\/product_brand?post=15101"},{"taxonomy":"product_cat","embeddable":true,"href":"https:\/\/flanca.si\/de\/wp-json\/wp\/v2\/product_cat?post=15101"},{"taxonomy":"product_tag","embeddable":true,"href":"https:\/\/flanca.si\/de\/wp-json\/wp\/v2\/product_tag?post=15101"}],"curies":[{"name":"wp","href":"https:\/\/api.w.org\/{rel}","templated":true}]}}