{"id":15095,"date":"2020-02-10T10:43:34","date_gmt":"2020-02-10T09:43:34","guid":{"rendered":"https:\/\/flanca.si\/izdelek\/huegel-organischer-duenger-fuer-den-garten-3-kg\/"},"modified":"2020-02-10T10:43:34","modified_gmt":"2020-02-10T09:43:34","slug":"huegel-organischer-duenger-fuer-den-garten-3-kg","status":"publish","type":"product","link":"https:\/\/flanca.si\/de\/produkt\/huegel-organischer-duenger-fuer-den-garten-3-kg\/","title":{"rendered":"H\u00fcgel, Organischer D\u00fcnger f\u00fcr den Garten 3 KG"},"content":{"rendered":"<p>Hochwertiger universeller organischer D\u00fcnger f\u00fcr den Garten. D\u00fcnger zur allgemeinen D\u00fcngung von Zierpflanzen, Obstb\u00e4umen, Gem\u00fcse und Rasenfl\u00e4chen mit einem gleichen Anteil an Stickstoff (N) und Kalium (K). Es enth\u00e4lt alle notwendigen Makron\u00e4hrstoffe und den Sekund\u00e4rn\u00e4hrstoff Calcium (Ca) und eignet sich besonders f\u00fcr die D\u00fcngung von Fruchtk\u00f6rpern und Obstb\u00e4umen. Der D\u00fcnger liefert alle notwendigen N\u00e4hrstoffe f\u00fcr ein gesundes und gleichm\u00e4\u00dfiges Pflanzenwachstum. Es f\u00f6rdert die Bodenfruchtbarkeit und erh\u00f6ht die organische Masse im Boden. Durch den h\u00f6heren Gehalt an Humin- und Fulvos\u00e4uren beschleunigt der D\u00fcnger die Verf\u00fcgbarkeit der vorhandenen N\u00e4hrstoffe im Boden. D\u00fcnger wird zur Grund- und Zusatzd\u00fcngung von Gartenkulturen oder in Kombination mit organischen und mineralischen D\u00fcngemitteln verwendet. Durch die Kombination von D\u00fcngemitteln verhindern wir eine einseitige Auslaugung des Bodens und erm\u00f6glichen bessere Ertr\u00e4ge. Zum D\u00fcngen von Gem\u00fcse, Beeren, Kr\u00e4utern und Einj\u00e4hrigen werden 1,5-2 kg D\u00fcnger pro 10 Quadratmeter Fl\u00e4che verwendet. Die D\u00fcngung kann im Abstand von 4-5 Wochen erfolgen. Die Menge des D\u00fcngers wird jedoch entsprechend den Phasen des Pflanzenwachstums angepasst.  <\/p>\n","protected":false},"excerpt":{"rendered":"<ul>\n<li>Hochwertiger Universald\u00fcnger<\/li>\n<li>Geeignet f\u00fcr die D\u00fcngung einer gr\u00f6\u00dferen Gruppe von Pflanzen<\/li>\n<li>Besonders geeignet f\u00fcr die D\u00fcngung von Fruchtpflanzen und Obstb\u00e4umen<\/li>\n<li>Gesundes und gleichm\u00e4\u00dfiges Pflanzenwachstum<\/li>\n<li>f\u00f6rdert die Zunahme der organischen Substanz im Boden<\/li>\n<\/ul>\n<h4><strong>Verpackt mit 3kg!<\/strong><\/h4>\n","protected":false},"featured_media":12818,"template":"","meta":{"site-sidebar-layout":"default","site-content-layout":"default","ast-site-content-layout":"default","site-content-style":"default","site-sidebar-style":"default","ast-global-header-display":"","ast-banner-title-visibility":"","ast-main-header-display":"","ast-hfb-above-header-display":"","ast-hfb-below-header-display":"","ast-hfb-mobile-header-display":"","site-post-title":"","ast-breadcrumbs-content":"","ast-featured-img":"","footer-sml-layout":"","ast-disable-related-posts":"","theme-transparent-header-meta":"default","adv-header-id-meta":"","stick-header-meta":"default","header-above-stick-meta":"","header-main-stick-meta":"","header-below-stick-meta":"","astra-migrate-meta-layouts":"default","ast-page-background-enabled":"default","ast-page-background-meta":{"desktop":{"background-color":"","background-image":"","background-repeat":"repeat","background-position":"center center","background-size":"auto","background-attachment":"scroll","background-type":"","background-media":"","overlay-type":"","overlay-color":"","overlay-opacity":"","overlay-gradient":""},"tablet":{"background-color":"","background-image":"","background-repeat":"repeat","background-position":"center center","background-size":"auto","background-attachment":"scroll","background-type":"","background-media":"","overlay-type":"","overlay-color":"","overlay-opacity":"","overlay-gradient":""},"mobile":{"background-color":"","background-image":"","background-repeat":"repeat","background-position":"center center","background-size":"auto","background-attachment":"scroll","background-type":"","background-media":"","overlay-type":"","overlay-color":"","overlay-opacity":"","overlay-gradient":""}},"ast-content-background-meta":{"desktop":{"background-color":"var(--ast-global-color-5)","background-image":"","background-repeat":"repeat","background-position":"center center","background-size":"auto","background-attachment":"scroll","background-type":"","background-media":"","overlay-type":"","overlay-color":"","overlay-opacity":"","overlay-gradient":""},"tablet":{"background-color":"var(--ast-global-color-5)","background-image":"","background-repeat":"repeat","background-position":"center center","background-size":"auto","background-attachment":"scroll","background-type":"","background-media":"","overlay-type":"","overlay-color":"","overlay-opacity":"","overlay-gradient":""},"mobile":{"background-color":"var(--ast-global-color-5)","background-image":"","background-repeat":"repeat","background-position":"center center","background-size":"auto","background-attachment":"scroll","background-type":"","background-media":"","overlay-type":"","overlay-color":"","overlay-opacity":"","overlay-gradient":""}}},"product_brand":[],"product_cat":[904],"product_tag":[902,901,898,900],"class_list":{"0":"post-15095","1":"product","2":"type-product","3":"status-publish","4":"has-post-thumbnail","6":"product_cat-dungemittel","7":"product_tag-besseres-wachstum","8":"product_tag-dunger","9":"product_tag-garten","10":"product_tag-substrat-de","11":"desktop-align-left","12":"tablet-align-left","13":"mobile-align-left","14":"ast-product-gallery-layout-horizontal","15":"ast-product-gallery-with-no-image","16":"ast-product-tabs-layout-horizontal","17":"ast-qv-on-image","19":"first","20":"outofstock","21":"taxable","22":"shipping-taxable","23":"purchasable","24":"product-type-simple"},"aioseo_notices":[],"_links":{"self":[{"href":"https:\/\/flanca.si\/de\/wp-json\/wp\/v2\/product\/15095","targetHints":{"allow":["GET"]}}],"collection":[{"href":"https:\/\/flanca.si\/de\/wp-json\/wp\/v2\/product"}],"about":[{"href":"https:\/\/flanca.si\/de\/wp-json\/wp\/v2\/types\/product"}],"wp:featuredmedia":[{"embeddable":true,"href":"https:\/\/flanca.si\/de\/wp-json\/wp\/v2\/media\/12818"}],"wp:attachment":[{"href":"https:\/\/flanca.si\/de\/wp-json\/wp\/v2\/media?parent=15095"}],"wp:term":[{"taxonomy":"product_brand","embeddable":true,"href":"https:\/\/flanca.si\/de\/wp-json\/wp\/v2\/product_brand?post=15095"},{"taxonomy":"product_cat","embeddable":true,"href":"https:\/\/flanca.si\/de\/wp-json\/wp\/v2\/product_cat?post=15095"},{"taxonomy":"product_tag","embeddable":true,"href":"https:\/\/flanca.si\/de\/wp-json\/wp\/v2\/product_tag?post=15095"}],"curies":[{"name":"wp","href":"https:\/\/api.w.org\/{rel}","templated":true}]}}