{"id":15092,"date":"2020-02-10T10:11:03","date_gmt":"2020-02-10T09:11:03","guid":{"rendered":"https:\/\/flanca.si\/izdelek\/neuhaus-substrat-n8-70l\/"},"modified":"2025-04-16T18:49:28","modified_gmt":"2025-04-16T16:49:28","slug":"neuhaus-substrat-n8-70l","status":"publish","type":"product","link":"https:\/\/flanca.si\/de\/produkt\/neuhaus-substrat-n8-70l\/","title":{"rendered":"Neuhaus Substrat N8 70L"},"content":{"rendered":"<p>Substrat N8 ist ein professionelles Gartenbausubstrat auf der Basis von hochwertigem Torf mit einem h\u00f6heren Tonanteil, das f\u00fcr den Anbau von einj\u00e4hrigen Zierpflanzen, Balkonpflanzen, T\u00f6pfen, Gem\u00fcse und Topfpflanzen bestimmt ist. Durch den hohen Anteil an Schwarztorf enth\u00e4lt er viele Humins\u00e4uren, hat eine gr\u00f6\u00dfere Kapazit\u00e4t f\u00fcr Wasser. Das Substrat enth\u00e4lt einen Anfangsgehalt an langsam wirkendem Startd\u00fcnger. Das Substrat wird mit einer Menge von 70 l pro Beutel verpackt.<\/p>\n","protected":false},"excerpt":{"rendered":"<ul>\n<li>Professioneller Untergrund<\/li>\n<li>Geeignet f\u00fcr Einj\u00e4hrige, Balkonblumen, Gem\u00fcsepflanzen, Topfpflanzen,&#8230;<\/li>\n<li>Gute Wasserkapazit\u00e4t.<\/li>\n<li>70l\/Sack Substrat<\/li>\n<\/ul>\n<h4><strong>Verpackt zu 1 St\u00fcck!<\/strong><\/h4>\n","protected":false},"featured_media":22712,"template":"","meta":{"site-sidebar-layout":"default","site-content-layout":"default","ast-site-content-layout":"default","site-content-style":"default","site-sidebar-style":"default","ast-global-header-display":"","ast-banner-title-visibility":"","ast-main-header-display":"","ast-hfb-above-header-display":"","ast-hfb-below-header-display":"","ast-hfb-mobile-header-display":"","site-post-title":"","ast-breadcrumbs-content":"","ast-featured-img":"","footer-sml-layout":"","ast-disable-related-posts":"","theme-transparent-header-meta":"default","adv-header-id-meta":"","stick-header-meta":"default","header-above-stick-meta":"","header-main-stick-meta":"","header-below-stick-meta":"","astra-migrate-meta-layouts":"default","ast-page-background-enabled":"default","ast-page-background-meta":{"desktop":{"background-color":"","background-image":"","background-repeat":"repeat","background-position":"center center","background-size":"auto","background-attachment":"scroll","background-type":"","background-media":"","overlay-type":"","overlay-color":"","overlay-opacity":"","overlay-gradient":""},"tablet":{"background-color":"","background-image":"","background-repeat":"repeat","background-position":"center center","background-size":"auto","background-attachment":"scroll","background-type":"","background-media":"","overlay-type":"","overlay-color":"","overlay-opacity":"","overlay-gradient":""},"mobile":{"background-color":"","background-image":"","background-repeat":"repeat","background-position":"center center","background-size":"auto","background-attachment":"scroll","background-type":"","background-media":"","overlay-type":"","overlay-color":"","overlay-opacity":"","overlay-gradient":""}},"ast-content-background-meta":{"desktop":{"background-color":"var(--ast-global-color-5)","background-image":"","background-repeat":"repeat","background-position":"center center","background-size":"auto","background-attachment":"scroll","background-type":"","background-media":"","overlay-type":"","overlay-color":"","overlay-opacity":"","overlay-gradient":""},"tablet":{"background-color":"var(--ast-global-color-5)","background-image":"","background-repeat":"repeat","background-position":"center center","background-size":"auto","background-attachment":"scroll","background-type":"","background-media":"","overlay-type":"","overlay-color":"","overlay-opacity":"","overlay-gradient":""},"mobile":{"background-color":"var(--ast-global-color-5)","background-image":"","background-repeat":"repeat","background-position":"center center","background-size":"auto","background-attachment":"scroll","background-type":"","background-media":"","overlay-type":"","overlay-color":"","overlay-opacity":"","overlay-gradient":""}}},"product_brand":[],"product_cat":[1112],"product_tag":[869,898,900],"class_list":{"0":"post-15092","1":"product","2":"type-product","3":"status-publish","4":"has-post-thumbnail","6":"product_cat-substrate","7":"product_tag-fernlicht","8":"product_tag-garten","9":"product_tag-substrat-de","10":"product_shipping_class-personliche-abholung","11":"desktop-align-left","12":"tablet-align-left","13":"mobile-align-left","14":"ast-product-gallery-layout-horizontal","15":"ast-product-gallery-with-no-image","16":"ast-product-tabs-layout-horizontal","17":"ast-qv-on-image","19":"first","20":"instock","21":"taxable","22":"shipping-taxable","23":"purchasable","24":"product-type-simple"},"aioseo_notices":[],"_links":{"self":[{"href":"https:\/\/flanca.si\/de\/wp-json\/wp\/v2\/product\/15092","targetHints":{"allow":["GET"]}}],"collection":[{"href":"https:\/\/flanca.si\/de\/wp-json\/wp\/v2\/product"}],"about":[{"href":"https:\/\/flanca.si\/de\/wp-json\/wp\/v2\/types\/product"}],"wp:featuredmedia":[{"embeddable":true,"href":"https:\/\/flanca.si\/de\/wp-json\/wp\/v2\/media\/22712"}],"wp:attachment":[{"href":"https:\/\/flanca.si\/de\/wp-json\/wp\/v2\/media?parent=15092"}],"wp:term":[{"taxonomy":"product_brand","embeddable":true,"href":"https:\/\/flanca.si\/de\/wp-json\/wp\/v2\/product_brand?post=15092"},{"taxonomy":"product_cat","embeddable":true,"href":"https:\/\/flanca.si\/de\/wp-json\/wp\/v2\/product_cat?post=15092"},{"taxonomy":"product_tag","embeddable":true,"href":"https:\/\/flanca.si\/de\/wp-json\/wp\/v2\/product_tag?post=15092"}],"curies":[{"name":"wp","href":"https:\/\/api.w.org\/{rel}","templated":true}]}}