{"id":15090,"date":"2020-02-10T10:23:34","date_gmt":"2020-02-10T09:23:34","guid":{"rendered":"https:\/\/flanca.si\/izdelek\/humushuegel-aus-regenwuermern\/"},"modified":"2025-01-15T10:04:35","modified_gmt":"2025-01-15T09:04:35","slug":"humushuegel-aus-regenwuermern","status":"publish","type":"product","link":"https:\/\/flanca.si\/de\/produkt\/humushuegel-aus-regenwuermern\/","title":{"rendered":"Humush\u00fcgel aus Regenw\u00fcrmern"},"content":{"rendered":"<p>Der D\u00fcnger ist f\u00fcr den Einsatz im \u00f6kologischen Landbau zugelassen. Es wird bei der Vorbereitung von Substraten und Erde zum Umpflanzen verwendet: 10-25% Humus werden dem vorbereiteten Boden oder Substrat zugesetzt. Bei der Zugabe zum Beet wird Humus entlang der Wurzelklumpe zugef\u00fchrt, er kann direkt an den Wurzeln liegen oder er kann flach in den Wurzelwachstumsbereich eingebettet werden. Versuchen Sie bei der Zugabe es flach unter der Oberfl\u00e4che einzubetten, da Hitze und UV-Strahlen Mikroorganismen im Humus abt\u00f6ten und N\u00e4hrstoffe schlechter in den Bodenkomplex gelangen. Der D\u00fcnger ist vollst\u00e4ndig organisch, ausgewogen, geruchlos und hat ein hohes mikrobiologisches Potenzial. Beschleunigt das Wachstum und die Bl\u00fcte sowie das Fruchtwachstum. Erh\u00f6ht die nat\u00fcrliche Widerstandsf\u00e4higkeit der Pflanzen gegen Stress und Krankheiten. Es ist n\u00fctzlich f\u00fcr alle Gem\u00fcsesorten, Kr\u00e4uter, Fruchtpflanzen sowie Obst- und Zierpflanzen. Verpackt ist es in einem 20 l Sack.<\/p>\n","protected":false},"excerpt":{"rendered":"<ul>\n<li>100 % nat\u00fcrlicher D\u00fcnger, der in der \u00f6kologischen Produktion zugelassen ist<\/li>\n<li>Beschleunigt das Wachstum und die Bl\u00fcte sowie das Fruchtwachstum.<\/li>\n<li>wirkt schnell und verz\u00f6gert von organisch gebundenen N\u00e4hrstoffen<\/li>\n<li>erh\u00f6ht die nat\u00fcrliche Widerstandsf\u00e4higkeit der Pflanzen gegen Stress und Krankheiten<\/li>\n<li>Es ist n\u00fctzlich f\u00fcr alle Gem\u00fcsesorten, Kr\u00e4uter, Fruchtpflanzen sowie Obst- und Zierpflanzen.<\/li>\n<li>Humus wird dem Gartenboden zugesetzt, dem Boden in den Tr\u00f6gen zugesetzt,&#8230;<\/li>\n<\/ul>\n<h4><strong>Verpackt in 1 St\u00fcck (20L)!<\/strong><\/h4>\n","protected":false},"featured_media":22715,"template":"","meta":{"site-sidebar-layout":"default","site-content-layout":"default","ast-site-content-layout":"default","site-content-style":"default","site-sidebar-style":"default","ast-global-header-display":"","ast-banner-title-visibility":"","ast-main-header-display":"","ast-hfb-above-header-display":"","ast-hfb-below-header-display":"","ast-hfb-mobile-header-display":"","site-post-title":"","ast-breadcrumbs-content":"","ast-featured-img":"","footer-sml-layout":"","ast-disable-related-posts":"","theme-transparent-header-meta":"default","adv-header-id-meta":"","stick-header-meta":"default","header-above-stick-meta":"","header-main-stick-meta":"","header-below-stick-meta":"","astra-migrate-meta-layouts":"default","ast-page-background-enabled":"default","ast-page-background-meta":{"desktop":{"background-color":"","background-image":"","background-repeat":"repeat","background-position":"center center","background-size":"auto","background-attachment":"scroll","background-type":"","background-media":"","overlay-type":"","overlay-color":"","overlay-opacity":"","overlay-gradient":""},"tablet":{"background-color":"","background-image":"","background-repeat":"repeat","background-position":"center center","background-size":"auto","background-attachment":"scroll","background-type":"","background-media":"","overlay-type":"","overlay-color":"","overlay-opacity":"","overlay-gradient":""},"mobile":{"background-color":"","background-image":"","background-repeat":"repeat","background-position":"center center","background-size":"auto","background-attachment":"scroll","background-type":"","background-media":"","overlay-type":"","overlay-color":"","overlay-opacity":"","overlay-gradient":""}},"ast-content-background-meta":{"desktop":{"background-color":"var(--ast-global-color-5)","background-image":"","background-repeat":"repeat","background-position":"center center","background-size":"auto","background-attachment":"scroll","background-type":"","background-media":"","overlay-type":"","overlay-color":"","overlay-opacity":"","overlay-gradient":""},"tablet":{"background-color":"var(--ast-global-color-5)","background-image":"","background-repeat":"repeat","background-position":"center center","background-size":"auto","background-attachment":"scroll","background-type":"","background-media":"","overlay-type":"","overlay-color":"","overlay-opacity":"","overlay-gradient":""},"mobile":{"background-color":"var(--ast-global-color-5)","background-image":"","background-repeat":"repeat","background-position":"center center","background-size":"auto","background-attachment":"scroll","background-type":"","background-media":"","overlay-type":"","overlay-color":"","overlay-opacity":"","overlay-gradient":""}}},"product_brand":[],"product_cat":[904],"product_tag":[901,898,1210,900],"class_list":{"0":"post-15090","1":"product","2":"type-product","3":"status-publish","4":"has-post-thumbnail","6":"product_cat-dungemittel","7":"product_tag-dunger","8":"product_tag-garten","9":"product_tag-regenwurmer","10":"product_tag-substrat-de","11":"product_shipping_class-personliche-abholung","12":"desktop-align-left","13":"tablet-align-left","14":"mobile-align-left","15":"ast-product-gallery-layout-horizontal","16":"ast-product-tabs-layout-horizontal","17":"ast-qv-on-image","19":"first","20":"instock","21":"taxable","22":"shipping-taxable","23":"purchasable","24":"product-type-simple"},"aioseo_notices":[],"_links":{"self":[{"href":"https:\/\/flanca.si\/de\/wp-json\/wp\/v2\/product\/15090","targetHints":{"allow":["GET"]}}],"collection":[{"href":"https:\/\/flanca.si\/de\/wp-json\/wp\/v2\/product"}],"about":[{"href":"https:\/\/flanca.si\/de\/wp-json\/wp\/v2\/types\/product"}],"wp:featuredmedia":[{"embeddable":true,"href":"https:\/\/flanca.si\/de\/wp-json\/wp\/v2\/media\/22715"}],"wp:attachment":[{"href":"https:\/\/flanca.si\/de\/wp-json\/wp\/v2\/media?parent=15090"}],"wp:term":[{"taxonomy":"product_brand","embeddable":true,"href":"https:\/\/flanca.si\/de\/wp-json\/wp\/v2\/product_brand?post=15090"},{"taxonomy":"product_cat","embeddable":true,"href":"https:\/\/flanca.si\/de\/wp-json\/wp\/v2\/product_cat?post=15090"},{"taxonomy":"product_tag","embeddable":true,"href":"https:\/\/flanca.si\/de\/wp-json\/wp\/v2\/product_tag?post=15090"}],"curies":[{"name":"wp","href":"https:\/\/api.w.org\/{rel}","templated":true}]}}