{"id":15080,"date":"2019-12-05T08:52:45","date_gmt":"2019-12-05T07:52:45","guid":{"rendered":"https:\/\/flanca.si\/izdelek\/salanova-roter-salat\/"},"modified":"2019-12-05T08:52:45","modified_gmt":"2019-12-05T07:52:45","slug":"salanova-roter-salat","status":"publish","type":"product","link":"https:\/\/flanca.si\/de\/produkt\/salanova-roter-salat\/","title":{"rendered":"Salanova roter Salat"},"content":{"rendered":"<p>Salatsorte Salanova mit roten Bl\u00e4ttern, die an Schmetterlingsfl\u00fcgel erinnern. Sie bildet eine mittlere bis gro\u00dfe Rosette. Der Boden der Rosette ist flach. Interessant ist er vor allem wegen seines Kontrasts, den er zu Salatmischungen hinzuf\u00fcgt. Die Zubereitung ist einfach und schnell. Die Bl\u00e4tter der Rosette sind nur durch einen Schnitt getrennt. Sie eignet sich f\u00fcr den ganzj\u00e4hrigen Anbau, \u00fcberwintert aber nicht.  <\/p>\n","protected":false},"excerpt":{"rendered":"<ul>\n<li>weichbl\u00e4ttrig, rotbl\u00e4ttrig<\/li>\n<li>kleine Salatbl\u00e4tter<\/li>\n<li>Ganzj\u00e4hrige Produktion<\/li>\n<li>Schneiden, waschen, servieren<\/li>\n<li>ausgezeichneter Geschmack<\/li>\n<\/ul>\n<h4><strong>Jeweils 6 Setzlinge verpackt!<\/strong><\/h4>\n","protected":false},"featured_media":12305,"template":"","meta":{"site-sidebar-layout":"default","site-content-layout":"default","ast-site-content-layout":"default","site-content-style":"default","site-sidebar-style":"default","ast-global-header-display":"","ast-banner-title-visibility":"","ast-main-header-display":"","ast-hfb-above-header-display":"","ast-hfb-below-header-display":"","ast-hfb-mobile-header-display":"","site-post-title":"","ast-breadcrumbs-content":"","ast-featured-img":"","footer-sml-layout":"","ast-disable-related-posts":"","theme-transparent-header-meta":"default","adv-header-id-meta":"","stick-header-meta":"default","header-above-stick-meta":"","header-main-stick-meta":"","header-below-stick-meta":"","astra-migrate-meta-layouts":"default","ast-page-background-enabled":"default","ast-page-background-meta":{"desktop":{"background-color":"","background-image":"","background-repeat":"repeat","background-position":"center center","background-size":"auto","background-attachment":"scroll","background-type":"","background-media":"","overlay-type":"","overlay-color":"","overlay-opacity":"","overlay-gradient":""},"tablet":{"background-color":"","background-image":"","background-repeat":"repeat","background-position":"center center","background-size":"auto","background-attachment":"scroll","background-type":"","background-media":"","overlay-type":"","overlay-color":"","overlay-opacity":"","overlay-gradient":""},"mobile":{"background-color":"","background-image":"","background-repeat":"repeat","background-position":"center center","background-size":"auto","background-attachment":"scroll","background-type":"","background-media":"","overlay-type":"","overlay-color":"","overlay-opacity":"","overlay-gradient":""}},"ast-content-background-meta":{"desktop":{"background-color":"var(--ast-global-color-5)","background-image":"","background-repeat":"repeat","background-position":"center center","background-size":"auto","background-attachment":"scroll","background-type":"","background-media":"","overlay-type":"","overlay-color":"","overlay-opacity":"","overlay-gradient":""},"tablet":{"background-color":"var(--ast-global-color-5)","background-image":"","background-repeat":"repeat","background-position":"center center","background-size":"auto","background-attachment":"scroll","background-type":"","background-media":"","overlay-type":"","overlay-color":"","overlay-opacity":"","overlay-gradient":""},"mobile":{"background-color":"var(--ast-global-color-5)","background-image":"","background-repeat":"repeat","background-position":"center center","background-size":"auto","background-attachment":"scroll","background-type":"","background-media":"","overlay-type":"","overlay-color":"","overlay-opacity":"","overlay-gradient":""}}},"product_brand":[],"product_cat":[865],"product_tag":[1203,1200,1201],"class_list":{"0":"post-15080","1":"product","2":"type-product","3":"status-publish","4":"has-post-thumbnail","6":"product_cat-salate","7":"product_tag-ganzjahriger-salat","8":"product_tag-roter-salat","9":"product_tag-salatschneider","10":"desktop-align-left","11":"tablet-align-left","12":"mobile-align-left","13":"ast-product-gallery-layout-horizontal","14":"ast-product-tabs-layout-horizontal","15":"ast-qv-on-image","17":"first","18":"outofstock","19":"taxable","20":"shipping-taxable","21":"purchasable","22":"product-type-simple"},"aioseo_notices":[],"_links":{"self":[{"href":"https:\/\/flanca.si\/de\/wp-json\/wp\/v2\/product\/15080","targetHints":{"allow":["GET"]}}],"collection":[{"href":"https:\/\/flanca.si\/de\/wp-json\/wp\/v2\/product"}],"about":[{"href":"https:\/\/flanca.si\/de\/wp-json\/wp\/v2\/types\/product"}],"wp:featuredmedia":[{"embeddable":true,"href":"https:\/\/flanca.si\/de\/wp-json\/wp\/v2\/media\/12305"}],"wp:attachment":[{"href":"https:\/\/flanca.si\/de\/wp-json\/wp\/v2\/media?parent=15080"}],"wp:term":[{"taxonomy":"product_brand","embeddable":true,"href":"https:\/\/flanca.si\/de\/wp-json\/wp\/v2\/product_brand?post=15080"},{"taxonomy":"product_cat","embeddable":true,"href":"https:\/\/flanca.si\/de\/wp-json\/wp\/v2\/product_cat?post=15080"},{"taxonomy":"product_tag","embeddable":true,"href":"https:\/\/flanca.si\/de\/wp-json\/wp\/v2\/product_tag?post=15080"}],"curies":[{"name":"wp","href":"https:\/\/api.w.org\/{rel}","templated":true}]}}