{"id":15078,"date":"2019-12-03T17:14:37","date_gmt":"2019-12-03T16:14:37","guid":{"rendered":"https:\/\/flanca.si\/izdelek\/nichtjuedischer-salat\/"},"modified":"2019-12-03T17:14:37","modified_gmt":"2019-12-03T16:14:37","slug":"nichtjuedischer-salat","status":"publish","type":"product","link":"https:\/\/flanca.si\/de\/produkt\/nichtjuedischer-salat\/","title":{"rendered":"Nichtj\u00fcdischer Salat"},"content":{"rendered":"<p>Gentile Sorte, die f\u00fcr den Anbau im Sp\u00e4therbst, Winter und fr\u00fchen Fr\u00fchjahr bestimmt ist. Gentile ist eine Rosettensorte Salat, die keine K\u00f6pfe bildet. Geeignet f\u00fcr den Anbau in einem gesch\u00fctzten Bereich (Gew\u00e4chshaus, niedriger Tunnel oder mit Faserfolie bedeckt) Die Pflanze bildet eine verbrauchte, gut gef\u00fcllte offene Rosette von hellgr\u00fcner Farbe mit lockigen Bl\u00e4ttern. Geeignet f\u00fcr die Bepflanzung in Hochbeeten, Tr\u00f6gen und im Garten.  <\/p>\n","protected":false},"excerpt":{"rendered":"<ul>\n<li>kurze Vegetationsperiode<\/li>\n<li>sehr schmackhaft<\/li>\n<li>Geeignet f\u00fcr jedes Klima<\/li>\n<li>Gentile Sorte, die f\u00fcr den Herbst-, Winter- und zeitigen Fr\u00fchling geeignet ist<\/li>\n<\/ul>\n<h4><strong>Verpackt f\u00fcr 9 S\u00e4mlinge!<\/strong><\/h4>\n","protected":false},"featured_media":13465,"template":"","meta":{"site-sidebar-layout":"default","site-content-layout":"default","ast-site-content-layout":"default","site-content-style":"default","site-sidebar-style":"default","ast-global-header-display":"","ast-banner-title-visibility":"","ast-main-header-display":"","ast-hfb-above-header-display":"","ast-hfb-below-header-display":"","ast-hfb-mobile-header-display":"","site-post-title":"","ast-breadcrumbs-content":"","ast-featured-img":"","footer-sml-layout":"","ast-disable-related-posts":"","theme-transparent-header-meta":"default","adv-header-id-meta":"","stick-header-meta":"default","header-above-stick-meta":"","header-main-stick-meta":"","header-below-stick-meta":"","astra-migrate-meta-layouts":"default","ast-page-background-enabled":"default","ast-page-background-meta":{"desktop":{"background-color":"","background-image":"","background-repeat":"repeat","background-position":"center center","background-size":"auto","background-attachment":"scroll","background-type":"","background-media":"","overlay-type":"","overlay-color":"","overlay-opacity":"","overlay-gradient":""},"tablet":{"background-color":"","background-image":"","background-repeat":"repeat","background-position":"center center","background-size":"auto","background-attachment":"scroll","background-type":"","background-media":"","overlay-type":"","overlay-color":"","overlay-opacity":"","overlay-gradient":""},"mobile":{"background-color":"","background-image":"","background-repeat":"repeat","background-position":"center center","background-size":"auto","background-attachment":"scroll","background-type":"","background-media":"","overlay-type":"","overlay-color":"","overlay-opacity":"","overlay-gradient":""}},"ast-content-background-meta":{"desktop":{"background-color":"var(--ast-global-color-5)","background-image":"","background-repeat":"repeat","background-position":"center center","background-size":"auto","background-attachment":"scroll","background-type":"","background-media":"","overlay-type":"","overlay-color":"","overlay-opacity":"","overlay-gradient":""},"tablet":{"background-color":"var(--ast-global-color-5)","background-image":"","background-repeat":"repeat","background-position":"center center","background-size":"auto","background-attachment":"scroll","background-type":"","background-media":"","overlay-type":"","overlay-color":"","overlay-opacity":"","overlay-gradient":""},"mobile":{"background-color":"var(--ast-global-color-5)","background-image":"","background-repeat":"repeat","background-position":"center center","background-size":"auto","background-attachment":"scroll","background-type":"","background-media":"","overlay-type":"","overlay-color":"","overlay-opacity":"","overlay-gradient":""}}},"product_brand":[],"product_cat":[865],"product_tag":[1203,1177],"class_list":{"0":"post-15078","1":"product","2":"type-product","3":"status-publish","4":"has-post-thumbnail","6":"product_cat-salate","7":"product_tag-ganzjahriger-salat","8":"product_tag-salat-sellerie","9":"desktop-align-left","10":"tablet-align-left","11":"mobile-align-left","12":"ast-product-gallery-layout-horizontal","13":"ast-product-tabs-layout-horizontal","14":"ast-qv-on-image","16":"first","17":"instock","18":"featured","19":"taxable","20":"shipping-taxable","21":"purchasable","22":"product-type-simple"},"aioseo_notices":[],"_links":{"self":[{"href":"https:\/\/flanca.si\/de\/wp-json\/wp\/v2\/product\/15078","targetHints":{"allow":["GET"]}}],"collection":[{"href":"https:\/\/flanca.si\/de\/wp-json\/wp\/v2\/product"}],"about":[{"href":"https:\/\/flanca.si\/de\/wp-json\/wp\/v2\/types\/product"}],"wp:featuredmedia":[{"embeddable":true,"href":"https:\/\/flanca.si\/de\/wp-json\/wp\/v2\/media\/13465"}],"wp:attachment":[{"href":"https:\/\/flanca.si\/de\/wp-json\/wp\/v2\/media?parent=15078"}],"wp:term":[{"taxonomy":"product_brand","embeddable":true,"href":"https:\/\/flanca.si\/de\/wp-json\/wp\/v2\/product_brand?post=15078"},{"taxonomy":"product_cat","embeddable":true,"href":"https:\/\/flanca.si\/de\/wp-json\/wp\/v2\/product_cat?post=15078"},{"taxonomy":"product_tag","embeddable":true,"href":"https:\/\/flanca.si\/de\/wp-json\/wp\/v2\/product_tag?post=15078"}],"curies":[{"name":"wp","href":"https:\/\/api.w.org\/{rel}","templated":true}]}}