{"id":14996,"date":"2024-12-09T11:11:04","date_gmt":"2024-12-09T10:11:04","guid":{"rendered":"https:\/\/flanca.si\/izdelek\/weisse-forsythie-abeliophyllum-distichum-roseum\/"},"modified":"2024-12-09T11:11:04","modified_gmt":"2024-12-09T10:11:04","slug":"weisse-forsythie-abeliophyllum-distichum-roseum","status":"publish","type":"product","link":"https:\/\/flanca.si\/de\/produkt\/weisse-forsythie-abeliophyllum-distichum-roseum\/","title":{"rendered":"Wei\u00dfe Forsythie &#8211; Abeliophyllum distichum &#8218;Roseum&#8216;"},"content":{"rendered":"<p><strong>Abeliophyllum distichum &#8218;Roseum&#8216;<\/strong>, auch bekannt als wei\u00dfe Forsythie, ist ein seltener Laubstrauch, der im Fr\u00fchling mit seinen zarten, blassrosa Bl\u00fcten verzaubert, die sich in der Bl\u00fcte allm\u00e4hlich wei\u00df f\u00e4rben. Die Bl\u00fcten, die denen von Forsythien \u00e4hneln, verstr\u00f6men einen angenehm s\u00fc\u00dflichen Duft, der diese Pflanze f\u00fcr den Garten noch attraktiver macht. Der Strauch erreicht eine H\u00f6he von 1\u20131,5 Metern und hat dichte, leicht h\u00e4ngende \u00c4ste.<\/p>\n<p>Sie w\u00e4chst am besten an sonnigen oder halbschattigen Standorten, in gut durchl\u00e4ssigen und n\u00e4hrstoffreichen B\u00f6den. Sie ist k\u00e4lteresistent, aber in sehr kalten Gebieten empfiehlt es sich, sie in windabgewandter Lage zu pflanzen. Gie\u00dfen ist in Trockenperioden notwendig, aber ansonsten ist es unpr\u00e4tenti\u00f6s zu pflegen.<\/p>\n<p>Der R\u00fcckschnitt erfolgt unmittelbar nach der Bl\u00fcte, um die Form zu erhalten und ein st\u00e4rkeres Wachstum f\u00fcr die n\u00e4chste Saison zu stimulieren.<\/p>\n<p><strong>Abeliophyllum &#8218;Roseum&#8216;<\/strong> ist ideal f\u00fcr kleinere G\u00e4rten, in denen Sie im zeitigen Fr\u00fchling einen Hauch von Farbe einbringen m\u00f6chten. Sie k\u00f6nnen sie als Solit\u00e4rpflanze oder in Kombination mit anderen fr\u00fchbl\u00fchenden Str\u00e4uchern pflanzen. Seine duftende und elegante Bl\u00fctenkrone wird eine wahre Augenweide sein.<\/p>\n","protected":false},"excerpt":{"rendered":"<ul>\n<li><strong>Abeliophyllum distichum &#8218;Roseum&#8216;<\/strong><\/li>\n<li><strong>Kompakter Wuchs<\/strong> \u2013 Erreicht eine H\u00f6he und Breite von ca. 1,5 Metern, geeignet f\u00fcr kleinere G\u00e4rten und Blumenbeete.<\/li>\n<li><strong>\u00dcppige Bl\u00fcte<\/strong> \u2013 Leuchtend rosa Bl\u00fcten bedecken die Zweige im zeitigen Fr\u00fchjahr, noch bevor sie die Bl\u00e4tter bilden.<\/li>\n<li><strong>Winterh\u00e4rte<\/strong> \u2013 Die Pflanze ist resistent gegen K\u00e4lte und Trockenheit und gedeiht in einer Vielzahl von Bodenarten. In sehr kalten Klimazonen wird eine Pflanzung in Lee empfohlen.<\/li>\n<li><strong>Pflegeleicht<\/strong> \u2013 Minimale Pflege, der R\u00fcckschnitt erfolgt nach der Bl\u00fcte, um die Form zu erhalten.<\/li>\n<li><strong>Vielseitig einsetzbar<\/strong> \u2013 Wird f\u00fcr Gruppenpflanzungen oder als Akzent in Randbeeten verwendet.<\/li>\n<\/ul>\n","protected":false},"featured_media":14786,"template":"","meta":{"site-sidebar-layout":"default","site-content-layout":"","ast-site-content-layout":"default","site-content-style":"default","site-sidebar-style":"default","ast-global-header-display":"","ast-banner-title-visibility":"","ast-main-header-display":"","ast-hfb-above-header-display":"","ast-hfb-below-header-display":"","ast-hfb-mobile-header-display":"","site-post-title":"","ast-breadcrumbs-content":"","ast-featured-img":"","footer-sml-layout":"","ast-disable-related-posts":"","theme-transparent-header-meta":"default","adv-header-id-meta":"","stick-header-meta":"default","header-above-stick-meta":"","header-main-stick-meta":"","header-below-stick-meta":"","astra-migrate-meta-layouts":"default","ast-page-background-enabled":"default","ast-page-background-meta":{"desktop":{"background-color":"","background-image":"","background-repeat":"repeat","background-position":"center center","background-size":"auto","background-attachment":"scroll","background-type":"","background-media":"","overlay-type":"","overlay-color":"","overlay-opacity":"","overlay-gradient":""},"tablet":{"background-color":"","background-image":"","background-repeat":"repeat","background-position":"center center","background-size":"auto","background-attachment":"scroll","background-type":"","background-media":"","overlay-type":"","overlay-color":"","overlay-opacity":"","overlay-gradient":""},"mobile":{"background-color":"","background-image":"","background-repeat":"repeat","background-position":"center center","background-size":"auto","background-attachment":"scroll","background-type":"","background-media":"","overlay-type":"","overlay-color":"","overlay-opacity":"","overlay-gradient":""}},"ast-content-background-meta":{"desktop":{"background-color":"var(--ast-global-color-5)","background-image":"","background-repeat":"repeat","background-position":"center center","background-size":"auto","background-attachment":"scroll","background-type":"","background-media":"","overlay-type":"","overlay-color":"","overlay-opacity":"","overlay-gradient":""},"tablet":{"background-color":"var(--ast-global-color-5)","background-image":"","background-repeat":"repeat","background-position":"center center","background-size":"auto","background-attachment":"scroll","background-type":"","background-media":"","overlay-type":"","overlay-color":"","overlay-opacity":"","overlay-gradient":""},"mobile":{"background-color":"var(--ast-global-color-5)","background-image":"","background-repeat":"repeat","background-position":"center center","background-size":"auto","background-attachment":"scroll","background-type":"","background-media":"","overlay-type":"","overlay-color":"","overlay-opacity":"","overlay-gradient":""}}},"product_brand":[],"product_cat":[960],"product_tag":[1086,1188,1072],"class_list":{"0":"post-14996","1":"product","2":"type-product","3":"status-publish","4":"has-post-thumbnail","6":"product_cat-straucher-und-baume","7":"product_tag-bluhender-strauch","8":"product_tag-feder","9":"product_tag-gelb","10":"desktop-align-left","11":"tablet-align-left","12":"mobile-align-left","13":"ast-product-gallery-layout-horizontal","14":"ast-product-gallery-with-no-image","15":"ast-product-tabs-layout-horizontal","16":"ast-qv-on-image","18":"first","19":"outofstock","20":"taxable","21":"shipping-taxable","22":"purchasable","23":"product-type-simple"},"aioseo_notices":[],"_links":{"self":[{"href":"https:\/\/flanca.si\/de\/wp-json\/wp\/v2\/product\/14996","targetHints":{"allow":["GET"]}}],"collection":[{"href":"https:\/\/flanca.si\/de\/wp-json\/wp\/v2\/product"}],"about":[{"href":"https:\/\/flanca.si\/de\/wp-json\/wp\/v2\/types\/product"}],"wp:featuredmedia":[{"embeddable":true,"href":"https:\/\/flanca.si\/de\/wp-json\/wp\/v2\/media\/14786"}],"wp:attachment":[{"href":"https:\/\/flanca.si\/de\/wp-json\/wp\/v2\/media?parent=14996"}],"wp:term":[{"taxonomy":"product_brand","embeddable":true,"href":"https:\/\/flanca.si\/de\/wp-json\/wp\/v2\/product_brand?post=14996"},{"taxonomy":"product_cat","embeddable":true,"href":"https:\/\/flanca.si\/de\/wp-json\/wp\/v2\/product_cat?post=14996"},{"taxonomy":"product_tag","embeddable":true,"href":"https:\/\/flanca.si\/de\/wp-json\/wp\/v2\/product_tag?post=14996"}],"curies":[{"name":"wp","href":"https:\/\/api.w.org\/{rel}","templated":true}]}}