{"id":14985,"date":"2024-09-30T08:05:35","date_gmt":"2024-09-30T06:05:35","guid":{"rendered":"https:\/\/flanca.si\/izdelek\/kiwi-atlas-eine-maennliche-pflanze\/"},"modified":"2024-09-30T08:05:35","modified_gmt":"2024-09-30T06:05:35","slug":"kiwi-atlas-eine-maennliche-pflanze","status":"publish","type":"product","link":"https:\/\/flanca.si\/de\/produkt\/kiwi-atlas-eine-maennliche-pflanze\/","title":{"rendered":"Kiwi Atlas &#8211; eine m\u00e4nnliche Pflanze"},"content":{"rendered":"<p><strong>Kiwi Atlas ist eine m\u00e4nnliche<\/strong> <strong>dickfruchtige Kiwipflanze und ist ein universeller Best\u00e4uber von dickfruchtigen Kiwis.<\/strong> Sie gedeiht auf leicht sauren B\u00f6den. Bauen Sie es als Standseilbahn in Form eines Spaliers an. Sie bl\u00fcht im Monat Mai mit wei\u00dfen Bl\u00fcten. Es ist ein universeller Best\u00e4uber f\u00fcr die meisten Sorten dickfruchtiger Kiwis. Es werden zwischen 2 und 4 weibliche Pflanzen gepflanzt.<\/p>\n<p>H\u00f6he des oberirdischen Teils der Pflanze: ca. 30cm<\/p>\n","protected":false},"excerpt":{"rendered":"<ul>\n<li><em>Actinidia deliciosa &#8218;Atlas&#8216;<\/em><\/li>\n<li>Dickfruchtige Kiwi<\/li>\n<li>Fr\u00fcchte sind leicht behaart<\/li>\n<li><strong>m\u00e4nnliche Pflanze, Best\u00e4uber<\/strong><\/li>\n<li>Sie wird zwischen 2-4 weiblichen Pflanzen gepflanzt<\/li>\n<li>geht schnell in die Fruchtbarkeit \u00fcber<\/li>\n<li>vertr\u00e4gt niedrige Temperaturen gut<\/li>\n<li>H\u00f6he des S\u00e4mlings: 30cm<\/li>\n<\/ul>\n<h3><strong>Verpackt 1 S\u00e4mling auf einmal!<\/strong><\/h3>\n","protected":false},"featured_media":14747,"template":"","meta":{"site-sidebar-layout":"default","site-content-layout":"default","ast-site-content-layout":"default","site-content-style":"default","site-sidebar-style":"default","ast-global-header-display":"","ast-banner-title-visibility":"","ast-main-header-display":"","ast-hfb-above-header-display":"","ast-hfb-below-header-display":"","ast-hfb-mobile-header-display":"","site-post-title":"","ast-breadcrumbs-content":"","ast-featured-img":"","footer-sml-layout":"","ast-disable-related-posts":"","theme-transparent-header-meta":"default","adv-header-id-meta":"","stick-header-meta":"default","header-above-stick-meta":"","header-main-stick-meta":"","header-below-stick-meta":"","astra-migrate-meta-layouts":"default","ast-page-background-enabled":"default","ast-page-background-meta":{"desktop":{"background-color":"","background-image":"","background-repeat":"repeat","background-position":"center center","background-size":"auto","background-attachment":"scroll","background-type":"","background-media":"","overlay-type":"","overlay-color":"","overlay-opacity":"","overlay-gradient":""},"tablet":{"background-color":"","background-image":"","background-repeat":"repeat","background-position":"center center","background-size":"auto","background-attachment":"scroll","background-type":"","background-media":"","overlay-type":"","overlay-color":"","overlay-opacity":"","overlay-gradient":""},"mobile":{"background-color":"","background-image":"","background-repeat":"repeat","background-position":"center center","background-size":"auto","background-attachment":"scroll","background-type":"","background-media":"","overlay-type":"","overlay-color":"","overlay-opacity":"","overlay-gradient":""}},"ast-content-background-meta":{"desktop":{"background-color":"var(--ast-global-color-5)","background-image":"","background-repeat":"repeat","background-position":"center center","background-size":"auto","background-attachment":"scroll","background-type":"","background-media":"","overlay-type":"","overlay-color":"","overlay-opacity":"","overlay-gradient":""},"tablet":{"background-color":"var(--ast-global-color-5)","background-image":"","background-repeat":"repeat","background-position":"center center","background-size":"auto","background-attachment":"scroll","background-type":"","background-media":"","overlay-type":"","overlay-color":"","overlay-opacity":"","overlay-gradient":""},"mobile":{"background-color":"var(--ast-global-color-5)","background-image":"","background-repeat":"repeat","background-position":"center center","background-size":"auto","background-attachment":"scroll","background-type":"","background-media":"","overlay-type":"","overlay-color":"","overlay-opacity":"","overlay-gradient":""}}},"product_brand":[],"product_cat":[1031],"product_tag":[1119,989,916,1009],"class_list":{"0":"post-14985","1":"product","2":"type-product","3":"status-publish","4":"has-post-thumbnail","6":"product_cat-andere-beeren","7":"product_tag-kiwi","8":"product_tag-kuche","9":"product_tag-obst","10":"product_tag-vitamine","11":"desktop-align-left","12":"tablet-align-left","13":"mobile-align-left","14":"ast-product-gallery-layout-horizontal","15":"ast-product-tabs-layout-horizontal","16":"ast-qv-on-image","18":"first","19":"instock","20":"taxable","21":"shipping-taxable","22":"purchasable","23":"product-type-simple"},"aioseo_notices":[],"_links":{"self":[{"href":"https:\/\/flanca.si\/de\/wp-json\/wp\/v2\/product\/14985","targetHints":{"allow":["GET"]}}],"collection":[{"href":"https:\/\/flanca.si\/de\/wp-json\/wp\/v2\/product"}],"about":[{"href":"https:\/\/flanca.si\/de\/wp-json\/wp\/v2\/types\/product"}],"wp:featuredmedia":[{"embeddable":true,"href":"https:\/\/flanca.si\/de\/wp-json\/wp\/v2\/media\/14747"}],"wp:attachment":[{"href":"https:\/\/flanca.si\/de\/wp-json\/wp\/v2\/media?parent=14985"}],"wp:term":[{"taxonomy":"product_brand","embeddable":true,"href":"https:\/\/flanca.si\/de\/wp-json\/wp\/v2\/product_brand?post=14985"},{"taxonomy":"product_cat","embeddable":true,"href":"https:\/\/flanca.si\/de\/wp-json\/wp\/v2\/product_cat?post=14985"},{"taxonomy":"product_tag","embeddable":true,"href":"https:\/\/flanca.si\/de\/wp-json\/wp\/v2\/product_tag?post=14985"}],"curies":[{"name":"wp","href":"https:\/\/api.w.org\/{rel}","templated":true}]}}