{"id":14966,"date":"2024-09-17T07:44:34","date_gmt":"2024-09-17T05:44:34","guid":{"rendered":"https:\/\/flanca.si\/izdelek\/pak-choi\/"},"modified":"2024-09-17T07:44:34","modified_gmt":"2024-09-17T05:44:34","slug":"pak-choi","status":"publish","type":"product","link":"https:\/\/flanca.si\/de\/produkt\/pak-choi\/","title":{"rendered":"Pak Choi"},"content":{"rendered":"<p>Pak Choi (Brassica rapa var. chinensis), auch bekannt als Pekingkohl, ist ein schnell nachwachsendes Gem\u00fcse, das vor allem in der asiatischen K\u00fcche verwendet wird. Die Pflanze bildet dichte Rosetten aus glatten, fleischigen, dunkelgr\u00fcnen Bl\u00e4ttern, die auf dicken, wei\u00dfen Blattstielen stehen. Die Bl\u00e4tter sind leicht bitter und die Stiele sind knusprig und saftig, was Pak Choi ideal f\u00fcr Salate, Pfannengerichte oder zum D\u00e4mpfen macht.<\/p>\n<p>Pak Choi ist einfach anzubauen, da sie in feuchtem, gut durchl\u00e4ssigem Boden und an sonnigen oder halbschattigen Standorten gedeiht. Es ist wichtig, den Boden gleichm\u00e4\u00dfig feucht zu halten, da Trockenheit dazu f\u00fchren kann, dass die Pflanze zu schnell bl\u00fcht. Die Pflanze vertr\u00e4gt k\u00fchlere Temperaturen gut, so dass sie im Fr\u00fchjahr oder Herbst ges\u00e4t werden kann, wenn die Temperaturen niedriger sind.<\/p>\n<p>Pak Choi ist ein vielseitiges Gem\u00fcse, das roh in Salaten, blanchiert oder ger\u00f6stet in Gerichten verwendet werden kann. Aufgrund ihres schnellen Wachstums und ihres hohen Ertrags ist sie eine beliebte Wahl in Gem\u00fcseg\u00e4rten, insbesondere bei denen, die eine schnelle Ernte von frischem Gem\u00fcse w\u00fcnschen.<\/p>\n","protected":false},"excerpt":{"rendered":"<ul>\n<li>Wir pflanzen im Sp\u00e4tsommer und Herbst<\/li>\n<li>Ernte eineinhalb Monate nach dem Umtopfen<\/li>\n<li>n\u00fctzlich in der asiatischen K\u00fcche<\/li>\n<\/ul>\n<h4><strong>Verpackt f\u00fcr 9 S\u00e4mlinge!<\/strong><\/h4>\n","protected":false},"featured_media":14697,"template":"","meta":{"site-sidebar-layout":"default","site-content-layout":"default","ast-site-content-layout":"default","site-content-style":"default","site-sidebar-style":"default","ast-global-header-display":"","ast-banner-title-visibility":"","ast-main-header-display":"","ast-hfb-above-header-display":"","ast-hfb-below-header-display":"","ast-hfb-mobile-header-display":"","site-post-title":"","ast-breadcrumbs-content":"","ast-featured-img":"","footer-sml-layout":"","ast-disable-related-posts":"","theme-transparent-header-meta":"default","adv-header-id-meta":"","stick-header-meta":"default","header-above-stick-meta":"","header-main-stick-meta":"","header-below-stick-meta":"","astra-migrate-meta-layouts":"default","ast-page-background-enabled":"default","ast-page-background-meta":{"desktop":{"background-color":"","background-image":"","background-repeat":"repeat","background-position":"center center","background-size":"auto","background-attachment":"scroll","background-type":"","background-media":"","overlay-type":"","overlay-color":"","overlay-opacity":"","overlay-gradient":""},"tablet":{"background-color":"","background-image":"","background-repeat":"repeat","background-position":"center center","background-size":"auto","background-attachment":"scroll","background-type":"","background-media":"","overlay-type":"","overlay-color":"","overlay-opacity":"","overlay-gradient":""},"mobile":{"background-color":"","background-image":"","background-repeat":"repeat","background-position":"center center","background-size":"auto","background-attachment":"scroll","background-type":"","background-media":"","overlay-type":"","overlay-color":"","overlay-opacity":"","overlay-gradient":""}},"ast-content-background-meta":{"desktop":{"background-color":"var(--ast-global-color-5)","background-image":"","background-repeat":"repeat","background-position":"center center","background-size":"auto","background-attachment":"scroll","background-type":"","background-media":"","overlay-type":"","overlay-color":"","overlay-opacity":"","overlay-gradient":""},"tablet":{"background-color":"var(--ast-global-color-5)","background-image":"","background-repeat":"repeat","background-position":"center center","background-size":"auto","background-attachment":"scroll","background-type":"","background-media":"","overlay-type":"","overlay-color":"","overlay-opacity":"","overlay-gradient":""},"mobile":{"background-color":"var(--ast-global-color-5)","background-image":"","background-repeat":"repeat","background-position":"center center","background-size":"auto","background-attachment":"scroll","background-type":"","background-media":"","overlay-type":"","overlay-color":"","overlay-opacity":"","overlay-gradient":""}}},"product_brand":[],"product_cat":[927],"product_tag":[1159,929,1177],"class_list":{"0":"post-14966","1":"product","2":"type-product","3":"status-publish","4":"has-post-thumbnail","6":"product_cat-kohl","7":"product_tag-kohl-de","8":"product_tag-kohl","9":"product_tag-salat-sellerie","10":"desktop-align-left","11":"tablet-align-left","12":"mobile-align-left","13":"ast-product-gallery-layout-horizontal","14":"ast-product-gallery-with-no-image","15":"ast-product-tabs-layout-horizontal","16":"ast-qv-on-image","18":"first","19":"outofstock","20":"taxable","21":"shipping-taxable","22":"purchasable","23":"product-type-simple"},"aioseo_notices":[],"_links":{"self":[{"href":"https:\/\/flanca.si\/de\/wp-json\/wp\/v2\/product\/14966","targetHints":{"allow":["GET"]}}],"collection":[{"href":"https:\/\/flanca.si\/de\/wp-json\/wp\/v2\/product"}],"about":[{"href":"https:\/\/flanca.si\/de\/wp-json\/wp\/v2\/types\/product"}],"wp:featuredmedia":[{"embeddable":true,"href":"https:\/\/flanca.si\/de\/wp-json\/wp\/v2\/media\/14697"}],"wp:attachment":[{"href":"https:\/\/flanca.si\/de\/wp-json\/wp\/v2\/media?parent=14966"}],"wp:term":[{"taxonomy":"product_brand","embeddable":true,"href":"https:\/\/flanca.si\/de\/wp-json\/wp\/v2\/product_brand?post=14966"},{"taxonomy":"product_cat","embeddable":true,"href":"https:\/\/flanca.si\/de\/wp-json\/wp\/v2\/product_cat?post=14966"},{"taxonomy":"product_tag","embeddable":true,"href":"https:\/\/flanca.si\/de\/wp-json\/wp\/v2\/product_tag?post=14966"}],"curies":[{"name":"wp","href":"https:\/\/api.w.org\/{rel}","templated":true}]}}