{"id":14965,"date":"2024-09-16T13:52:12","date_gmt":"2024-09-16T11:52:12","guid":{"rendered":"https:\/\/flanca.si\/izdelek\/herbst-astern-weiss\/"},"modified":"2024-09-16T13:52:12","modified_gmt":"2024-09-16T11:52:12","slug":"herbst-astern-weiss","status":"publish","type":"product","link":"https:\/\/flanca.si\/de\/produkt\/herbst-astern-weiss\/","title":{"rendered":"Herbst-Astern wei\u00df"},"content":{"rendered":"<p>Im Herbst herrschen auf den Blumenbeeten die Astern, die mit ihren bunten Bl\u00fcten die letzten Bienen und die zufriedenen Blicke der G\u00e4rtner anlocken. Die violett-bl\u00e4ulichen Farbt\u00f6ne der Bl\u00fcten stechen im Herbstlicht hervor. Astern sind keine anspruchsvollen Zierpflanzen, da sie sowohl an sonnigen als auch an halbschattigen Standorten, in gew\u00f6hnlicher Gartenerde, ohne besondere Pflege mit N\u00e4hrstoffen, gedeihen. Sie eignen sich f\u00fcr verschiedene Teile des Gartens, f\u00fcr Steing\u00e4rten, f\u00fcr den Hintergrund \u00fcppig bepflanzter Beete und eignen sich besonders sch\u00f6n f\u00fcr Ziergr\u00e4ser, da beide Pflanzengruppen in der gleichen Zeit ihren H\u00f6hepunkt erreichen. Neue Belgische Astern, oder glattbl\u00e4ttrige Astern, wie sie von Fachleuten auch genannt werden, erreichen eine H\u00f6he von etwa 1 m. Auch wenn glattbl\u00e4ttrige Astern buschiger werden, tut es ihnen gut, wenn wir ihnen bis Juni mindestens einmal die Spitze abschneiden und so ihren Wuchs verzweigen. Im Herbst k\u00f6nnen sie als Bl\u00fctenpflanze in Pflanzungen verwendet werden, und im Fr\u00fchjahr k\u00f6nnen sie in ein Blumenbeet umgepflanzt werden. <\/p>\n","protected":false},"excerpt":{"rendered":"<ul>\n<li>stauden<\/li>\n<li>Herbstbl\u00fcte<\/li>\n<li>wei\u00dfe Bl\u00fcten<\/li>\n<li>unpr\u00e4tenti\u00f6se Stauden<\/li>\n<\/ul>\n<h4><strong>Verpackt 1 S\u00e4mling auf einmal!<\/strong><\/h4>\n","protected":false},"featured_media":14679,"template":"","meta":{"site-sidebar-layout":"default","site-content-layout":"default","ast-site-content-layout":"default","site-content-style":"default","site-sidebar-style":"default","ast-global-header-display":"","ast-banner-title-visibility":"","ast-main-header-display":"","ast-hfb-above-header-display":"","ast-hfb-below-header-display":"","ast-hfb-mobile-header-display":"","site-post-title":"","ast-breadcrumbs-content":"","ast-featured-img":"","footer-sml-layout":"","ast-disable-related-posts":"","theme-transparent-header-meta":"default","adv-header-id-meta":"","stick-header-meta":"default","header-above-stick-meta":"","header-main-stick-meta":"","header-below-stick-meta":"","astra-migrate-meta-layouts":"default","ast-page-background-enabled":"default","ast-page-background-meta":{"desktop":{"background-color":"","background-image":"","background-repeat":"repeat","background-position":"center center","background-size":"auto","background-attachment":"scroll","background-type":"","background-media":"","overlay-type":"","overlay-color":"","overlay-opacity":"","overlay-gradient":""},"tablet":{"background-color":"","background-image":"","background-repeat":"repeat","background-position":"center center","background-size":"auto","background-attachment":"scroll","background-type":"","background-media":"","overlay-type":"","overlay-color":"","overlay-opacity":"","overlay-gradient":""},"mobile":{"background-color":"","background-image":"","background-repeat":"repeat","background-position":"center center","background-size":"auto","background-attachment":"scroll","background-type":"","background-media":"","overlay-type":"","overlay-color":"","overlay-opacity":"","overlay-gradient":""}},"ast-content-background-meta":{"desktop":{"background-color":"var(--ast-global-color-5)","background-image":"","background-repeat":"repeat","background-position":"center center","background-size":"auto","background-attachment":"scroll","background-type":"","background-media":"","overlay-type":"","overlay-color":"","overlay-opacity":"","overlay-gradient":""},"tablet":{"background-color":"var(--ast-global-color-5)","background-image":"","background-repeat":"repeat","background-position":"center center","background-size":"auto","background-attachment":"scroll","background-type":"","background-media":"","overlay-type":"","overlay-color":"","overlay-opacity":"","overlay-gradient":""},"mobile":{"background-color":"var(--ast-global-color-5)","background-image":"","background-repeat":"repeat","background-position":"center center","background-size":"auto","background-attachment":"scroll","background-type":"","background-media":"","overlay-type":"","overlay-color":"","overlay-opacity":"","overlay-gradient":""}}},"product_brand":[],"product_cat":[925],"product_tag":[1160,1172,875],"class_list":{"0":"post-14965","1":"product","2":"type-product","3":"status-publish","4":"has-post-thumbnail","6":"product_cat-pflanzen-fur-troge-und-beete","7":"product_tag-herbst","8":"product_tag-herbstliche-pflanzungen","9":"product_tag-stauden","10":"desktop-align-left","11":"tablet-align-left","12":"mobile-align-left","13":"ast-product-gallery-layout-horizontal","14":"ast-product-gallery-with-no-image","15":"ast-product-tabs-layout-horizontal","16":"ast-qv-on-image","18":"first","19":"outofstock","20":"taxable","21":"shipping-taxable","22":"purchasable","23":"product-type-simple"},"aioseo_notices":[],"_links":{"self":[{"href":"https:\/\/flanca.si\/de\/wp-json\/wp\/v2\/product\/14965","targetHints":{"allow":["GET"]}}],"collection":[{"href":"https:\/\/flanca.si\/de\/wp-json\/wp\/v2\/product"}],"about":[{"href":"https:\/\/flanca.si\/de\/wp-json\/wp\/v2\/types\/product"}],"wp:featuredmedia":[{"embeddable":true,"href":"https:\/\/flanca.si\/de\/wp-json\/wp\/v2\/media\/14679"}],"wp:attachment":[{"href":"https:\/\/flanca.si\/de\/wp-json\/wp\/v2\/media?parent=14965"}],"wp:term":[{"taxonomy":"product_brand","embeddable":true,"href":"https:\/\/flanca.si\/de\/wp-json\/wp\/v2\/product_brand?post=14965"},{"taxonomy":"product_cat","embeddable":true,"href":"https:\/\/flanca.si\/de\/wp-json\/wp\/v2\/product_cat?post=14965"},{"taxonomy":"product_tag","embeddable":true,"href":"https:\/\/flanca.si\/de\/wp-json\/wp\/v2\/product_tag?post=14965"}],"curies":[{"name":"wp","href":"https:\/\/api.w.org\/{rel}","templated":true}]}}