{"id":14953,"date":"2024-05-24T09:58:00","date_gmt":"2024-05-24T07:58:00","guid":{"rendered":"https:\/\/flanca.si\/izdelek\/eukalyptus-baby-blue\/"},"modified":"2024-05-24T09:58:00","modified_gmt":"2024-05-24T07:58:00","slug":"eukalyptus-baby-blue","status":"publish","type":"product","link":"https:\/\/flanca.si\/de\/produkt\/eukalyptus-baby-blue\/","title":{"rendered":"Eukalyptus &#8218;Baby Blue&#8216;"},"content":{"rendered":"<p>Eukalyptus oder Eukalyptus pulverulenta ist ein aufrechter, schnell wachsender, in bestimmten Klimazonen immergr\u00fcner Baum. Die Pflanze ist einfach zu z\u00fcchten. Die Bl\u00e4tter sind breit oval, glatt, silbergrau und duftend. Bl\u00fcten und Fr\u00fcchte erscheinen nur an erwachsenen Pflanzen. Sie w\u00e4chst auf m\u00e4\u00dfig trockenen, gut durchl\u00e4ssigen B\u00f6den an sonnigen Standorten. Sie vertr\u00e4gt periodische Trockenheit und Hitze gut. Im kontinentalen Klima Mitteleuropas ist sie nicht allzu winterhart, so dass es am besten ist, sie als Reservoir anzubauen. Die Stiele von Eukalyptusbl\u00e4ttern eignen sich hervorragend f\u00fcr Schnittblumenarrangements. Die attraktive, schuppige Rinde zeigt exquisite Formen und Muster am Hauptstamm \u00e4lterer Pflanzen.  <\/p>\n","protected":false},"excerpt":{"rendered":"<ul>\n<li><em>Eukalyptus pulverulenta<\/em><\/li>\n<li>attraktive \u00e4ltere Pflanzen<\/li>\n<li>Winterlose Pflanze in unserem Klima<\/li>\n<li>Bei niedrigen Temperaturen in Innenr\u00e4umen aufstellen<\/li>\n<li>Attraktive Dekoration mit einem Blumenarrangement<\/li>\n<\/ul>\n<h4><strong>Verpackt 1 S\u00e4mling auf einmal!<\/strong><\/h4>\n","protected":false},"featured_media":14620,"template":"","meta":{"site-sidebar-layout":"default","site-content-layout":"default","ast-site-content-layout":"default","site-content-style":"default","site-sidebar-style":"default","ast-global-header-display":"","ast-banner-title-visibility":"","ast-main-header-display":"","ast-hfb-above-header-display":"","ast-hfb-below-header-display":"","ast-hfb-mobile-header-display":"","site-post-title":"","ast-breadcrumbs-content":"","ast-featured-img":"","footer-sml-layout":"","ast-disable-related-posts":"","theme-transparent-header-meta":"default","adv-header-id-meta":"","stick-header-meta":"default","header-above-stick-meta":"","header-main-stick-meta":"","header-below-stick-meta":"","astra-migrate-meta-layouts":"default","ast-page-background-enabled":"default","ast-page-background-meta":{"desktop":{"background-color":"","background-image":"","background-repeat":"repeat","background-position":"center center","background-size":"auto","background-attachment":"scroll","background-type":"","background-media":"","overlay-type":"","overlay-color":"","overlay-opacity":"","overlay-gradient":""},"tablet":{"background-color":"","background-image":"","background-repeat":"repeat","background-position":"center center","background-size":"auto","background-attachment":"scroll","background-type":"","background-media":"","overlay-type":"","overlay-color":"","overlay-opacity":"","overlay-gradient":""},"mobile":{"background-color":"","background-image":"","background-repeat":"repeat","background-position":"center center","background-size":"auto","background-attachment":"scroll","background-type":"","background-media":"","overlay-type":"","overlay-color":"","overlay-opacity":"","overlay-gradient":""}},"ast-content-background-meta":{"desktop":{"background-color":"var(--ast-global-color-5)","background-image":"","background-repeat":"repeat","background-position":"center center","background-size":"auto","background-attachment":"scroll","background-type":"","background-media":"","overlay-type":"","overlay-color":"","overlay-opacity":"","overlay-gradient":""},"tablet":{"background-color":"var(--ast-global-color-5)","background-image":"","background-repeat":"repeat","background-position":"center center","background-size":"auto","background-attachment":"scroll","background-type":"","background-media":"","overlay-type":"","overlay-color":"","overlay-opacity":"","overlay-gradient":""},"mobile":{"background-color":"var(--ast-global-color-5)","background-image":"","background-repeat":"repeat","background-position":"center center","background-size":"auto","background-attachment":"scroll","background-type":"","background-media":"","overlay-type":"","overlay-color":"","overlay-opacity":"","overlay-gradient":""}}},"product_brand":[],"product_cat":[960],"product_tag":[1168,963],"class_list":{"0":"post-14953","1":"product","2":"type-product","3":"status-publish","4":"has-post-thumbnail","6":"product_cat-straucher-und-baume","7":"product_tag-eukalyptus","8":"product_tag-zierpflanze","9":"desktop-align-left","10":"tablet-align-left","11":"mobile-align-left","12":"ast-product-gallery-layout-horizontal","13":"ast-product-gallery-with-no-image","14":"ast-product-tabs-layout-horizontal","15":"ast-qv-on-image","17":"first","18":"instock","19":"taxable","20":"shipping-taxable","21":"purchasable","22":"product-type-simple"},"aioseo_notices":[],"_links":{"self":[{"href":"https:\/\/flanca.si\/de\/wp-json\/wp\/v2\/product\/14953","targetHints":{"allow":["GET"]}}],"collection":[{"href":"https:\/\/flanca.si\/de\/wp-json\/wp\/v2\/product"}],"about":[{"href":"https:\/\/flanca.si\/de\/wp-json\/wp\/v2\/types\/product"}],"wp:featuredmedia":[{"embeddable":true,"href":"https:\/\/flanca.si\/de\/wp-json\/wp\/v2\/media\/14620"}],"wp:attachment":[{"href":"https:\/\/flanca.si\/de\/wp-json\/wp\/v2\/media?parent=14953"}],"wp:term":[{"taxonomy":"product_brand","embeddable":true,"href":"https:\/\/flanca.si\/de\/wp-json\/wp\/v2\/product_brand?post=14953"},{"taxonomy":"product_cat","embeddable":true,"href":"https:\/\/flanca.si\/de\/wp-json\/wp\/v2\/product_cat?post=14953"},{"taxonomy":"product_tag","embeddable":true,"href":"https:\/\/flanca.si\/de\/wp-json\/wp\/v2\/product_tag?post=14953"}],"curies":[{"name":"wp","href":"https:\/\/api.w.org\/{rel}","templated":true}]}}