{"id":14943,"date":"2024-04-12T12:39:01","date_gmt":"2024-04-12T10:39:01","guid":{"rendered":"https:\/\/flanca.si\/izdelek\/gruenkohlkopf-eine-kreuzung-mit-kohl\/"},"modified":"2024-04-12T12:39:01","modified_gmt":"2024-04-12T10:39:01","slug":"gruenkohlkopf-eine-kreuzung-mit-kohl","status":"publish","type":"product","link":"https:\/\/flanca.si\/de\/produkt\/gruenkohlkopf-eine-kreuzung-mit-kohl\/","title":{"rendered":"Gr\u00fcnkohlkopf &#8211; eine Kreuzung mit Kohl"},"content":{"rendered":"<p>Cabbage Estrema ist eine aufregende Kreuzung aus Kohl und Gr\u00fcnkohl, die die besten Eigenschaften beider Pflanzen vereint. Dieses Hybridgem\u00fcse kombiniert die k\u00f6stliche S\u00fc\u00dfe von Gr\u00fcnkohl mit der knusprigen Textur von Kohl und schafft so ein einzigartiges Geschmacksprofil. Kohl Estrema ist bei G\u00e4rtnern aufgrund seiner Best\u00e4ndigkeit gegen kaltes Wetter und seiner hohen Produktivit\u00e4t beliebt. Dar\u00fcber hinaus ist es reich an N\u00e4hrstoffen, darunter Ballaststoffe, Vitamin C und Vitamin K, die zur allgemeinen Gesundheit beitragen. Kohl Estrema ist eine ausgezeichnete Wahl f\u00fcr G\u00e4rtner, die Abwechslung und Schmackhaftigkeit in ihrem Garten sowie schmackhafte und nahrhafte Pflanzen w\u00fcnschen.    <\/p>\n","protected":false},"excerpt":{"rendered":"<ul>\n<li>\u00c4hnliche Verwendung wie Kohl<\/li>\n<li>formt den Kopf<\/li>\n<li>Anbau im Fr\u00fchling und Herbst<\/li>\n<li>Extrem gesundes Gem\u00fcse<\/li>\n<li>reichhaltige Quelle f\u00fcr Kalium und andere Mineralien<\/li>\n<\/ul>\n<h4><strong>Verpackt f\u00fcr 9 S\u00e4mlinge!<\/strong><\/h4>\n","protected":false},"featured_media":14600,"template":"","meta":{"site-sidebar-layout":"default","site-content-layout":"default","ast-site-content-layout":"default","site-content-style":"default","site-sidebar-style":"default","ast-global-header-display":"","ast-banner-title-visibility":"","ast-main-header-display":"","ast-hfb-above-header-display":"","ast-hfb-below-header-display":"","ast-hfb-mobile-header-display":"","site-post-title":"","ast-breadcrumbs-content":"","ast-featured-img":"","footer-sml-layout":"","ast-disable-related-posts":"","theme-transparent-header-meta":"default","adv-header-id-meta":"","stick-header-meta":"default","header-above-stick-meta":"","header-main-stick-meta":"","header-below-stick-meta":"","astra-migrate-meta-layouts":"default","ast-page-background-enabled":"default","ast-page-background-meta":{"desktop":{"background-color":"","background-image":"","background-repeat":"repeat","background-position":"center center","background-size":"auto","background-attachment":"scroll","background-type":"","background-media":"","overlay-type":"","overlay-color":"","overlay-opacity":"","overlay-gradient":""},"tablet":{"background-color":"","background-image":"","background-repeat":"repeat","background-position":"center center","background-size":"auto","background-attachment":"scroll","background-type":"","background-media":"","overlay-type":"","overlay-color":"","overlay-opacity":"","overlay-gradient":""},"mobile":{"background-color":"","background-image":"","background-repeat":"repeat","background-position":"center center","background-size":"auto","background-attachment":"scroll","background-type":"","background-media":"","overlay-type":"","overlay-color":"","overlay-opacity":"","overlay-gradient":""}},"ast-content-background-meta":{"desktop":{"background-color":"var(--ast-global-color-5)","background-image":"","background-repeat":"repeat","background-position":"center center","background-size":"auto","background-attachment":"scroll","background-type":"","background-media":"","overlay-type":"","overlay-color":"","overlay-opacity":"","overlay-gradient":""},"tablet":{"background-color":"var(--ast-global-color-5)","background-image":"","background-repeat":"repeat","background-position":"center center","background-size":"auto","background-attachment":"scroll","background-type":"","background-media":"","overlay-type":"","overlay-color":"","overlay-opacity":"","overlay-gradient":""},"mobile":{"background-color":"var(--ast-global-color-5)","background-image":"","background-repeat":"repeat","background-position":"center center","background-size":"auto","background-attachment":"scroll","background-type":"","background-media":"","overlay-type":"","overlay-color":"","overlay-opacity":"","overlay-gradient":""}}},"product_brand":[],"product_cat":[927],"product_tag":[935,1160,1159,893,1009],"class_list":{"0":"post-14943","1":"product","2":"type-product","3":"status-publish","4":"has-post-thumbnail","6":"product_cat-kohl","7":"product_tag-grunkohl","8":"product_tag-herbst","9":"product_tag-kohl-de","10":"product_tag-sommer","11":"product_tag-vitamine","12":"desktop-align-left","13":"tablet-align-left","14":"mobile-align-left","15":"ast-product-gallery-layout-horizontal","16":"ast-product-gallery-with-no-image","17":"ast-product-tabs-layout-horizontal","18":"ast-qv-on-image","20":"first","21":"outofstock","22":"taxable","23":"shipping-taxable","24":"purchasable","25":"product-type-simple"},"aioseo_notices":[],"_links":{"self":[{"href":"https:\/\/flanca.si\/de\/wp-json\/wp\/v2\/product\/14943","targetHints":{"allow":["GET"]}}],"collection":[{"href":"https:\/\/flanca.si\/de\/wp-json\/wp\/v2\/product"}],"about":[{"href":"https:\/\/flanca.si\/de\/wp-json\/wp\/v2\/types\/product"}],"wp:featuredmedia":[{"embeddable":true,"href":"https:\/\/flanca.si\/de\/wp-json\/wp\/v2\/media\/14600"}],"wp:attachment":[{"href":"https:\/\/flanca.si\/de\/wp-json\/wp\/v2\/media?parent=14943"}],"wp:term":[{"taxonomy":"product_brand","embeddable":true,"href":"https:\/\/flanca.si\/de\/wp-json\/wp\/v2\/product_brand?post=14943"},{"taxonomy":"product_cat","embeddable":true,"href":"https:\/\/flanca.si\/de\/wp-json\/wp\/v2\/product_cat?post=14943"},{"taxonomy":"product_tag","embeddable":true,"href":"https:\/\/flanca.si\/de\/wp-json\/wp\/v2\/product_tag?post=14943"}],"curies":[{"name":"wp","href":"https:\/\/api.w.org\/{rel}","templated":true}]}}