{"id":14940,"date":"2024-04-20T07:13:40","date_gmt":"2024-04-20T05:13:40","guid":{"rendered":"https:\/\/flanca.si\/izdelek\/strauchrose-meibenbino\/"},"modified":"2024-04-20T07:13:40","modified_gmt":"2024-04-20T05:13:40","slug":"strauchrose-meibenbino","status":"publish","type":"product","link":"https:\/\/flanca.si\/de\/produkt\/strauchrose-meibenbino\/","title":{"rendered":"Strauchrose &#8218;Meibenbino&#8216;"},"content":{"rendered":"<p>Strauchrose, die sich aufgrund ihres kompakten Wuchses auch f\u00fcr Balkone eignet. Sie wird bis zu 40cm hoch. Sie bl\u00fcht von Mai bis Oktober. Die Bl\u00fcten sind gef\u00fcllt, rot gef\u00e4rbt und duftend. Sie erscheinen in Str\u00e4u\u00dfen mit 2 bis 5 Blumen. Eine Rosensorte, die extrem widerstandsf\u00e4hig gegen Krankheiten, K\u00e4lte und Trockenheit ist. Leuchtend rote Bl\u00fcten mit gr\u00fcnen Bl\u00e4ttern bilden einen perfekten Kontrast.    <\/p>\n","protected":false},"excerpt":{"rendered":"<ul>\n<li><em>Rosa hybrida &#8218;Rosa zepeti meibenbino&#8216;<\/em><\/li>\n<li>Zwergbuschiger Wuchs<\/li>\n<li>kleinere, gef\u00fcllte Bl\u00fcten<\/li>\n<li>intensiver roter Farbton<\/li>\n<li>Wuchsh\u00f6he ca. 30cm <\/li>\n<li>Bezaubernder Duft<\/li>\n<\/ul>\n","protected":false},"featured_media":14610,"template":"","meta":{"site-sidebar-layout":"default","site-content-layout":"","ast-site-content-layout":"default","site-content-style":"default","site-sidebar-style":"default","ast-global-header-display":"","ast-banner-title-visibility":"","ast-main-header-display":"","ast-hfb-above-header-display":"","ast-hfb-below-header-display":"","ast-hfb-mobile-header-display":"","site-post-title":"","ast-breadcrumbs-content":"","ast-featured-img":"","footer-sml-layout":"","ast-disable-related-posts":"","theme-transparent-header-meta":"default","adv-header-id-meta":"","stick-header-meta":"default","header-above-stick-meta":"","header-main-stick-meta":"","header-below-stick-meta":"","astra-migrate-meta-layouts":"default","ast-page-background-enabled":"default","ast-page-background-meta":{"desktop":{"background-color":"","background-image":"","background-repeat":"repeat","background-position":"center center","background-size":"auto","background-attachment":"scroll","background-type":"","background-media":"","overlay-type":"","overlay-color":"","overlay-opacity":"","overlay-gradient":""},"tablet":{"background-color":"","background-image":"","background-repeat":"repeat","background-position":"center center","background-size":"auto","background-attachment":"scroll","background-type":"","background-media":"","overlay-type":"","overlay-color":"","overlay-opacity":"","overlay-gradient":""},"mobile":{"background-color":"","background-image":"","background-repeat":"repeat","background-position":"center center","background-size":"auto","background-attachment":"scroll","background-type":"","background-media":"","overlay-type":"","overlay-color":"","overlay-opacity":"","overlay-gradient":""}},"ast-content-background-meta":{"desktop":{"background-color":"var(--ast-global-color-5)","background-image":"","background-repeat":"repeat","background-position":"center center","background-size":"auto","background-attachment":"scroll","background-type":"","background-media":"","overlay-type":"","overlay-color":"","overlay-opacity":"","overlay-gradient":""},"tablet":{"background-color":"var(--ast-global-color-5)","background-image":"","background-repeat":"repeat","background-position":"center center","background-size":"auto","background-attachment":"scroll","background-type":"","background-media":"","overlay-type":"","overlay-color":"","overlay-opacity":"","overlay-gradient":""},"mobile":{"background-color":"var(--ast-global-color-5)","background-image":"","background-repeat":"repeat","background-position":"center center","background-size":"auto","background-attachment":"scroll","background-type":"","background-media":"","overlay-type":"","overlay-color":"","overlay-opacity":"","overlay-gradient":""}}},"product_brand":[],"product_cat":[960],"product_tag":[],"class_list":{"0":"post-14940","1":"product","2":"type-product","3":"status-publish","4":"has-post-thumbnail","6":"product_cat-straucher-und-baume","7":"desktop-align-left","8":"tablet-align-left","9":"mobile-align-left","10":"ast-product-gallery-layout-horizontal","11":"ast-product-gallery-with-no-image","12":"ast-product-tabs-layout-horizontal","13":"ast-qv-on-image","15":"first","16":"outofstock","17":"taxable","18":"shipping-taxable","19":"purchasable","20":"product-type-simple"},"aioseo_notices":[],"_links":{"self":[{"href":"https:\/\/flanca.si\/de\/wp-json\/wp\/v2\/product\/14940","targetHints":{"allow":["GET"]}}],"collection":[{"href":"https:\/\/flanca.si\/de\/wp-json\/wp\/v2\/product"}],"about":[{"href":"https:\/\/flanca.si\/de\/wp-json\/wp\/v2\/types\/product"}],"wp:featuredmedia":[{"embeddable":true,"href":"https:\/\/flanca.si\/de\/wp-json\/wp\/v2\/media\/14610"}],"wp:attachment":[{"href":"https:\/\/flanca.si\/de\/wp-json\/wp\/v2\/media?parent=14940"}],"wp:term":[{"taxonomy":"product_brand","embeddable":true,"href":"https:\/\/flanca.si\/de\/wp-json\/wp\/v2\/product_brand?post=14940"},{"taxonomy":"product_cat","embeddable":true,"href":"https:\/\/flanca.si\/de\/wp-json\/wp\/v2\/product_cat?post=14940"},{"taxonomy":"product_tag","embeddable":true,"href":"https:\/\/flanca.si\/de\/wp-json\/wp\/v2\/product_tag?post=14940"}],"curies":[{"name":"wp","href":"https:\/\/api.w.org\/{rel}","templated":true}]}}