{"id":14933,"date":"2024-04-12T11:30:47","date_gmt":"2024-04-12T09:30:47","guid":{"rendered":"https:\/\/flanca.si\/izdelek\/veredelte-melone-retato\/"},"modified":"2024-04-12T11:30:47","modified_gmt":"2024-04-12T09:30:47","slug":"veredelte-melone-retato","status":"publish","type":"product","link":"https:\/\/flanca.si\/de\/produkt\/veredelte-melone-retato\/","title":{"rendered":"Veredelte Melone Retato"},"content":{"rendered":"<p>Durch das Pfropfen sind die Pflanzen widerstandsf\u00e4higer gegen Krankheiten, haben ein besseres Wachstum und einen h\u00f6heren Ertrag. Es handelt sich um eine fr\u00fche Sorte, das Fruchtfleisch ist saftig, knusprig, s\u00fc\u00df, aromatisch. Die Fr\u00fcchte erreichen eine Masse von 1 bis 2 kg. F\u00fcr ein gutes Wachstum ben\u00f6tigt sie einen sonnigen, warmen, humosen Standort mit ausreichend Feuchtigkeit. Eine bekannte Sorte, die mit einer Vielzahl von Wachstumsbedingungen gut zurechtkommt. Er wird im Freien gepflanzt, wenn sich der Boden bereits sehr gut erw\u00e4rmt hat. Empfohlen wird die zweite Maih\u00e4lfte. <\/p>\n","protected":false},"excerpt":{"rendered":"<ul>\n<li>\n<h4><strong>veredelter S\u00e4mling<\/strong><\/h4>\n<\/li>\n<li>Besseres Wachstum und besserer Ertrag<\/li>\n<li>Fr\u00fcchte wiegen 1-2 kg<\/li>\n<li>Das Fleisch ist knusprig, saftig, aromatisch<\/li>\n<li>sonnige, warme, humose Vegetation<\/li>\n<\/ul>\n<h4><strong>Verpackt 1 S\u00e4mling auf einmal!<\/strong><\/h4>\n","protected":false},"featured_media":14589,"template":"","meta":{"site-sidebar-layout":"default","site-content-layout":"default","ast-site-content-layout":"default","site-content-style":"default","site-sidebar-style":"default","ast-global-header-display":"","ast-banner-title-visibility":"","ast-main-header-display":"","ast-hfb-above-header-display":"","ast-hfb-below-header-display":"","ast-hfb-mobile-header-display":"","site-post-title":"","ast-breadcrumbs-content":"","ast-featured-img":"","footer-sml-layout":"","ast-disable-related-posts":"","theme-transparent-header-meta":"default","adv-header-id-meta":"","stick-header-meta":"default","header-above-stick-meta":"","header-main-stick-meta":"","header-below-stick-meta":"","astra-migrate-meta-layouts":"default","ast-page-background-enabled":"default","ast-page-background-meta":{"desktop":{"background-color":"","background-image":"","background-repeat":"repeat","background-position":"center center","background-size":"auto","background-attachment":"scroll","background-type":"","background-media":"","overlay-type":"","overlay-color":"","overlay-opacity":"","overlay-gradient":""},"tablet":{"background-color":"","background-image":"","background-repeat":"repeat","background-position":"center center","background-size":"auto","background-attachment":"scroll","background-type":"","background-media":"","overlay-type":"","overlay-color":"","overlay-opacity":"","overlay-gradient":""},"mobile":{"background-color":"","background-image":"","background-repeat":"repeat","background-position":"center center","background-size":"auto","background-attachment":"scroll","background-type":"","background-media":"","overlay-type":"","overlay-color":"","overlay-opacity":"","overlay-gradient":""}},"ast-content-background-meta":{"desktop":{"background-color":"var(--ast-global-color-5)","background-image":"","background-repeat":"repeat","background-position":"center center","background-size":"auto","background-attachment":"scroll","background-type":"","background-media":"","overlay-type":"","overlay-color":"","overlay-opacity":"","overlay-gradient":""},"tablet":{"background-color":"var(--ast-global-color-5)","background-image":"","background-repeat":"repeat","background-position":"center center","background-size":"auto","background-attachment":"scroll","background-type":"","background-media":"","overlay-type":"","overlay-color":"","overlay-opacity":"","overlay-gradient":""},"mobile":{"background-color":"var(--ast-global-color-5)","background-image":"","background-repeat":"repeat","background-position":"center center","background-size":"auto","background-attachment":"scroll","background-type":"","background-media":"","overlay-type":"","overlay-color":"","overlay-opacity":"","overlay-gradient":""}}},"product_brand":[],"product_cat":[1024],"product_tag":[1143],"class_list":{"0":"post-14933","1":"product","2":"type-product","3":"status-publish","4":"has-post-thumbnail","6":"product_cat-tomate","7":"product_tag-veredelter-samling","8":"desktop-align-left","9":"tablet-align-left","10":"mobile-align-left","11":"ast-product-gallery-layout-horizontal","12":"ast-product-gallery-with-no-image","13":"ast-product-tabs-layout-horizontal","14":"ast-qv-on-image","16":"first","17":"outofstock","18":"taxable","19":"shipping-taxable","20":"purchasable","21":"product-type-simple"},"aioseo_notices":[],"_links":{"self":[{"href":"https:\/\/flanca.si\/de\/wp-json\/wp\/v2\/product\/14933","targetHints":{"allow":["GET"]}}],"collection":[{"href":"https:\/\/flanca.si\/de\/wp-json\/wp\/v2\/product"}],"about":[{"href":"https:\/\/flanca.si\/de\/wp-json\/wp\/v2\/types\/product"}],"wp:featuredmedia":[{"embeddable":true,"href":"https:\/\/flanca.si\/de\/wp-json\/wp\/v2\/media\/14589"}],"wp:attachment":[{"href":"https:\/\/flanca.si\/de\/wp-json\/wp\/v2\/media?parent=14933"}],"wp:term":[{"taxonomy":"product_brand","embeddable":true,"href":"https:\/\/flanca.si\/de\/wp-json\/wp\/v2\/product_brand?post=14933"},{"taxonomy":"product_cat","embeddable":true,"href":"https:\/\/flanca.si\/de\/wp-json\/wp\/v2\/product_cat?post=14933"},{"taxonomy":"product_tag","embeddable":true,"href":"https:\/\/flanca.si\/de\/wp-json\/wp\/v2\/product_tag?post=14933"}],"curies":[{"name":"wp","href":"https:\/\/api.w.org\/{rel}","templated":true}]}}