{"id":14932,"date":"2024-03-20T11:27:40","date_gmt":"2024-03-20T10:27:40","guid":{"rendered":"https:\/\/flanca.si\/izdelek\/kugelfoermiges-ambra-auf-dem-stiel\/"},"modified":"2024-03-20T11:27:40","modified_gmt":"2024-03-20T10:27:40","slug":"kugelfoermiges-ambra-auf-dem-stiel","status":"publish","type":"product","link":"https:\/\/flanca.si\/de\/produkt\/kugelfoermiges-ambra-auf-dem-stiel\/","title":{"rendered":"Kugelf\u00f6rmiges Ambra &#8211; auf dem Stiel"},"content":{"rendered":"<p>Ambra oder Liquidambar ist ein dekorativer, mittelgro\u00dfer, aufrechter, buschiger und laubabwerfender Baum, der eine ziemlich ovale oder kugelf\u00f6rmige Krone und dunkelgr\u00fcne Bl\u00e4tter hat. Die endg\u00fcltige H\u00f6he des Baumes liegt zwischen zehn und zw\u00f6lf Metern, die Breite zwischen f\u00fcnf und sieben Metern. Ambra bl\u00fcht im April und Mai und hat lange und dunkelbraune Fr\u00fcchte. Es handelt sich um eine recht robuste und dankbare Art, die die st\u00e4dtische Umgebung, Trockenheit, Hitze und K\u00e4lte gut vertr\u00e4gt, weshalb sie an Promenaden, Einfahrten, Parkpl\u00e4tzen und an Stra\u00dfen, auf denen weniger Platz ist, beliebt ist. Es wird empfohlen, sie in Leelage zu pflanzen, da sie starke und h\u00e4ufige Winde nicht vertragen. Die H\u00f6he des S\u00e4mlings betr\u00e4gt 200cm.    <\/p>\n","protected":false},"excerpt":{"rendered":"<ul>\n<li><em>Liquidambar styraciflua \u0301Kaugummi \u0301<\/em><\/li>\n<li>Dekorativer Laubbaum<\/li>\n<li>Die Endh\u00f6he des Ambrovec betr\u00e4gt 10 bis 12 m<\/li>\n<li>vertr\u00e4gt st\u00e4dtische Umgebungen, Trockenheit, Hitze und K\u00e4lte gut<\/li>\n<\/ul>\n","protected":false},"featured_media":14554,"template":"","meta":{"site-sidebar-layout":"default","site-content-layout":"","ast-site-content-layout":"default","site-content-style":"default","site-sidebar-style":"default","ast-global-header-display":"","ast-banner-title-visibility":"","ast-main-header-display":"","ast-hfb-above-header-display":"","ast-hfb-below-header-display":"","ast-hfb-mobile-header-display":"","site-post-title":"","ast-breadcrumbs-content":"","ast-featured-img":"","footer-sml-layout":"","ast-disable-related-posts":"","theme-transparent-header-meta":"default","adv-header-id-meta":"","stick-header-meta":"default","header-above-stick-meta":"","header-main-stick-meta":"","header-below-stick-meta":"","astra-migrate-meta-layouts":"default","ast-page-background-enabled":"default","ast-page-background-meta":{"desktop":{"background-color":"","background-image":"","background-repeat":"repeat","background-position":"center center","background-size":"auto","background-attachment":"scroll","background-type":"","background-media":"","overlay-type":"","overlay-color":"","overlay-opacity":"","overlay-gradient":""},"tablet":{"background-color":"","background-image":"","background-repeat":"repeat","background-position":"center center","background-size":"auto","background-attachment":"scroll","background-type":"","background-media":"","overlay-type":"","overlay-color":"","overlay-opacity":"","overlay-gradient":""},"mobile":{"background-color":"","background-image":"","background-repeat":"repeat","background-position":"center center","background-size":"auto","background-attachment":"scroll","background-type":"","background-media":"","overlay-type":"","overlay-color":"","overlay-opacity":"","overlay-gradient":""}},"ast-content-background-meta":{"desktop":{"background-color":"var(--ast-global-color-5)","background-image":"","background-repeat":"repeat","background-position":"center center","background-size":"auto","background-attachment":"scroll","background-type":"","background-media":"","overlay-type":"","overlay-color":"","overlay-opacity":"","overlay-gradient":""},"tablet":{"background-color":"var(--ast-global-color-5)","background-image":"","background-repeat":"repeat","background-position":"center center","background-size":"auto","background-attachment":"scroll","background-type":"","background-media":"","overlay-type":"","overlay-color":"","overlay-opacity":"","overlay-gradient":""},"mobile":{"background-color":"var(--ast-global-color-5)","background-image":"","background-repeat":"repeat","background-position":"center center","background-size":"auto","background-attachment":"scroll","background-type":"","background-media":"","overlay-type":"","overlay-color":"","overlay-opacity":"","overlay-gradient":""}}},"product_brand":[],"product_cat":[960],"product_tag":[],"class_list":{"0":"post-14932","1":"product","2":"type-product","3":"status-publish","4":"has-post-thumbnail","6":"product_cat-straucher-und-baume","7":"product_shipping_class-personliche-abholung","8":"desktop-align-left","9":"tablet-align-left","10":"mobile-align-left","11":"ast-product-gallery-layout-horizontal","12":"ast-product-tabs-layout-horizontal","13":"ast-qv-on-image","15":"first","16":"instock","17":"sale","18":"taxable","19":"shipping-taxable","20":"purchasable","21":"product-type-simple"},"aioseo_notices":[],"_links":{"self":[{"href":"https:\/\/flanca.si\/de\/wp-json\/wp\/v2\/product\/14932","targetHints":{"allow":["GET"]}}],"collection":[{"href":"https:\/\/flanca.si\/de\/wp-json\/wp\/v2\/product"}],"about":[{"href":"https:\/\/flanca.si\/de\/wp-json\/wp\/v2\/types\/product"}],"wp:featuredmedia":[{"embeddable":true,"href":"https:\/\/flanca.si\/de\/wp-json\/wp\/v2\/media\/14554"}],"wp:attachment":[{"href":"https:\/\/flanca.si\/de\/wp-json\/wp\/v2\/media?parent=14932"}],"wp:term":[{"taxonomy":"product_brand","embeddable":true,"href":"https:\/\/flanca.si\/de\/wp-json\/wp\/v2\/product_brand?post=14932"},{"taxonomy":"product_cat","embeddable":true,"href":"https:\/\/flanca.si\/de\/wp-json\/wp\/v2\/product_cat?post=14932"},{"taxonomy":"product_tag","embeddable":true,"href":"https:\/\/flanca.si\/de\/wp-json\/wp\/v2\/product_tag?post=14932"}],"curies":[{"name":"wp","href":"https:\/\/api.w.org\/{rel}","templated":true}]}}