{"id":14923,"date":"2024-03-14T15:54:47","date_gmt":"2024-03-14T14:54:47","guid":{"rendered":"https:\/\/flanca.si\/izdelek\/aztekischer-suessstoff-lippia-dulcis\/"},"modified":"2024-03-14T15:54:47","modified_gmt":"2024-03-14T14:54:47","slug":"aztekischer-suessstoff-lippia-dulcis","status":"publish","type":"product","link":"https:\/\/flanca.si\/de\/produkt\/aztekischer-suessstoff-lippia-dulcis\/","title":{"rendered":"Aztekischer S\u00fc\u00dfstoff &#8218;Lippia dulcis&#8216;"},"content":{"rendered":"<p>Aztekischer S\u00fc\u00dfstrauch, Aztekischer S\u00fc\u00dfstoff oder S\u00fc\u00dflipia ist eine kriechende, mehrj\u00e4hrige Pflanze, die bis zu 30 cm hoch wird. Sie hat kleine gr\u00fcne, lanzettliche, ovale Bl\u00e4tter, die gezackt sind. Die Pflanze bl\u00fcht mit kleinen wei\u00dfen Bl\u00fcten. Wie der Name schon sagt, ist der aztekische S\u00fc\u00dfstrauch in Mittelamerika beheimatet. In der Natur kommt sie in Mexiko, Kuba und den Nachbarinseln vor. Sweet Lipia ist sehr einfach zu z\u00fcchten. Sie w\u00e4chst am besten auf gut durchl\u00e4ssigen, sandigen Lehmb\u00f6den. Sie genie\u00dft sonnige Standorte. Sie kann im Garten oder in verschiedenen Beh\u00e4ltern angebaut werden. Die St\u00e4ngel h\u00e4ngen leicht herab, so dass sie als Aufh\u00e4nger angebaut werden kann. Die Pflanze ist in ihrer Heimat eine mehrj\u00e4hrige Pflanze, aber bei uns \u00fcberwintert sie nicht im Freien, daher wird sie vor dem Frost an einen k\u00fchlen und m\u00f6glichst hellen Ort gebracht. Die Bl\u00e4tter haben ein minzartiges Aroma und enthalten den nat\u00fcrlichen S\u00fc\u00dfstoff Hernandulcin, der 1500-mal s\u00fc\u00dfer ist als wei\u00dfer Zucker. Getrocknete oder frische Bl\u00e4tter k\u00f6nnen zum S\u00fc\u00dfen von Tee und verschiedenen Desserts verwendet werden.    <\/p>\n","protected":false},"excerpt":{"rendered":"<ul>\n<li><em>Lippia dulcis<\/em><\/li>\n<li>Aztekischer S\u00fc\u00dfstoff<\/li>\n<li>Nicht im Freien \u00fcberwintern<\/li>\n<li>Nat\u00fcrlicher S\u00fc\u00dfstoff ohne Kalorien<\/li>\n<li>Die Bl\u00e4tter k\u00f6nnen zum S\u00fc\u00dfen von Tees und anderen Getr\u00e4nken verwendet werden<\/li>\n<\/ul>\n<h4><strong>Verpackt 1 S\u00e4mling auf einmal!<\/strong><\/h4>\n","protected":false},"featured_media":14454,"template":"","meta":{"site-sidebar-layout":"default","site-content-layout":"default","ast-site-content-layout":"default","site-content-style":"default","site-sidebar-style":"default","ast-global-header-display":"","ast-banner-title-visibility":"","ast-main-header-display":"","ast-hfb-above-header-display":"","ast-hfb-below-header-display":"","ast-hfb-mobile-header-display":"","site-post-title":"","ast-breadcrumbs-content":"","ast-featured-img":"","footer-sml-layout":"","ast-disable-related-posts":"","theme-transparent-header-meta":"default","adv-header-id-meta":"","stick-header-meta":"default","header-above-stick-meta":"","header-main-stick-meta":"","header-below-stick-meta":"","astra-migrate-meta-layouts":"default","ast-page-background-enabled":"default","ast-page-background-meta":{"desktop":{"background-color":"","background-image":"","background-repeat":"repeat","background-position":"center center","background-size":"auto","background-attachment":"scroll","background-type":"","background-media":"","overlay-type":"","overlay-color":"","overlay-opacity":"","overlay-gradient":""},"tablet":{"background-color":"","background-image":"","background-repeat":"repeat","background-position":"center center","background-size":"auto","background-attachment":"scroll","background-type":"","background-media":"","overlay-type":"","overlay-color":"","overlay-opacity":"","overlay-gradient":""},"mobile":{"background-color":"","background-image":"","background-repeat":"repeat","background-position":"center center","background-size":"auto","background-attachment":"scroll","background-type":"","background-media":"","overlay-type":"","overlay-color":"","overlay-opacity":"","overlay-gradient":""}},"ast-content-background-meta":{"desktop":{"background-color":"var(--ast-global-color-5)","background-image":"","background-repeat":"repeat","background-position":"center center","background-size":"auto","background-attachment":"scroll","background-type":"","background-media":"","overlay-type":"","overlay-color":"","overlay-opacity":"","overlay-gradient":""},"tablet":{"background-color":"var(--ast-global-color-5)","background-image":"","background-repeat":"repeat","background-position":"center center","background-size":"auto","background-attachment":"scroll","background-type":"","background-media":"","overlay-type":"","overlay-color":"","overlay-opacity":"","overlay-gradient":""},"mobile":{"background-color":"var(--ast-global-color-5)","background-image":"","background-repeat":"repeat","background-position":"center center","background-size":"auto","background-attachment":"scroll","background-type":"","background-media":"","overlay-type":"","overlay-color":"","overlay-opacity":"","overlay-gradient":""}}},"product_brand":[],"product_cat":[1002],"product_tag":[1127,1006,1126,1125],"class_list":{"0":"post-14923","1":"product","2":"type-product","3":"status-publish","4":"has-post-thumbnail","6":"product_cat-andere-krauter","7":"product_tag-hautpflege","8":"product_tag-heilpflanze","9":"product_tag-stevia-de","10":"product_tag-susstoff","11":"desktop-align-left","12":"tablet-align-left","13":"mobile-align-left","14":"ast-product-gallery-layout-horizontal","15":"ast-product-gallery-with-no-image","16":"ast-product-tabs-layout-horizontal","17":"ast-qv-on-image","19":"first","20":"outofstock","21":"taxable","22":"shipping-taxable","23":"purchasable","24":"product-type-simple"},"aioseo_notices":[],"_links":{"self":[{"href":"https:\/\/flanca.si\/de\/wp-json\/wp\/v2\/product\/14923","targetHints":{"allow":["GET"]}}],"collection":[{"href":"https:\/\/flanca.si\/de\/wp-json\/wp\/v2\/product"}],"about":[{"href":"https:\/\/flanca.si\/de\/wp-json\/wp\/v2\/types\/product"}],"wp:featuredmedia":[{"embeddable":true,"href":"https:\/\/flanca.si\/de\/wp-json\/wp\/v2\/media\/14454"}],"wp:attachment":[{"href":"https:\/\/flanca.si\/de\/wp-json\/wp\/v2\/media?parent=14923"}],"wp:term":[{"taxonomy":"product_brand","embeddable":true,"href":"https:\/\/flanca.si\/de\/wp-json\/wp\/v2\/product_brand?post=14923"},{"taxonomy":"product_cat","embeddable":true,"href":"https:\/\/flanca.si\/de\/wp-json\/wp\/v2\/product_cat?post=14923"},{"taxonomy":"product_tag","embeddable":true,"href":"https:\/\/flanca.si\/de\/wp-json\/wp\/v2\/product_tag?post=14923"}],"curies":[{"name":"wp","href":"https:\/\/api.w.org\/{rel}","templated":true}]}}