{"id":14918,"date":"2024-03-19T14:33:06","date_gmt":"2024-03-19T13:33:06","guid":{"rendered":"https:\/\/flanca.si\/izdelek\/jasmins-trompete-madame-galen\/"},"modified":"2024-03-19T14:33:06","modified_gmt":"2024-03-19T13:33:06","slug":"jasmins-trompete-madame-galen","status":"publish","type":"product","link":"https:\/\/flanca.si\/de\/produkt\/jasmins-trompete-madame-galen\/","title":{"rendered":"Jasmins Trompete &#8218;Madame Galen&#8216;"},"content":{"rendered":"<p>Die Trompetensorte Jasmin ist ein stark wachsendes Deckblatt, das 6 bis 8 Fu\u00df hoch wird. Im Sommer bildet sie B\u00fcschel aus rosa-orangefarbenen Trompetenbl\u00fcten, die bis zu 8 cm lang werden. Die Sorte zeichnet sich durch eine zuverl\u00e4ssigere Bl\u00fcte aus als die Basisart. Sie w\u00e4chst am besten an sonnigen, warmen und gesch\u00fctzten Standorten. Sie mag alle Arten von B\u00f6den, die feucht und gut durchl\u00e4ssig sind.<br \/>\nWie der Rest der Trompeten ist auch die Unterlage mit Luftwurzeln umwickelt. Schneiden Sie sie im sp\u00e4ten Winter oder zeitigen Fr\u00fchling zur\u00fcck.     <\/p>\n","protected":false},"excerpt":{"rendered":"<ul>\n<li><em>Campsis t. Madame Galen <\/em><\/li>\n<li>Laubabwerfende Standseilbahn<\/li>\n<li>bl\u00fcht mit orangefarbenen Trompetenbl\u00fcten<\/li>\n<li>n\u00fctzlich f\u00fcr das \u00dcberwuchern von Z\u00e4unen, Mauern<\/li>\n<\/ul>\n","protected":false},"featured_media":14538,"template":"","meta":{"site-sidebar-layout":"default","site-content-layout":"","ast-site-content-layout":"default","site-content-style":"default","site-sidebar-style":"default","ast-global-header-display":"","ast-banner-title-visibility":"","ast-main-header-display":"","ast-hfb-above-header-display":"","ast-hfb-below-header-display":"","ast-hfb-mobile-header-display":"","site-post-title":"","ast-breadcrumbs-content":"","ast-featured-img":"","footer-sml-layout":"","ast-disable-related-posts":"","theme-transparent-header-meta":"default","adv-header-id-meta":"","stick-header-meta":"default","header-above-stick-meta":"","header-main-stick-meta":"","header-below-stick-meta":"","astra-migrate-meta-layouts":"default","ast-page-background-enabled":"default","ast-page-background-meta":{"desktop":{"background-color":"","background-image":"","background-repeat":"repeat","background-position":"center center","background-size":"auto","background-attachment":"scroll","background-type":"","background-media":"","overlay-type":"","overlay-color":"","overlay-opacity":"","overlay-gradient":""},"tablet":{"background-color":"","background-image":"","background-repeat":"repeat","background-position":"center center","background-size":"auto","background-attachment":"scroll","background-type":"","background-media":"","overlay-type":"","overlay-color":"","overlay-opacity":"","overlay-gradient":""},"mobile":{"background-color":"","background-image":"","background-repeat":"repeat","background-position":"center center","background-size":"auto","background-attachment":"scroll","background-type":"","background-media":"","overlay-type":"","overlay-color":"","overlay-opacity":"","overlay-gradient":""}},"ast-content-background-meta":{"desktop":{"background-color":"var(--ast-global-color-5)","background-image":"","background-repeat":"repeat","background-position":"center center","background-size":"auto","background-attachment":"scroll","background-type":"","background-media":"","overlay-type":"","overlay-color":"","overlay-opacity":"","overlay-gradient":""},"tablet":{"background-color":"var(--ast-global-color-5)","background-image":"","background-repeat":"repeat","background-position":"center center","background-size":"auto","background-attachment":"scroll","background-type":"","background-media":"","overlay-type":"","overlay-color":"","overlay-opacity":"","overlay-gradient":""},"mobile":{"background-color":"var(--ast-global-color-5)","background-image":"","background-repeat":"repeat","background-position":"center center","background-size":"auto","background-attachment":"scroll","background-type":"","background-media":"","overlay-type":"","overlay-color":"","overlay-opacity":"","overlay-gradient":""}}},"product_brand":[],"product_cat":[],"product_tag":[946,1122,1121],"class_list":{"0":"post-14918","1":"product","2":"type-product","3":"status-publish","4":"has-post-thumbnail","6":"product_tag-bluhend","7":"product_tag-seilbahn","8":"product_tag-zaune","9":"desktop-align-left","10":"tablet-align-left","11":"mobile-align-left","12":"ast-product-gallery-layout-horizontal","13":"ast-product-gallery-with-no-image","14":"ast-product-tabs-layout-horizontal","15":"ast-qv-on-image","17":"first","18":"instock","19":"taxable","20":"shipping-taxable","21":"purchasable","22":"product-type-simple"},"aioseo_notices":[],"_links":{"self":[{"href":"https:\/\/flanca.si\/de\/wp-json\/wp\/v2\/product\/14918","targetHints":{"allow":["GET"]}}],"collection":[{"href":"https:\/\/flanca.si\/de\/wp-json\/wp\/v2\/product"}],"about":[{"href":"https:\/\/flanca.si\/de\/wp-json\/wp\/v2\/types\/product"}],"wp:featuredmedia":[{"embeddable":true,"href":"https:\/\/flanca.si\/de\/wp-json\/wp\/v2\/media\/14538"}],"wp:attachment":[{"href":"https:\/\/flanca.si\/de\/wp-json\/wp\/v2\/media?parent=14918"}],"wp:term":[{"taxonomy":"product_brand","embeddable":true,"href":"https:\/\/flanca.si\/de\/wp-json\/wp\/v2\/product_brand?post=14918"},{"taxonomy":"product_cat","embeddable":true,"href":"https:\/\/flanca.si\/de\/wp-json\/wp\/v2\/product_cat?post=14918"},{"taxonomy":"product_tag","embeddable":true,"href":"https:\/\/flanca.si\/de\/wp-json\/wp\/v2\/product_tag?post=14918"}],"curies":[{"name":"wp","href":"https:\/\/api.w.org\/{rel}","templated":true}]}}