{"id":14914,"date":"2024-02-16T10:19:24","date_gmt":"2024-02-16T09:19:24","guid":{"rendered":"https:\/\/flanca.si\/izdelek\/sibirische-heidelbeere-haskap-myberry-farm\/"},"modified":"2024-02-16T10:19:24","modified_gmt":"2024-02-16T09:19:24","slug":"sibirische-heidelbeere-haskap-myberry-farm","status":"publish","type":"product","link":"https:\/\/flanca.si\/de\/produkt\/sibirische-heidelbeere-haskap-myberry-farm\/","title":{"rendered":"Sibirische Heidelbeere (Haskap) &#8218;Myberry Farm&#8216;"},"content":{"rendered":"<p>Die Haskap-Erdbeere ist eine extrem widerstandsf\u00e4hige und unpr\u00e4tenti\u00f6se Pflanze. Es handelt sich um einen mehrj\u00e4hrigen Strauch, der bis zu 2 m hoch wird. Sein Name ist etwas irref\u00fchrend, da er nicht mit klassischen und amerikanischen Blaubeeren verwandt ist. Haskap-Erdbeerstr\u00e4ucher gedeihen in der Natur in Russland, China und auf der japanischen Insel Hokkaido. Sie gedeihen in gew\u00f6hnlicher Gartenerde. Sie bl\u00fchen sehr fr\u00fch, im M\u00e4rz, mit gelben Bl\u00fcten, und die Fr\u00fcchte reifen von Mai bis Juni. Bei einigen Sorten werden mindestens zwei verschiedene Sorten von Haskap-Beeren f\u00fcr die Best\u00e4ubung ben\u00f6tigt, es gibt auch selbstfruchtbare Sorten. Die volle Fruchtbildung erfolgt im vierten oder f\u00fcnften Jahr des S\u00e4mlings. Die Fr\u00fcchte der sibirischen Heidelbeeren haben eine l\u00e4ngliche Form und sind ziemlich s\u00e4uerlich, ihre Gr\u00f6\u00dfe variiert stark von Sorte zu Sorte. Die Fr\u00fcchte eignen sich f\u00fcr die Verarbeitung und den Frischverzehr. Sibirische Heidelbeeren &#8218;Myberry Farm&#8216; sind eine gute Wahl f\u00fcr Ihren Garten. Diese Sorte besticht durch ihre saftigen, dunkelblauen Fr\u00fcchte, die reich an Antioxidantien und Vitaminen sind. Die Sorte &#8218;Myberry Farm&#8216; ist bekannt f\u00fcr ihre gro\u00dfen, s\u00fc\u00dfen Beeren, die sich von der Textur her eher f\u00fcr den frischen Gebrauch eignen. Er geh\u00f6rt zu den mittelfr\u00fchen Sorten und reift von Mitte Mai bis Juni. F\u00fcr die Best\u00e4ubung empfehlen wir eine Kombination mit der Sorte &#8218;Myberry Bee&#8216;.    <\/p>\n<p>&nbsp;<\/p>\n<p>&nbsp;<\/p>\n","protected":false},"excerpt":{"rendered":"<ul>\n<li><em>Lonicera kamtschatica<\/em><\/li>\n<li>Die Fr\u00fcchte sind l\u00e4nglich-oval und bis zu 3 cm gro\u00df<\/li>\n<li>resistent gegen K\u00e4lte und Sommerhitze<\/li>\n<li>ben\u00f6tigt keinen sauren Boden<\/li>\n<li>mittelsp\u00e4te Sorte, reift von Mai bis Juni<\/li>\n<\/ul>\n","protected":false},"featured_media":14376,"template":"","meta":{"site-sidebar-layout":"default","site-content-layout":"default","ast-site-content-layout":"default","site-content-style":"default","site-sidebar-style":"default","ast-global-header-display":"","ast-banner-title-visibility":"","ast-main-header-display":"","ast-hfb-above-header-display":"","ast-hfb-below-header-display":"","ast-hfb-mobile-header-display":"","site-post-title":"","ast-breadcrumbs-content":"","ast-featured-img":"","footer-sml-layout":"","ast-disable-related-posts":"","theme-transparent-header-meta":"default","adv-header-id-meta":"","stick-header-meta":"default","header-above-stick-meta":"","header-main-stick-meta":"","header-below-stick-meta":"","astra-migrate-meta-layouts":"default","ast-page-background-enabled":"default","ast-page-background-meta":{"desktop":{"background-color":"","background-image":"","background-repeat":"repeat","background-position":"center center","background-size":"auto","background-attachment":"scroll","background-type":"","background-media":"","overlay-type":"","overlay-color":"","overlay-opacity":"","overlay-gradient":""},"tablet":{"background-color":"","background-image":"","background-repeat":"repeat","background-position":"center center","background-size":"auto","background-attachment":"scroll","background-type":"","background-media":"","overlay-type":"","overlay-color":"","overlay-opacity":"","overlay-gradient":""},"mobile":{"background-color":"","background-image":"","background-repeat":"repeat","background-position":"center center","background-size":"auto","background-attachment":"scroll","background-type":"","background-media":"","overlay-type":"","overlay-color":"","overlay-opacity":"","overlay-gradient":""}},"ast-content-background-meta":{"desktop":{"background-color":"var(--ast-global-color-5)","background-image":"","background-repeat":"repeat","background-position":"center center","background-size":"auto","background-attachment":"scroll","background-type":"","background-media":"","overlay-type":"","overlay-color":"","overlay-opacity":"","overlay-gradient":""},"tablet":{"background-color":"var(--ast-global-color-5)","background-image":"","background-repeat":"repeat","background-position":"center center","background-size":"auto","background-attachment":"scroll","background-type":"","background-media":"","overlay-type":"","overlay-color":"","overlay-opacity":"","overlay-gradient":""},"mobile":{"background-color":"var(--ast-global-color-5)","background-image":"","background-repeat":"repeat","background-position":"center center","background-size":"auto","background-attachment":"scroll","background-type":"","background-media":"","overlay-type":"","overlay-color":"","overlay-opacity":"","overlay-gradient":""}}},"product_brand":[],"product_cat":[913],"product_tag":[995,989,875,988],"class_list":{"0":"post-14914","1":"product","2":"type-product","3":"status-publish","4":"has-post-thumbnail","6":"product_cat-erdbeeren","7":"product_tag-heidelbeeren","8":"product_tag-kuche","9":"product_tag-stauden","10":"product_tag-telugu","11":"desktop-align-left","12":"tablet-align-left","13":"mobile-align-left","14":"ast-product-gallery-layout-horizontal","15":"ast-product-gallery-with-no-image","16":"ast-product-tabs-layout-horizontal","17":"ast-qv-on-image","19":"first","20":"instock","21":"taxable","22":"shipping-taxable","23":"purchasable","24":"product-type-simple"},"aioseo_notices":[],"_links":{"self":[{"href":"https:\/\/flanca.si\/de\/wp-json\/wp\/v2\/product\/14914","targetHints":{"allow":["GET"]}}],"collection":[{"href":"https:\/\/flanca.si\/de\/wp-json\/wp\/v2\/product"}],"about":[{"href":"https:\/\/flanca.si\/de\/wp-json\/wp\/v2\/types\/product"}],"wp:featuredmedia":[{"embeddable":true,"href":"https:\/\/flanca.si\/de\/wp-json\/wp\/v2\/media\/14376"}],"wp:attachment":[{"href":"https:\/\/flanca.si\/de\/wp-json\/wp\/v2\/media?parent=14914"}],"wp:term":[{"taxonomy":"product_brand","embeddable":true,"href":"https:\/\/flanca.si\/de\/wp-json\/wp\/v2\/product_brand?post=14914"},{"taxonomy":"product_cat","embeddable":true,"href":"https:\/\/flanca.si\/de\/wp-json\/wp\/v2\/product_cat?post=14914"},{"taxonomy":"product_tag","embeddable":true,"href":"https:\/\/flanca.si\/de\/wp-json\/wp\/v2\/product_tag?post=14914"}],"curies":[{"name":"wp","href":"https:\/\/api.w.org\/{rel}","templated":true}]}}