{"id":14913,"date":"2024-02-16T12:25:29","date_gmt":"2024-02-16T11:25:29","guid":{"rendered":"https:\/\/flanca.si\/izdelek\/erdbeer-ananas-schneewittchen\/"},"modified":"2024-02-16T12:25:29","modified_gmt":"2024-02-16T11:25:29","slug":"erdbeer-ananas-schneewittchen","status":"publish","type":"product","link":"https:\/\/flanca.si\/de\/produkt\/erdbeer-ananas-schneewittchen\/","title":{"rendered":"Erdbeer-Ananas &#8218;Schneewittchen&#8216;"},"content":{"rendered":"<p>Pineberry Snow White Erdbeeren (Fragaria \u00d7 Ananas &#8218;Snow White&#8216;) sind eine au\u00dfergew\u00f6hnliche und ungew\u00f6hnliche Erdbeersorte, die durch ihre wei\u00dfe Farbe, ihren s\u00fc\u00dfen Geschmack und ihr Ananasaroma besticht. Diese Beeren sind eine echte Rarit\u00e4t und stechen unter den traditionellen roten Beeren durch ihre ungew\u00f6hnliche Farbe hervor. Pineberry Snow White ist bekannt f\u00fcr seine mittelgro\u00dfen, runden Fr\u00fcchte, die wei\u00df sind und rote Samen haben. Die Sorte zeichnet sich auch durch ihre Resistenz gegen Krankheiten und Sch\u00e4dlinge aus, was deren Anbau und Pflege in G\u00e4rten erleichtert. Diese Erdbeeren sind eine gute Wahl f\u00fcr alle, die Abwechslung und Einzigartigkeit in ihrem Garten w\u00fcnschen und die k\u00f6stlichen und dekorativen Beeren von Pineberry Snow White genie\u00dfen.    <\/p>\n","protected":false},"excerpt":{"rendered":"<ul>\n<li>Fr\u00fcchte von wei\u00dfer Farbe<\/li>\n<li>s\u00fc\u00dfer Geschmack mit Ananasaroma<\/li>\n<li>Die Fr\u00fcchte sind mittelgro\u00df und rund<\/li>\n<li>Die Sorte ist ber\u00fchmt f\u00fcr ihre hohe Widerstandsf\u00e4higkeit<\/li>\n<\/ul>\n<h4><strong>Verpackt 1 S\u00e4mling auf einmal!<\/strong><\/h4>\n","protected":false},"featured_media":14385,"template":"","meta":{"site-sidebar-layout":"default","site-content-layout":"default","ast-site-content-layout":"default","site-content-style":"default","site-sidebar-style":"default","ast-global-header-display":"","ast-banner-title-visibility":"","ast-main-header-display":"","ast-hfb-above-header-display":"","ast-hfb-below-header-display":"","ast-hfb-mobile-header-display":"","site-post-title":"","ast-breadcrumbs-content":"","ast-featured-img":"","footer-sml-layout":"","ast-disable-related-posts":"","theme-transparent-header-meta":"default","adv-header-id-meta":"","stick-header-meta":"default","header-above-stick-meta":"","header-main-stick-meta":"","header-below-stick-meta":"","astra-migrate-meta-layouts":"default","ast-page-background-enabled":"default","ast-page-background-meta":{"desktop":{"background-color":"","background-image":"","background-repeat":"repeat","background-position":"center center","background-size":"auto","background-attachment":"scroll","background-type":"","background-media":"","overlay-type":"","overlay-color":"","overlay-opacity":"","overlay-gradient":""},"tablet":{"background-color":"","background-image":"","background-repeat":"repeat","background-position":"center center","background-size":"auto","background-attachment":"scroll","background-type":"","background-media":"","overlay-type":"","overlay-color":"","overlay-opacity":"","overlay-gradient":""},"mobile":{"background-color":"","background-image":"","background-repeat":"repeat","background-position":"center center","background-size":"auto","background-attachment":"scroll","background-type":"","background-media":"","overlay-type":"","overlay-color":"","overlay-opacity":"","overlay-gradient":""}},"ast-content-background-meta":{"desktop":{"background-color":"var(--ast-global-color-5)","background-image":"","background-repeat":"repeat","background-position":"center center","background-size":"auto","background-attachment":"scroll","background-type":"","background-media":"","overlay-type":"","overlay-color":"","overlay-opacity":"","overlay-gradient":""},"tablet":{"background-color":"var(--ast-global-color-5)","background-image":"","background-repeat":"repeat","background-position":"center center","background-size":"auto","background-attachment":"scroll","background-type":"","background-media":"","overlay-type":"","overlay-color":"","overlay-opacity":"","overlay-gradient":""},"mobile":{"background-color":"var(--ast-global-color-5)","background-image":"","background-repeat":"repeat","background-position":"center center","background-size":"auto","background-attachment":"scroll","background-type":"","background-media":"","overlay-type":"","overlay-color":"","overlay-opacity":"","overlay-gradient":""}}},"product_brand":[],"product_cat":[913],"product_tag":[914,917,915,916],"class_list":{"0":"post-14913","1":"product","2":"type-product","3":"status-publish","4":"has-post-thumbnail","6":"product_cat-erdbeeren","7":"product_tag-erdbeere","8":"product_tag-mehrfach","9":"product_tag-monatlich","10":"product_tag-obst","11":"desktop-align-left","12":"tablet-align-left","13":"mobile-align-left","14":"ast-product-gallery-layout-horizontal","15":"ast-product-gallery-with-no-image","16":"ast-product-tabs-layout-horizontal","17":"ast-qv-on-image","19":"first","20":"outofstock","21":"taxable","22":"shipping-taxable","23":"purchasable","24":"product-type-simple"},"aioseo_notices":[],"_links":{"self":[{"href":"https:\/\/flanca.si\/de\/wp-json\/wp\/v2\/product\/14913","targetHints":{"allow":["GET"]}}],"collection":[{"href":"https:\/\/flanca.si\/de\/wp-json\/wp\/v2\/product"}],"about":[{"href":"https:\/\/flanca.si\/de\/wp-json\/wp\/v2\/types\/product"}],"wp:featuredmedia":[{"embeddable":true,"href":"https:\/\/flanca.si\/de\/wp-json\/wp\/v2\/media\/14385"}],"wp:attachment":[{"href":"https:\/\/flanca.si\/de\/wp-json\/wp\/v2\/media?parent=14913"}],"wp:term":[{"taxonomy":"product_brand","embeddable":true,"href":"https:\/\/flanca.si\/de\/wp-json\/wp\/v2\/product_brand?post=14913"},{"taxonomy":"product_cat","embeddable":true,"href":"https:\/\/flanca.si\/de\/wp-json\/wp\/v2\/product_cat?post=14913"},{"taxonomy":"product_tag","embeddable":true,"href":"https:\/\/flanca.si\/de\/wp-json\/wp\/v2\/product_tag?post=14913"}],"curies":[{"name":"wp","href":"https:\/\/api.w.org\/{rel}","templated":true}]}}