{"id":14901,"date":"2024-01-22T11:33:21","date_gmt":"2024-01-22T10:33:21","guid":{"rendered":"https:\/\/flanca.si\/izdelek\/ahornrot-fairview-flame\/"},"modified":"2024-01-22T11:33:21","modified_gmt":"2024-01-22T10:33:21","slug":"ahornrot-fairview-flame","status":"publish","type":"product","link":"https:\/\/flanca.si\/de\/produkt\/ahornrot-fairview-flame\/","title":{"rendered":"Ahornrot &#8218;Fairview Flame&#8216;"},"content":{"rendered":"<p>Es handelt sich um einen Laubbaum, der bis zu 15 m hoch wird. Die Form der Krone ist oval. Die Bl\u00e4tter sind dunkelgr\u00fcn und f\u00e4rben sich im Herbst in sch\u00f6ne Rott\u00f6ne. Es ist ein unpr\u00e4tenti\u00f6ser Baum, der wundersch\u00f6n im Halbschatten oder in der Sonne w\u00e4chst. Er vertr\u00e4gt K\u00e4lte und gelegentliche \u00dcberschwemmungen gut. Er eignet sich zum Anlegen von Baumalleen oder als Solit\u00e4rbau. Die H\u00f6he des oberirdischen Teils des S\u00e4mlings: 60 &#8211; 7o cm  <\/p>\n","protected":false},"excerpt":{"rendered":"<ul>\n<li><em>  Acer rubrum &#8218;Fairview Flame&#8216;<\/em><\/li>\n<li>Mittelhoher Baum<\/li>\n<li>dunkelgr\u00fcne Bl\u00e4tter, die sich im Herbst rot f\u00e4rben<\/li>\n<li>Geeignet f\u00fcr Baumalleen oder als Solit\u00e4r<\/li>\n<li>H\u00f6he des S\u00e4mlings: 60 &#8211; 70 cm<\/li>\n<\/ul>\n<h3><strong>Verpackt 1 S\u00e4mling auf einmal!<\/strong><\/h3>\n","protected":false},"featured_media":13686,"template":"","meta":{"site-sidebar-layout":"default","site-content-layout":"default","ast-site-content-layout":"default","site-content-style":"default","site-sidebar-style":"default","ast-global-header-display":"","ast-banner-title-visibility":"","ast-main-header-display":"","ast-hfb-above-header-display":"","ast-hfb-below-header-display":"","ast-hfb-mobile-header-display":"","site-post-title":"","ast-breadcrumbs-content":"","ast-featured-img":"","footer-sml-layout":"","ast-disable-related-posts":"","theme-transparent-header-meta":"default","adv-header-id-meta":"","stick-header-meta":"default","header-above-stick-meta":"","header-main-stick-meta":"","header-below-stick-meta":"","astra-migrate-meta-layouts":"default","ast-page-background-enabled":"default","ast-page-background-meta":{"desktop":{"background-color":"","background-image":"","background-repeat":"repeat","background-position":"center center","background-size":"auto","background-attachment":"scroll","background-type":"","background-media":"","overlay-type":"","overlay-color":"","overlay-opacity":"","overlay-gradient":""},"tablet":{"background-color":"","background-image":"","background-repeat":"repeat","background-position":"center center","background-size":"auto","background-attachment":"scroll","background-type":"","background-media":"","overlay-type":"","overlay-color":"","overlay-opacity":"","overlay-gradient":""},"mobile":{"background-color":"","background-image":"","background-repeat":"repeat","background-position":"center center","background-size":"auto","background-attachment":"scroll","background-type":"","background-media":"","overlay-type":"","overlay-color":"","overlay-opacity":"","overlay-gradient":""}},"ast-content-background-meta":{"desktop":{"background-color":"var(--ast-global-color-5)","background-image":"","background-repeat":"repeat","background-position":"center center","background-size":"auto","background-attachment":"scroll","background-type":"","background-media":"","overlay-type":"","overlay-color":"","overlay-opacity":"","overlay-gradient":""},"tablet":{"background-color":"var(--ast-global-color-5)","background-image":"","background-repeat":"repeat","background-position":"center center","background-size":"auto","background-attachment":"scroll","background-type":"","background-media":"","overlay-type":"","overlay-color":"","overlay-opacity":"","overlay-gradient":""},"mobile":{"background-color":"var(--ast-global-color-5)","background-image":"","background-repeat":"repeat","background-position":"center center","background-size":"auto","background-attachment":"scroll","background-type":"","background-media":"","overlay-type":"","overlay-color":"","overlay-opacity":"","overlay-gradient":""}}},"product_brand":[],"product_cat":[960],"product_tag":[1106,1104,1001],"class_list":{"0":"post-14901","1":"product","2":"type-product","3":"status-publish","4":"has-post-thumbnail","6":"product_cat-straucher-und-baume","7":"product_tag-ahorn","8":"product_tag-dekorative-balken-de","9":"product_tag-zierbaume","10":"product_shipping_class-personliche-abholung","11":"desktop-align-left","12":"tablet-align-left","13":"mobile-align-left","14":"ast-product-gallery-layout-horizontal","15":"ast-product-tabs-layout-horizontal","16":"ast-qv-on-image","18":"first","19":"outofstock","20":"taxable","21":"shipping-taxable","22":"purchasable","23":"product-type-simple"},"aioseo_notices":[],"_links":{"self":[{"href":"https:\/\/flanca.si\/de\/wp-json\/wp\/v2\/product\/14901","targetHints":{"allow":["GET"]}}],"collection":[{"href":"https:\/\/flanca.si\/de\/wp-json\/wp\/v2\/product"}],"about":[{"href":"https:\/\/flanca.si\/de\/wp-json\/wp\/v2\/types\/product"}],"wp:featuredmedia":[{"embeddable":true,"href":"https:\/\/flanca.si\/de\/wp-json\/wp\/v2\/media\/13686"}],"wp:attachment":[{"href":"https:\/\/flanca.si\/de\/wp-json\/wp\/v2\/media?parent=14901"}],"wp:term":[{"taxonomy":"product_brand","embeddable":true,"href":"https:\/\/flanca.si\/de\/wp-json\/wp\/v2\/product_brand?post=14901"},{"taxonomy":"product_cat","embeddable":true,"href":"https:\/\/flanca.si\/de\/wp-json\/wp\/v2\/product_cat?post=14901"},{"taxonomy":"product_tag","embeddable":true,"href":"https:\/\/flanca.si\/de\/wp-json\/wp\/v2\/product_tag?post=14901"}],"curies":[{"name":"wp","href":"https:\/\/api.w.org\/{rel}","templated":true}]}}