{"id":14900,"date":"2024-01-22T11:25:35","date_gmt":"2024-01-22T10:25:35","guid":{"rendered":"https:\/\/flanca.si\/izdelek\/japanischer-flauschiger-ahorn-katsura\/"},"modified":"2024-01-22T11:25:35","modified_gmt":"2024-01-22T10:25:35","slug":"japanischer-flauschiger-ahorn-katsura","status":"publish","type":"product","link":"https:\/\/flanca.si\/de\/produkt\/japanischer-flauschiger-ahorn-katsura\/","title":{"rendered":"Japanischer flauschiger Ahorn &#8218;Katsura&#8216;"},"content":{"rendered":"<p>Die Sorte Katsura ist eine langsam wachsende Ahornsorte, die bis zu 6 m hoch wird. Im Fr\u00fchjahr wird das Laub in Gr\u00fcnt\u00f6nen bemalt, sp\u00e4ter wird es orange-gelb. Es ist ein unpr\u00e4tenti\u00f6ser Baum, der wundersch\u00f6n im Halbschatten oder in der Sonne w\u00e4chst. Er ist ideal f\u00fcr kleine G\u00e4rten, Atrien, als Solit\u00e4r oder in der Gruppe mit anderen Ahornb\u00e4umen. Aufgrund des langsamen Wachstums ist ein R\u00fcckschnitt nicht erforderlich. Die H\u00f6he des oberirdischen Teils des S\u00e4mlings: 30 &#8211; 4o cm <\/p>\n","protected":false},"excerpt":{"rendered":"<ul>\n<li><em>  Acer palmatum &#8218;Katsura&#8216;<\/em><\/li>\n<li>Langsam wachsender Japanischer Ahorn<\/li>\n<li>Im Fr\u00fchjahr f\u00e4rbt sich das Laub gr\u00fcn, sp\u00e4ter orange<\/li>\n<li>ideal f\u00fcr kleine G\u00e4rten und Atrien<\/li>\n<li>H\u00f6he des S\u00e4mlings: 30 &#8211; 40 cm<\/li>\n<\/ul>\n<h3><strong>Verpackt 1 S\u00e4mling auf einmal!<\/strong><\/h3>\n","protected":false},"featured_media":13685,"template":"","meta":{"site-sidebar-layout":"default","site-content-layout":"default","ast-site-content-layout":"default","site-content-style":"default","site-sidebar-style":"default","ast-global-header-display":"","ast-banner-title-visibility":"","ast-main-header-display":"","ast-hfb-above-header-display":"","ast-hfb-below-header-display":"","ast-hfb-mobile-header-display":"","site-post-title":"","ast-breadcrumbs-content":"","ast-featured-img":"","footer-sml-layout":"","ast-disable-related-posts":"","theme-transparent-header-meta":"default","adv-header-id-meta":"","stick-header-meta":"default","header-above-stick-meta":"","header-main-stick-meta":"","header-below-stick-meta":"","astra-migrate-meta-layouts":"default","ast-page-background-enabled":"default","ast-page-background-meta":{"desktop":{"background-color":"","background-image":"","background-repeat":"repeat","background-position":"center center","background-size":"auto","background-attachment":"scroll","background-type":"","background-media":"","overlay-type":"","overlay-color":"","overlay-opacity":"","overlay-gradient":""},"tablet":{"background-color":"","background-image":"","background-repeat":"repeat","background-position":"center center","background-size":"auto","background-attachment":"scroll","background-type":"","background-media":"","overlay-type":"","overlay-color":"","overlay-opacity":"","overlay-gradient":""},"mobile":{"background-color":"","background-image":"","background-repeat":"repeat","background-position":"center center","background-size":"auto","background-attachment":"scroll","background-type":"","background-media":"","overlay-type":"","overlay-color":"","overlay-opacity":"","overlay-gradient":""}},"ast-content-background-meta":{"desktop":{"background-color":"var(--ast-global-color-5)","background-image":"","background-repeat":"repeat","background-position":"center center","background-size":"auto","background-attachment":"scroll","background-type":"","background-media":"","overlay-type":"","overlay-color":"","overlay-opacity":"","overlay-gradient":""},"tablet":{"background-color":"var(--ast-global-color-5)","background-image":"","background-repeat":"repeat","background-position":"center center","background-size":"auto","background-attachment":"scroll","background-type":"","background-media":"","overlay-type":"","overlay-color":"","overlay-opacity":"","overlay-gradient":""},"mobile":{"background-color":"var(--ast-global-color-5)","background-image":"","background-repeat":"repeat","background-position":"center center","background-size":"auto","background-attachment":"scroll","background-type":"","background-media":"","overlay-type":"","overlay-color":"","overlay-opacity":"","overlay-gradient":""}}},"product_brand":[],"product_cat":[960],"product_tag":[1106,1104,1001],"class_list":{"0":"post-14900","1":"product","2":"type-product","3":"status-publish","4":"has-post-thumbnail","6":"product_cat-straucher-und-baume","7":"product_tag-ahorn","8":"product_tag-dekorative-balken-de","9":"product_tag-zierbaume","10":"desktop-align-left","11":"tablet-align-left","12":"mobile-align-left","13":"ast-product-gallery-layout-horizontal","14":"ast-product-gallery-with-no-image","15":"ast-product-tabs-layout-horizontal","16":"ast-qv-on-image","18":"first","19":"outofstock","20":"taxable","21":"shipping-taxable","22":"purchasable","23":"product-type-simple"},"aioseo_notices":[],"_links":{"self":[{"href":"https:\/\/flanca.si\/de\/wp-json\/wp\/v2\/product\/14900","targetHints":{"allow":["GET"]}}],"collection":[{"href":"https:\/\/flanca.si\/de\/wp-json\/wp\/v2\/product"}],"about":[{"href":"https:\/\/flanca.si\/de\/wp-json\/wp\/v2\/types\/product"}],"wp:featuredmedia":[{"embeddable":true,"href":"https:\/\/flanca.si\/de\/wp-json\/wp\/v2\/media\/13685"}],"wp:attachment":[{"href":"https:\/\/flanca.si\/de\/wp-json\/wp\/v2\/media?parent=14900"}],"wp:term":[{"taxonomy":"product_brand","embeddable":true,"href":"https:\/\/flanca.si\/de\/wp-json\/wp\/v2\/product_brand?post=14900"},{"taxonomy":"product_cat","embeddable":true,"href":"https:\/\/flanca.si\/de\/wp-json\/wp\/v2\/product_cat?post=14900"},{"taxonomy":"product_tag","embeddable":true,"href":"https:\/\/flanca.si\/de\/wp-json\/wp\/v2\/product_tag?post=14900"}],"curies":[{"name":"wp","href":"https:\/\/api.w.org\/{rel}","templated":true}]}}