{"id":14897,"date":"2024-01-22T11:07:40","date_gmt":"2024-01-22T10:07:40","guid":{"rendered":"https:\/\/flanca.si\/izdelek\/rotblaettriger-japanischer-ahorn-atropurpureum\/"},"modified":"2024-01-22T11:07:40","modified_gmt":"2024-01-22T10:07:40","slug":"rotblaettriger-japanischer-ahorn-atropurpureum","status":"publish","type":"product","link":"https:\/\/flanca.si\/de\/produkt\/rotblaettriger-japanischer-ahorn-atropurpureum\/","title":{"rendered":"Rotbl\u00e4ttriger Japanischer Ahorn &#8218;Atropurpureum&#8216;"},"content":{"rendered":"<p>Die Sorte Atropurpureum ist ein langsam wachsender, aufrechter Laubbaum. In der H\u00f6he w\u00e4chst er bis zu 5 m. Im Fr\u00fchjahr sprie\u00dfen dunkelrote Laubbl\u00e4tter mit tief eingeschnittenem Rand. Ahorne sind ziemlich unpr\u00e4tenti\u00f6se B\u00e4ume, die auch f\u00fcr st\u00e4dtische Umgebungen geeignet sind und verschiedene Arten von B\u00f6den gut vertragen, au\u00dfer zu schweren und st\u00e4ndig feuchten. Er wird an einem sonnigen oder halbschattigen Standort gepflanzt. Rote Sorten brauchen f\u00fcr ihre attraktive Farbe etwas mehr direktes Sonnenlicht. Er ist ideal f\u00fcr kleine G\u00e4rten, Atrien, als Solit\u00e4r oder in der Gruppe mit anderen Ahornb\u00e4umen. Besondere Sorgfalt beim R\u00fcckschnitt ist nicht erforderlich. Es werden nur abgebrochene oder trockene \u00c4ste entfernt. Die H\u00f6he des oberirdischen Teils des S\u00e4mlings: 30 &#8211; 45 cm  <\/p>\n","protected":false},"excerpt":{"rendered":"<ul>\n<li><em>Acer palmatum &#8222;Atropurpureum&#8220;<\/em><\/li>\n<li>Langsam wachsender Japanischer Ahorn<\/li>\n<li>Laub dunkelrot gef\u00e4rbt<\/li>\n<li>ideal f\u00fcr kleine G\u00e4rten und Atrien<\/li>\n<li>H\u00f6he des S\u00e4mlings: 30 &#8211; 45 cm<\/li>\n<\/ul>\n<h3><strong>Verpackt 1 S\u00e4mling auf einmal!<\/strong><\/h3>\n","protected":false},"featured_media":21810,"template":"","meta":{"site-sidebar-layout":"default","site-content-layout":"default","ast-site-content-layout":"default","site-content-style":"default","site-sidebar-style":"default","ast-global-header-display":"","ast-banner-title-visibility":"","ast-main-header-display":"","ast-hfb-above-header-display":"","ast-hfb-below-header-display":"","ast-hfb-mobile-header-display":"","site-post-title":"","ast-breadcrumbs-content":"","ast-featured-img":"","footer-sml-layout":"","ast-disable-related-posts":"","theme-transparent-header-meta":"default","adv-header-id-meta":"","stick-header-meta":"default","header-above-stick-meta":"","header-main-stick-meta":"","header-below-stick-meta":"","astra-migrate-meta-layouts":"default","ast-page-background-enabled":"default","ast-page-background-meta":{"desktop":{"background-color":"","background-image":"","background-repeat":"repeat","background-position":"center center","background-size":"auto","background-attachment":"scroll","background-type":"","background-media":"","overlay-type":"","overlay-color":"","overlay-opacity":"","overlay-gradient":""},"tablet":{"background-color":"","background-image":"","background-repeat":"repeat","background-position":"center center","background-size":"auto","background-attachment":"scroll","background-type":"","background-media":"","overlay-type":"","overlay-color":"","overlay-opacity":"","overlay-gradient":""},"mobile":{"background-color":"","background-image":"","background-repeat":"repeat","background-position":"center center","background-size":"auto","background-attachment":"scroll","background-type":"","background-media":"","overlay-type":"","overlay-color":"","overlay-opacity":"","overlay-gradient":""}},"ast-content-background-meta":{"desktop":{"background-color":"var(--ast-global-color-5)","background-image":"","background-repeat":"repeat","background-position":"center center","background-size":"auto","background-attachment":"scroll","background-type":"","background-media":"","overlay-type":"","overlay-color":"","overlay-opacity":"","overlay-gradient":""},"tablet":{"background-color":"var(--ast-global-color-5)","background-image":"","background-repeat":"repeat","background-position":"center center","background-size":"auto","background-attachment":"scroll","background-type":"","background-media":"","overlay-type":"","overlay-color":"","overlay-opacity":"","overlay-gradient":""},"mobile":{"background-color":"var(--ast-global-color-5)","background-image":"","background-repeat":"repeat","background-position":"center center","background-size":"auto","background-attachment":"scroll","background-type":"","background-media":"","overlay-type":"","overlay-color":"","overlay-opacity":"","overlay-gradient":""}}},"product_brand":[],"product_cat":[960],"product_tag":[1106,1104,1001],"class_list":{"0":"post-14897","1":"product","2":"type-product","3":"status-publish","4":"has-post-thumbnail","6":"product_cat-straucher-und-baume","7":"product_tag-ahorn","8":"product_tag-dekorative-balken-de","9":"product_tag-zierbaume","10":"desktop-align-left","11":"tablet-align-left","12":"mobile-align-left","13":"ast-product-gallery-layout-horizontal","14":"ast-product-gallery-with-no-image","15":"ast-product-tabs-layout-horizontal","16":"ast-qv-on-image","18":"first","19":"instock","20":"taxable","21":"shipping-taxable","22":"purchasable","23":"product-type-simple"},"aioseo_notices":[],"_links":{"self":[{"href":"https:\/\/flanca.si\/de\/wp-json\/wp\/v2\/product\/14897","targetHints":{"allow":["GET"]}}],"collection":[{"href":"https:\/\/flanca.si\/de\/wp-json\/wp\/v2\/product"}],"about":[{"href":"https:\/\/flanca.si\/de\/wp-json\/wp\/v2\/types\/product"}],"wp:featuredmedia":[{"embeddable":true,"href":"https:\/\/flanca.si\/de\/wp-json\/wp\/v2\/media\/21810"}],"wp:attachment":[{"href":"https:\/\/flanca.si\/de\/wp-json\/wp\/v2\/media?parent=14897"}],"wp:term":[{"taxonomy":"product_brand","embeddable":true,"href":"https:\/\/flanca.si\/de\/wp-json\/wp\/v2\/product_brand?post=14897"},{"taxonomy":"product_cat","embeddable":true,"href":"https:\/\/flanca.si\/de\/wp-json\/wp\/v2\/product_cat?post=14897"},{"taxonomy":"product_tag","embeddable":true,"href":"https:\/\/flanca.si\/de\/wp-json\/wp\/v2\/product_tag?post=14897"}],"curies":[{"name":"wp","href":"https:\/\/api.w.org\/{rel}","templated":true}]}}