{"id":14893,"date":"2023-10-17T08:22:10","date_gmt":"2023-10-17T06:22:10","guid":{"rendered":"https:\/\/flanca.si\/izdelek\/mound-bio-duenger-tomaten-15-kg\/"},"modified":"2023-10-17T08:22:10","modified_gmt":"2023-10-17T06:22:10","slug":"mound-bio-duenger-tomaten-15-kg","status":"publish","type":"product","link":"https:\/\/flanca.si\/de\/produkt\/mound-bio-duenger-tomaten-15-kg\/","title":{"rendered":"Mound, Bio-D\u00fcnger Tomaten 1,5 KG"},"content":{"rendered":"<p>Hochwertiger organischer Minerald\u00fcnger f\u00fcr Tomaten und andere Fruchtpflanzen, hergestellt aus proteinhaltigen Rohstoffen unter Zusatz von Vinase-Extrakt und Feder- und Blutmehl. Der D\u00fcnger liefert alle notwendigen N\u00e4hrstoffe f\u00fcr ein gesundes und gleichm\u00e4\u00dfiges Pflanzenwachstum. Es f\u00f6rdert die Bodenfruchtbarkeit und erh\u00f6ht die organische Masse im Boden. Durch den h\u00f6heren Gehalt an Humin- und Fulvos\u00e4uren beschleunigt der D\u00fcnger die Verf\u00fcgbarkeit der vorhandenen N\u00e4hrstoffe im Boden. D\u00fcnger wird zur Grund- und Zusatzd\u00fcngung von Gartenkulturen oder in Kombination mit organischen und mineralischen D\u00fcngemitteln verwendet. Durch die Kombination von D\u00fcngemitteln verhindern wir eine einseitige Auslaugung des Bodens und erm\u00f6glichen bessere Ertr\u00e4ge. Wir empfehlen: Eine offene Handvoll D\u00fcnger ist ca. 30-35 g. Bei 0,1 kg sind es 3 offene F\u00e4uste und bei 1 kg 30 offene F\u00e4uste. D\u00fcnger vorzugsweise in den Boden einbetten, wo er vor Austrocknung und UV-Strahlen gesch\u00fctzt ist. Bei niedrigeren Dosen alle 1 Monat und bei h\u00f6heren Dosen alle 1,5 bis 2 Monate d\u00fcngen. Passen Sie die D\u00fcngung an die Wachstumsphasen an. Bei gr\u00f6\u00dferen und \u00fcppig wachsenden Pflanzen solltest Du die Dosis erh\u00f6hen. Bevor Sie die Dosierung des D\u00fcngers erh\u00f6hen, f\u00fchren Sie ein Experiment auf einer kleineren Fl\u00e4che durch. Sie k\u00f6nnen den D\u00fcnger auch im Sommer zur D\u00fcngung von anderem Gem\u00fcse, Obstb\u00e4umen, Weinreben usw. verwenden. Der D\u00fcnger ist in einem Sack von 1,5 Kilogramm verpackt.<\/p>\n<p><strong>D\u00fcngemittel werden f\u00fcr den professionellen Einsatz auf Plantagen und Baumschulen entwickelt und produziert. Der D\u00fcnger ist hygienisiert und enth\u00e4lt keine pathogenen Keime, Sch\u00e4dlinge oder Unkrautsamen. <\/strong><\/p>\n","protected":false},"excerpt":{"rendered":"<ul>\n<li>Hochwertiger Universald\u00fcnger f\u00fcr Tomaten<\/li>\n<li>Gesundes und gleichm\u00e4\u00dfiges Pflanzenwachstum<\/li>\n<li>f\u00f6rdert die Zunahme der organischen Substanz im Boden<\/li>\n<\/ul>\n<h4><strong>Verpackt mit 1,5 kg!<\/strong><\/h4>\n","protected":false},"featured_media":13670,"template":"","meta":{"site-sidebar-layout":"default","site-content-layout":"default","ast-site-content-layout":"default","site-content-style":"default","site-sidebar-style":"default","ast-global-header-display":"","ast-banner-title-visibility":"","ast-main-header-display":"","ast-hfb-above-header-display":"","ast-hfb-below-header-display":"","ast-hfb-mobile-header-display":"","site-post-title":"","ast-breadcrumbs-content":"","ast-featured-img":"","footer-sml-layout":"","ast-disable-related-posts":"","theme-transparent-header-meta":"default","adv-header-id-meta":"","stick-header-meta":"default","header-above-stick-meta":"","header-main-stick-meta":"","header-below-stick-meta":"","astra-migrate-meta-layouts":"default","ast-page-background-enabled":"default","ast-page-background-meta":{"desktop":{"background-color":"","background-image":"","background-repeat":"repeat","background-position":"center center","background-size":"auto","background-attachment":"scroll","background-type":"","background-media":"","overlay-type":"","overlay-color":"","overlay-opacity":"","overlay-gradient":""},"tablet":{"background-color":"","background-image":"","background-repeat":"repeat","background-position":"center center","background-size":"auto","background-attachment":"scroll","background-type":"","background-media":"","overlay-type":"","overlay-color":"","overlay-opacity":"","overlay-gradient":""},"mobile":{"background-color":"","background-image":"","background-repeat":"repeat","background-position":"center center","background-size":"auto","background-attachment":"scroll","background-type":"","background-media":"","overlay-type":"","overlay-color":"","overlay-opacity":"","overlay-gradient":""}},"ast-content-background-meta":{"desktop":{"background-color":"var(--ast-global-color-5)","background-image":"","background-repeat":"repeat","background-position":"center center","background-size":"auto","background-attachment":"scroll","background-type":"","background-media":"","overlay-type":"","overlay-color":"","overlay-opacity":"","overlay-gradient":""},"tablet":{"background-color":"var(--ast-global-color-5)","background-image":"","background-repeat":"repeat","background-position":"center center","background-size":"auto","background-attachment":"scroll","background-type":"","background-media":"","overlay-type":"","overlay-color":"","overlay-opacity":"","overlay-gradient":""},"mobile":{"background-color":"var(--ast-global-color-5)","background-image":"","background-repeat":"repeat","background-position":"center center","background-size":"auto","background-attachment":"scroll","background-type":"","background-media":"","overlay-type":"","overlay-color":"","overlay-opacity":"","overlay-gradient":""}}},"product_brand":[],"product_cat":[904],"product_tag":[902,901,884,1018],"class_list":{"0":"post-14893","1":"product","2":"type-product","3":"status-publish","4":"has-post-thumbnail","6":"product_cat-dungemittel","7":"product_tag-besseres-wachstum","8":"product_tag-dunger","9":"product_tag-fruchtkorper","10":"product_tag-tomaten","11":"desktop-align-left","12":"tablet-align-left","13":"mobile-align-left","14":"ast-product-gallery-layout-horizontal","15":"ast-product-gallery-with-no-image","16":"ast-product-tabs-layout-horizontal","17":"ast-qv-on-image","19":"first","20":"outofstock","21":"taxable","22":"shipping-taxable","23":"purchasable","24":"product-type-simple"},"aioseo_notices":[],"_links":{"self":[{"href":"https:\/\/flanca.si\/de\/wp-json\/wp\/v2\/product\/14893","targetHints":{"allow":["GET"]}}],"collection":[{"href":"https:\/\/flanca.si\/de\/wp-json\/wp\/v2\/product"}],"about":[{"href":"https:\/\/flanca.si\/de\/wp-json\/wp\/v2\/types\/product"}],"wp:featuredmedia":[{"embeddable":true,"href":"https:\/\/flanca.si\/de\/wp-json\/wp\/v2\/media\/13670"}],"wp:attachment":[{"href":"https:\/\/flanca.si\/de\/wp-json\/wp\/v2\/media?parent=14893"}],"wp:term":[{"taxonomy":"product_brand","embeddable":true,"href":"https:\/\/flanca.si\/de\/wp-json\/wp\/v2\/product_brand?post=14893"},{"taxonomy":"product_cat","embeddable":true,"href":"https:\/\/flanca.si\/de\/wp-json\/wp\/v2\/product_cat?post=14893"},{"taxonomy":"product_tag","embeddable":true,"href":"https:\/\/flanca.si\/de\/wp-json\/wp\/v2\/product_tag?post=14893"}],"curies":[{"name":"wp","href":"https:\/\/api.w.org\/{rel}","templated":true}]}}