{"id":14892,"date":"2023-10-17T08:14:06","date_gmt":"2023-10-17T06:14:06","guid":{"rendered":"https:\/\/flanca.si\/izdelek\/huegel-nadelduenger\/"},"modified":"2023-10-17T08:14:06","modified_gmt":"2023-10-17T06:14:06","slug":"huegel-nadelduenger","status":"publish","type":"product","link":"https:\/\/flanca.si\/de\/produkt\/huegel-nadelduenger\/","title":{"rendered":"H\u00fcgel, Nadeld\u00fcnger"},"content":{"rendered":"<p>Hochwertiger organischer Minerald\u00fcnger f\u00fcr Nadelb\u00e4ume, hergestellt aus hydrolysiertem Kollagen mit Zus\u00e4tzen von nat\u00fcrlichem Mineral Phosphor, Kalium und Magnesium. Aufgrund seines organischen Ursprungs enth\u00e4lt es einen hohen Anteil an organischem Kohlenstoff (C). Der D\u00fcnger liefert alle notwendigen N\u00e4hrstoffe f\u00fcr ein gesundes und gleichm\u00e4\u00dfiges Pflanzenwachstum. Es f\u00f6rdert die Bodenfruchtbarkeit und erh\u00f6ht die organische Masse im Boden. Wir empfehlen: Eine offene Handvoll D\u00fcnger ist ca. 25-30 g. Bei 0,1 kg sind es 4 offene F\u00e4uste und bei 1 kg 40 offene F\u00e4uste. D\u00fcnger vorzugsweise in den Boden einbetten, wo er vor Austrocknung und UV-Strahlen gesch\u00fctzt ist. Bei niedrigeren Dosen alle 1 Monat und bei h\u00f6heren Dosen alle 1,5 bis 2 Monate d\u00fcngen. Passen Sie die D\u00fcngung an die Wachstumsphasen an. Bei gr\u00f6\u00dferen und \u00fcppig wachsenden Pflanzen solltest Du die Dosis erh\u00f6hen. Bevor Sie die Dosierung des D\u00fcngers erh\u00f6hen, f\u00fchren Sie ein Experiment auf einer kleineren Fl\u00e4che durch. Sie k\u00f6nnen auch im Fr\u00fchjahr und Sommer D\u00fcnger verwenden, um Stauden und bl\u00fchende Str\u00e4ucher zu d\u00fcngen. Verwenden Sie f\u00fcr die Herbstd\u00fcngung einen speziellen D\u00fcnger gegen das Rosten von Nadelb\u00e4umen Orgahum Bittersalz. Der D\u00fcnger ist in einem Sack von 1,5 Kilogramm verpackt. Das reicht f\u00fcr die Fr\u00fchjahrsvorbereitung von 10 Quadratmetern Gartenfl\u00e4che. F\u00fcr die weitere D\u00fcngung wird die Menge entsprechend den Wachstumsphasen der Pflanze angepasst. <\/p>\n<p><strong>D\u00fcngemittel werden f\u00fcr den professionellen Einsatz auf Plantagen und Baumschulen entwickelt und produziert. Der D\u00fcnger ist hygienisiert und enth\u00e4lt keine pathogenen Keime, Sch\u00e4dlinge oder Unkrautsamen. <\/strong><\/p>\n","protected":false},"excerpt":{"rendered":"<ul>\n<li>Organischer Minerald\u00fcnger f\u00fcr Nadelb\u00e4ume<\/li>\n<li>D\u00fcnger f\u00fcr schnelles und gesundes Wachstum<\/li>\n<li>beschleunigt die Verf\u00fcgbarkeit vorhandener N\u00e4hrstoffe im Boden<\/li>\n<\/ul>\n<h4><strong>Verpackt mit 1,5 kg\/Sack!<\/strong><\/h4>\n","protected":false},"featured_media":13669,"template":"","meta":{"site-sidebar-layout":"default","site-content-layout":"default","ast-site-content-layout":"default","site-content-style":"default","site-sidebar-style":"default","ast-global-header-display":"","ast-banner-title-visibility":"","ast-main-header-display":"","ast-hfb-above-header-display":"","ast-hfb-below-header-display":"","ast-hfb-mobile-header-display":"","site-post-title":"","ast-breadcrumbs-content":"","ast-featured-img":"","footer-sml-layout":"","ast-disable-related-posts":"","theme-transparent-header-meta":"default","adv-header-id-meta":"","stick-header-meta":"default","header-above-stick-meta":"","header-main-stick-meta":"","header-below-stick-meta":"","astra-migrate-meta-layouts":"default","ast-page-background-enabled":"default","ast-page-background-meta":{"desktop":{"background-color":"","background-image":"","background-repeat":"repeat","background-position":"center center","background-size":"auto","background-attachment":"scroll","background-type":"","background-media":"","overlay-type":"","overlay-color":"","overlay-opacity":"","overlay-gradient":""},"tablet":{"background-color":"","background-image":"","background-repeat":"repeat","background-position":"center center","background-size":"auto","background-attachment":"scroll","background-type":"","background-media":"","overlay-type":"","overlay-color":"","overlay-opacity":"","overlay-gradient":""},"mobile":{"background-color":"","background-image":"","background-repeat":"repeat","background-position":"center center","background-size":"auto","background-attachment":"scroll","background-type":"","background-media":"","overlay-type":"","overlay-color":"","overlay-opacity":"","overlay-gradient":""}},"ast-content-background-meta":{"desktop":{"background-color":"var(--ast-global-color-5)","background-image":"","background-repeat":"repeat","background-position":"center center","background-size":"auto","background-attachment":"scroll","background-type":"","background-media":"","overlay-type":"","overlay-color":"","overlay-opacity":"","overlay-gradient":""},"tablet":{"background-color":"var(--ast-global-color-5)","background-image":"","background-repeat":"repeat","background-position":"center center","background-size":"auto","background-attachment":"scroll","background-type":"","background-media":"","overlay-type":"","overlay-color":"","overlay-opacity":"","overlay-gradient":""},"mobile":{"background-color":"var(--ast-global-color-5)","background-image":"","background-repeat":"repeat","background-position":"center center","background-size":"auto","background-attachment":"scroll","background-type":"","background-media":"","overlay-type":"","overlay-color":"","overlay-opacity":"","overlay-gradient":""}}},"product_brand":[],"product_cat":[904],"product_tag":[901,2308],"class_list":{"0":"post-14892","1":"product","2":"type-product","3":"status-publish","4":"has-post-thumbnail","6":"product_cat-dungemittel","7":"product_tag-dunger","8":"product_tag-koniferen","9":"desktop-align-left","10":"tablet-align-left","11":"mobile-align-left","12":"ast-product-gallery-layout-horizontal","13":"ast-product-gallery-with-no-image","14":"ast-product-tabs-layout-horizontal","15":"ast-qv-on-image","17":"first","18":"outofstock","19":"taxable","20":"shipping-taxable","21":"purchasable","22":"product-type-simple"},"aioseo_notices":[],"_links":{"self":[{"href":"https:\/\/flanca.si\/de\/wp-json\/wp\/v2\/product\/14892","targetHints":{"allow":["GET"]}}],"collection":[{"href":"https:\/\/flanca.si\/de\/wp-json\/wp\/v2\/product"}],"about":[{"href":"https:\/\/flanca.si\/de\/wp-json\/wp\/v2\/types\/product"}],"wp:featuredmedia":[{"embeddable":true,"href":"https:\/\/flanca.si\/de\/wp-json\/wp\/v2\/media\/13669"}],"wp:attachment":[{"href":"https:\/\/flanca.si\/de\/wp-json\/wp\/v2\/media?parent=14892"}],"wp:term":[{"taxonomy":"product_brand","embeddable":true,"href":"https:\/\/flanca.si\/de\/wp-json\/wp\/v2\/product_brand?post=14892"},{"taxonomy":"product_cat","embeddable":true,"href":"https:\/\/flanca.si\/de\/wp-json\/wp\/v2\/product_cat?post=14892"},{"taxonomy":"product_tag","embeddable":true,"href":"https:\/\/flanca.si\/de\/wp-json\/wp\/v2\/product_tag?post=14892"}],"curies":[{"name":"wp","href":"https:\/\/api.w.org\/{rel}","templated":true}]}}