{"id":14884,"date":"2023-10-11T09:15:40","date_gmt":"2023-10-11T07:15:40","guid":{"rendered":"https:\/\/flanca.si\/izdelek\/hibiskus-blue-chiffon\/"},"modified":"2023-10-11T09:15:40","modified_gmt":"2023-10-11T07:15:40","slug":"hibiskus-blue-chiffon","status":"publish","type":"product","link":"https:\/\/flanca.si\/de\/produkt\/hibiskus-blue-chiffon\/","title":{"rendered":"Hibiskus &#8218;Blue Chiffon&#8216;"},"content":{"rendered":"<p>Laubabwerfender Strauch mit aufrechtem Wuchs. Sie bl\u00fcht vom Sp\u00e4tsommer bis Mitte Herbst. Blue Chiffon ist ein neuer Farbton mit einer gef\u00fcllten Bl\u00fcte. Die Bl\u00fcten sind blau mit einem fliederfarbenen Kern. Sie reagiert auf anhaltende Trockenheit, indem sie Knospen abwirft. Er lockt Schmetterlinge und Bienen an. Sehr unpr\u00e4tenti\u00f6ser Strauch, auch f\u00fcr die st\u00e4dtische Umgebung geeignet. Sie wird an sonnigen Standorten mit feuchten, n\u00e4hrstoffreichen und durchl\u00e4ssigen B\u00f6den gepflanzt. Sie kann als Solit\u00e4r oder zum Pflanzen einer bl\u00fchenden Hecke verwendet werden. Die Sorte Blue Chiffon ist nahezu steril; Es bilden sich nur wenige unerw\u00fcnschte Kelchbl\u00e4tter.   <\/p>\n<p>&nbsp;<\/p>\n<p>Die H\u00f6he des oberirdischen Teils des S\u00e4mlings: 15 &#8211; 20 cm<\/p>\n","protected":false},"excerpt":{"rendered":"<ul>\n<li><em>Hibiskus-K\u00e4se. &#8218;Blauer Chiffon&#8216; <\/em><\/li>\n<li>Zwergstrauch<\/li>\n<li>Gef\u00fcllte Blumen<\/li>\n<li>bl\u00fcht vom Sp\u00e4tsommer bis zur Mitte des Herbstes<\/li>\n<li>aufrechtes Wachstum<\/li>\n<li>zieht Schmetterlinge und Bienen an<\/li>\n<li>H\u00f6he der S\u00e4mlinge: 15 &#8211; 20 cm<\/li>\n<\/ul>\n<p>&nbsp;<\/p>\n<h4><strong>Verpackt 1 S\u00e4mling auf einmal!<\/strong><\/h4>\n","protected":false},"featured_media":13651,"template":"","meta":{"site-sidebar-layout":"default","site-content-layout":"default","ast-site-content-layout":"default","site-content-style":"default","site-sidebar-style":"default","ast-global-header-display":"","ast-banner-title-visibility":"","ast-main-header-display":"","ast-hfb-above-header-display":"","ast-hfb-below-header-display":"","ast-hfb-mobile-header-display":"","site-post-title":"","ast-breadcrumbs-content":"","ast-featured-img":"","footer-sml-layout":"","ast-disable-related-posts":"","theme-transparent-header-meta":"default","adv-header-id-meta":"","stick-header-meta":"default","header-above-stick-meta":"","header-main-stick-meta":"","header-below-stick-meta":"","astra-migrate-meta-layouts":"default","ast-page-background-enabled":"default","ast-page-background-meta":{"desktop":{"background-color":"","background-image":"","background-repeat":"repeat","background-position":"center center","background-size":"auto","background-attachment":"scroll","background-type":"","background-media":"","overlay-type":"","overlay-color":"","overlay-opacity":"","overlay-gradient":""},"tablet":{"background-color":"","background-image":"","background-repeat":"repeat","background-position":"center center","background-size":"auto","background-attachment":"scroll","background-type":"","background-media":"","overlay-type":"","overlay-color":"","overlay-opacity":"","overlay-gradient":""},"mobile":{"background-color":"","background-image":"","background-repeat":"repeat","background-position":"center center","background-size":"auto","background-attachment":"scroll","background-type":"","background-media":"","overlay-type":"","overlay-color":"","overlay-opacity":"","overlay-gradient":""}},"ast-content-background-meta":{"desktop":{"background-color":"var(--ast-global-color-5)","background-image":"","background-repeat":"repeat","background-position":"center center","background-size":"auto","background-attachment":"scroll","background-type":"","background-media":"","overlay-type":"","overlay-color":"","overlay-opacity":"","overlay-gradient":""},"tablet":{"background-color":"var(--ast-global-color-5)","background-image":"","background-repeat":"repeat","background-position":"center center","background-size":"auto","background-attachment":"scroll","background-type":"","background-media":"","overlay-type":"","overlay-color":"","overlay-opacity":"","overlay-gradient":""},"mobile":{"background-color":"var(--ast-global-color-5)","background-image":"","background-repeat":"repeat","background-position":"center center","background-size":"auto","background-attachment":"scroll","background-type":"","background-media":"","overlay-type":"","overlay-color":"","overlay-opacity":"","overlay-gradient":""}}},"product_brand":[],"product_cat":[960],"product_tag":[950,963],"class_list":{"0":"post-14884","1":"product","2":"type-product","3":"status-publish","4":"has-post-thumbnail","6":"product_cat-straucher-und-baume","7":"product_tag-strauch","8":"product_tag-zierpflanze","9":"desktop-align-left","10":"tablet-align-left","11":"mobile-align-left","12":"ast-product-gallery-layout-horizontal","13":"ast-product-tabs-layout-horizontal","14":"ast-qv-on-image","16":"first","17":"outofstock","18":"taxable","19":"shipping-taxable","20":"purchasable","21":"product-type-simple"},"aioseo_notices":[],"_links":{"self":[{"href":"https:\/\/flanca.si\/de\/wp-json\/wp\/v2\/product\/14884","targetHints":{"allow":["GET"]}}],"collection":[{"href":"https:\/\/flanca.si\/de\/wp-json\/wp\/v2\/product"}],"about":[{"href":"https:\/\/flanca.si\/de\/wp-json\/wp\/v2\/types\/product"}],"wp:featuredmedia":[{"embeddable":true,"href":"https:\/\/flanca.si\/de\/wp-json\/wp\/v2\/media\/13651"}],"wp:attachment":[{"href":"https:\/\/flanca.si\/de\/wp-json\/wp\/v2\/media?parent=14884"}],"wp:term":[{"taxonomy":"product_brand","embeddable":true,"href":"https:\/\/flanca.si\/de\/wp-json\/wp\/v2\/product_brand?post=14884"},{"taxonomy":"product_cat","embeddable":true,"href":"https:\/\/flanca.si\/de\/wp-json\/wp\/v2\/product_cat?post=14884"},{"taxonomy":"product_tag","embeddable":true,"href":"https:\/\/flanca.si\/de\/wp-json\/wp\/v2\/product_tag?post=14884"}],"curies":[{"name":"wp","href":"https:\/\/api.w.org\/{rel}","templated":true}]}}