{"id":14879,"date":"2023-10-11T08:19:11","date_gmt":"2023-10-11T06:19:11","guid":{"rendered":"https:\/\/flanca.si\/izdelek\/dekorative-hitze-cotinus-coggygria-lilla\/"},"modified":"2023-10-11T08:19:11","modified_gmt":"2023-10-11T06:19:11","slug":"dekorative-hitze-cotinus-coggygria-lilla","status":"publish","type":"product","link":"https:\/\/flanca.si\/de\/produkt\/dekorative-hitze-cotinus-coggygria-lilla\/","title":{"rendered":"Dekorative Hitze &#8211; Cotinus coggygria &#8218;Lilla&#8216;"},"content":{"rendered":"<p>Sum ist ein breiter und kompakter Laubstrauch, der bis zu 1,5 m hoch wird. Die Bl\u00e4tter sind oval, bis zu 8 cm lang. Wie der Name der Sorte schon sagt, sind die Bl\u00e4tter violett oder dunkelrot gef\u00e4rbt. Im Herbst geht die dunkle Farbe in hellere Rot- bis Oranget\u00f6ne \u00fcber. Im Mai oder Juni bl\u00fcht sie mit flauschigen, panikartigen Bl\u00fcten von rosa Farbe. Es eignet sich f\u00fcr kleine G\u00e4rten, Terrassen, Hecken. Roggen wird auf kargen Kalksteinb\u00f6den an einem halbschattigen Platz gepflanzt. Sie w\u00e4chst auch gut auf anderen B\u00f6den, solange sie nicht zu viel Feuchtigkeit speichern. Weinraute ist eine winterharte Pflanze.    <\/p>\n","protected":false},"excerpt":{"rendered":"<ul>\n<li>Cotinus coggygria<\/li>\n<li>kompakter Strauch<\/li>\n<li>Die Bl\u00e4tter sind dunkelrot\/violett mit einem helleren Rand<\/li>\n<li>Geeignet f\u00fcr alle Arten von B\u00f6den<\/li>\n<\/ul>\n<h3><strong>Verpackt 1 S\u00e4mling auf einmal!<\/strong><\/h3>\n","protected":false},"featured_media":13648,"template":"","meta":{"site-sidebar-layout":"default","site-content-layout":"default","ast-site-content-layout":"default","site-content-style":"default","site-sidebar-style":"default","ast-global-header-display":"","ast-banner-title-visibility":"","ast-main-header-display":"","ast-hfb-above-header-display":"","ast-hfb-below-header-display":"","ast-hfb-mobile-header-display":"","site-post-title":"","ast-breadcrumbs-content":"","ast-featured-img":"","footer-sml-layout":"","ast-disable-related-posts":"","theme-transparent-header-meta":"default","adv-header-id-meta":"","stick-header-meta":"default","header-above-stick-meta":"","header-main-stick-meta":"","header-below-stick-meta":"","astra-migrate-meta-layouts":"default","ast-page-background-enabled":"default","ast-page-background-meta":{"desktop":{"background-color":"","background-image":"","background-repeat":"repeat","background-position":"center center","background-size":"auto","background-attachment":"scroll","background-type":"","background-media":"","overlay-type":"","overlay-color":"","overlay-opacity":"","overlay-gradient":""},"tablet":{"background-color":"","background-image":"","background-repeat":"repeat","background-position":"center center","background-size":"auto","background-attachment":"scroll","background-type":"","background-media":"","overlay-type":"","overlay-color":"","overlay-opacity":"","overlay-gradient":""},"mobile":{"background-color":"","background-image":"","background-repeat":"repeat","background-position":"center center","background-size":"auto","background-attachment":"scroll","background-type":"","background-media":"","overlay-type":"","overlay-color":"","overlay-opacity":"","overlay-gradient":""}},"ast-content-background-meta":{"desktop":{"background-color":"var(--ast-global-color-5)","background-image":"","background-repeat":"repeat","background-position":"center center","background-size":"auto","background-attachment":"scroll","background-type":"","background-media":"","overlay-type":"","overlay-color":"","overlay-opacity":"","overlay-gradient":""},"tablet":{"background-color":"var(--ast-global-color-5)","background-image":"","background-repeat":"repeat","background-position":"center center","background-size":"auto","background-attachment":"scroll","background-type":"","background-media":"","overlay-type":"","overlay-color":"","overlay-opacity":"","overlay-gradient":""},"mobile":{"background-color":"var(--ast-global-color-5)","background-image":"","background-repeat":"repeat","background-position":"center center","background-size":"auto","background-attachment":"scroll","background-type":"","background-media":"","overlay-type":"","overlay-color":"","overlay-opacity":"","overlay-gradient":""}}},"product_brand":[],"product_cat":[960],"product_tag":[985],"class_list":{"0":"post-14879","1":"product","2":"type-product","3":"status-publish","4":"has-post-thumbnail","6":"product_cat-straucher-und-baume","7":"product_tag-busche","8":"desktop-align-left","9":"tablet-align-left","10":"mobile-align-left","11":"ast-product-gallery-layout-horizontal","12":"ast-product-tabs-layout-horizontal","13":"ast-qv-on-image","15":"first","16":"outofstock","17":"taxable","18":"shipping-taxable","19":"purchasable","20":"product-type-simple"},"aioseo_notices":[],"_links":{"self":[{"href":"https:\/\/flanca.si\/de\/wp-json\/wp\/v2\/product\/14879","targetHints":{"allow":["GET"]}}],"collection":[{"href":"https:\/\/flanca.si\/de\/wp-json\/wp\/v2\/product"}],"about":[{"href":"https:\/\/flanca.si\/de\/wp-json\/wp\/v2\/types\/product"}],"wp:featuredmedia":[{"embeddable":true,"href":"https:\/\/flanca.si\/de\/wp-json\/wp\/v2\/media\/13648"}],"wp:attachment":[{"href":"https:\/\/flanca.si\/de\/wp-json\/wp\/v2\/media?parent=14879"}],"wp:term":[{"taxonomy":"product_brand","embeddable":true,"href":"https:\/\/flanca.si\/de\/wp-json\/wp\/v2\/product_brand?post=14879"},{"taxonomy":"product_cat","embeddable":true,"href":"https:\/\/flanca.si\/de\/wp-json\/wp\/v2\/product_cat?post=14879"},{"taxonomy":"product_tag","embeddable":true,"href":"https:\/\/flanca.si\/de\/wp-json\/wp\/v2\/product_tag?post=14879"}],"curies":[{"name":"wp","href":"https:\/\/api.w.org\/{rel}","templated":true}]}}