{"id":14875,"date":"2023-10-11T07:42:41","date_gmt":"2023-10-11T05:42:41","guid":{"rendered":"https:\/\/flanca.si\/izdelek\/davids-fool-ellens-blue\/"},"modified":"2023-10-11T07:42:41","modified_gmt":"2023-10-11T05:42:41","slug":"davids-fool-ellens-blue","status":"publish","type":"product","link":"https:\/\/flanca.si\/de\/produkt\/davids-fool-ellens-blue\/","title":{"rendered":"David&#8217;s Fool &#8218;Ellens Blue&#8216;"},"content":{"rendered":"<p>Laubabwerfender Strauch mit gew\u00f6lbten, gebogenen \u00c4sten wird bis zu 1,80 m hoch. In der Mitte des Sommers und bis in den Herbst hinein entwickeln sich r\u00f6hrenf\u00f6rmige Bl\u00fcten in dichten Bl\u00fctenst\u00e4nden, die Schmetterlinge anziehen. Getrocknete Bl\u00fcten werden regelm\u00e4\u00dfig (Ende M\u00e4rz) beschnitten, damit die Pflanze neue Triebe und Bl\u00fcten entwickelt. Die Bl\u00fcten haben eine intensive blau-violette Farbe. Er wird an sonnigen Standorten gepflanzt und durchl\u00e4ssige B\u00f6den entw\u00e4ssert. Als mehrj\u00e4hrige Pflanze ist sie unpr\u00e4tenti\u00f6s zu wachsen. Es kann f\u00fcr dekorative Hecken verwendet werden.   <\/p>\n","protected":false},"excerpt":{"rendered":"<ul>\n<li><em>Buddleja-Sorten \/ &#8218;Ellens Blue&#8216;<\/em><\/li>\n<li>mehrj\u00e4hrig<\/li>\n<li>konische blau-violette Bl\u00fcten<\/li>\n<li>Bl\u00fcten, die reich an Nektar sind<\/li>\n<li>zieht Schmetterlinge und Bienen an<\/li>\n<\/ul>\n<h4><strong>Verpackt 1 Pflanze auf einmal!<\/strong><\/h4>\n","protected":false},"featured_media":13643,"template":"","meta":{"site-sidebar-layout":"default","site-content-layout":"default","ast-site-content-layout":"default","site-content-style":"default","site-sidebar-style":"default","ast-global-header-display":"","ast-banner-title-visibility":"","ast-main-header-display":"","ast-hfb-above-header-display":"","ast-hfb-below-header-display":"","ast-hfb-mobile-header-display":"","site-post-title":"","ast-breadcrumbs-content":"","ast-featured-img":"","footer-sml-layout":"","ast-disable-related-posts":"","theme-transparent-header-meta":"default","adv-header-id-meta":"","stick-header-meta":"default","header-above-stick-meta":"","header-main-stick-meta":"","header-below-stick-meta":"","astra-migrate-meta-layouts":"default","ast-page-background-enabled":"default","ast-page-background-meta":{"desktop":{"background-color":"","background-image":"","background-repeat":"repeat","background-position":"center center","background-size":"auto","background-attachment":"scroll","background-type":"","background-media":"","overlay-type":"","overlay-color":"","overlay-opacity":"","overlay-gradient":""},"tablet":{"background-color":"","background-image":"","background-repeat":"repeat","background-position":"center center","background-size":"auto","background-attachment":"scroll","background-type":"","background-media":"","overlay-type":"","overlay-color":"","overlay-opacity":"","overlay-gradient":""},"mobile":{"background-color":"","background-image":"","background-repeat":"repeat","background-position":"center center","background-size":"auto","background-attachment":"scroll","background-type":"","background-media":"","overlay-type":"","overlay-color":"","overlay-opacity":"","overlay-gradient":""}},"ast-content-background-meta":{"desktop":{"background-color":"var(--ast-global-color-5)","background-image":"","background-repeat":"repeat","background-position":"center center","background-size":"auto","background-attachment":"scroll","background-type":"","background-media":"","overlay-type":"","overlay-color":"","overlay-opacity":"","overlay-gradient":""},"tablet":{"background-color":"var(--ast-global-color-5)","background-image":"","background-repeat":"repeat","background-position":"center center","background-size":"auto","background-attachment":"scroll","background-type":"","background-media":"","overlay-type":"","overlay-color":"","overlay-opacity":"","overlay-gradient":""},"mobile":{"background-color":"var(--ast-global-color-5)","background-image":"","background-repeat":"repeat","background-position":"center center","background-size":"auto","background-attachment":"scroll","background-type":"","background-media":"","overlay-type":"","overlay-color":"","overlay-opacity":"","overlay-gradient":""}}},"product_brand":[],"product_cat":[960],"product_tag":[957,958],"class_list":{"0":"post-14875","1":"product","2":"type-product","3":"status-publish","4":"has-post-thumbnail","6":"product_cat-straucher-und-baume","7":"product_tag-blumenbeete","8":"product_tag-honigpflanze","9":"desktop-align-left","10":"tablet-align-left","11":"mobile-align-left","12":"ast-product-gallery-layout-horizontal","13":"ast-product-tabs-layout-horizontal","14":"ast-qv-on-image","16":"first","17":"outofstock","18":"taxable","19":"shipping-taxable","20":"purchasable","21":"product-type-simple"},"aioseo_notices":[],"_links":{"self":[{"href":"https:\/\/flanca.si\/de\/wp-json\/wp\/v2\/product\/14875","targetHints":{"allow":["GET"]}}],"collection":[{"href":"https:\/\/flanca.si\/de\/wp-json\/wp\/v2\/product"}],"about":[{"href":"https:\/\/flanca.si\/de\/wp-json\/wp\/v2\/types\/product"}],"wp:featuredmedia":[{"embeddable":true,"href":"https:\/\/flanca.si\/de\/wp-json\/wp\/v2\/media\/13643"}],"wp:attachment":[{"href":"https:\/\/flanca.si\/de\/wp-json\/wp\/v2\/media?parent=14875"}],"wp:term":[{"taxonomy":"product_brand","embeddable":true,"href":"https:\/\/flanca.si\/de\/wp-json\/wp\/v2\/product_brand?post=14875"},{"taxonomy":"product_cat","embeddable":true,"href":"https:\/\/flanca.si\/de\/wp-json\/wp\/v2\/product_cat?post=14875"},{"taxonomy":"product_tag","embeddable":true,"href":"https:\/\/flanca.si\/de\/wp-json\/wp\/v2\/product_tag?post=14875"}],"curies":[{"name":"wp","href":"https:\/\/api.w.org\/{rel}","templated":true}]}}