{"id":14873,"date":"2023-10-11T07:15:40","date_gmt":"2023-10-11T05:15:40","guid":{"rendered":"https:\/\/flanca.si\/izdelek\/kanadische-regenbogenbirne-rainbow-pillar\/"},"modified":"2023-10-11T07:15:40","modified_gmt":"2023-10-11T05:15:40","slug":"kanadische-regenbogenbirne-rainbow-pillar","status":"publish","type":"product","link":"https:\/\/flanca.si\/de\/produkt\/kanadische-regenbogenbirne-rainbow-pillar\/","title":{"rendered":"Kanadische Regenbogenbirne &#8218;Rainbow Pillar&#8216;"},"content":{"rendered":"<p><strong>Die Eichh\u00f6rnchenbirne<\/strong> (<em>Amelanchier spp.)<\/em> ist ein vielseitiger Strauch oder kleiner Baum, der wegen seines dekorativen Wertes und seiner essbaren Fr\u00fcchte gesch\u00e4tzt wird. Die Pflanze wird je nach Sorte 3 bis 6 Meter hoch und hat eine elegante, verzweigte Krone. Im Fr\u00fchling bietet sie eine F\u00fclle von wei\u00dfen, sternf\u00f6rmigen Bl\u00fcten, die Best\u00e4uber anziehen, und im Sommer tr\u00e4gt sie kleine blauschwarze Beeren, die s\u00fc\u00df im Geschmack und reich an Vitaminen sind. Im Herbst leuchtet das Laub in warmen Rot-, Orange- und Gelbt\u00f6nen. Die Eibischbirne ist unpr\u00e4tenti\u00f6s zu pflegen. Sie gedeiht an sonnigen bis halbschattigen Standorten in gut durchl\u00e4ssigen B\u00f6den. Es ist resistent gegen K\u00e4lte und Krankheiten. Gie\u00dfen ist nur bei l\u00e4ngeren Trockenperioden notwendig. Der R\u00fcckschnitt erfolgt im zeitigen Fr\u00fchjahr oder nach der Ernte der Fr\u00fcchte, um die Form zu erhalten und alte oder besch\u00e4digte \u00c4ste zu entfernen. Sie wird aufgrund ihres attraktiven Aussehens zu allen Jahreszeiten als Zierpflanze in G\u00e4rten und Parks verwendet. Die Beeren eignen sich zum Verzehr frisch oder zur Verarbeitung zu Marmeladen und S\u00e4ften. Die Eibirne eignet sich auch hervorragend, um V\u00f6gel und Best\u00e4uber in den Garten zu locken. Die Sorte Rainbow Pillar ist ber\u00fchmt f\u00fcr ihren dichten, aufrechten Wuchs. H\u00f6he des oberirdischen Teils der Pflanze: ca. 25cm   <\/p>\n<p>&nbsp;<\/p>\n","protected":false},"excerpt":{"rendered":"<ul>\n<li><em>Amelanchier canadensis &#8218;Rainbow Pillar&#8216;  <\/em><\/li>\n<li>Essbare Fr\u00fcchte<\/li>\n<li>Sch\u00f6ner fr\u00fchlingsbl\u00fchender Strauch<\/li>\n<li>Attraktives r\u00f6tlich gef\u00e4rbtes Laub im Herbst<\/li>\n<li>Die aktuelle H\u00f6he der Pflanze betr\u00e4gt ca. ca. 25cm <\/li>\n<\/ul>\n<h4><strong>Verpackt 1 S\u00e4mling auf einmal!<\/strong><\/h4>\n","protected":false},"featured_media":13642,"template":"","meta":{"site-sidebar-layout":"default","site-content-layout":"default","ast-site-content-layout":"default","site-content-style":"default","site-sidebar-style":"default","ast-global-header-display":"","ast-banner-title-visibility":"","ast-main-header-display":"","ast-hfb-above-header-display":"","ast-hfb-below-header-display":"","ast-hfb-mobile-header-display":"","site-post-title":"","ast-breadcrumbs-content":"","ast-featured-img":"","footer-sml-layout":"","ast-disable-related-posts":"","theme-transparent-header-meta":"default","adv-header-id-meta":"","stick-header-meta":"default","header-above-stick-meta":"","header-main-stick-meta":"","header-below-stick-meta":"","astra-migrate-meta-layouts":"default","ast-page-background-enabled":"default","ast-page-background-meta":{"desktop":{"background-color":"","background-image":"","background-repeat":"repeat","background-position":"center center","background-size":"auto","background-attachment":"scroll","background-type":"","background-media":"","overlay-type":"","overlay-color":"","overlay-opacity":"","overlay-gradient":""},"tablet":{"background-color":"","background-image":"","background-repeat":"repeat","background-position":"center center","background-size":"auto","background-attachment":"scroll","background-type":"","background-media":"","overlay-type":"","overlay-color":"","overlay-opacity":"","overlay-gradient":""},"mobile":{"background-color":"","background-image":"","background-repeat":"repeat","background-position":"center center","background-size":"auto","background-attachment":"scroll","background-type":"","background-media":"","overlay-type":"","overlay-color":"","overlay-opacity":"","overlay-gradient":""}},"ast-content-background-meta":{"desktop":{"background-color":"var(--ast-global-color-5)","background-image":"","background-repeat":"repeat","background-position":"center center","background-size":"auto","background-attachment":"scroll","background-type":"","background-media":"","overlay-type":"","overlay-color":"","overlay-opacity":"","overlay-gradient":""},"tablet":{"background-color":"var(--ast-global-color-5)","background-image":"","background-repeat":"repeat","background-position":"center center","background-size":"auto","background-attachment":"scroll","background-type":"","background-media":"","overlay-type":"","overlay-color":"","overlay-opacity":"","overlay-gradient":""},"mobile":{"background-color":"var(--ast-global-color-5)","background-image":"","background-repeat":"repeat","background-position":"center center","background-size":"auto","background-attachment":"scroll","background-type":"","background-media":"","overlay-type":"","overlay-color":"","overlay-opacity":"","overlay-gradient":""}}},"product_brand":[],"product_cat":[913],"product_tag":[1029,1027],"class_list":{"0":"post-14873","1":"product","2":"type-product","3":"status-publish","4":"has-post-thumbnail","6":"product_cat-erdbeeren","7":"product_tag-ausgezeichneter-geschmack","8":"product_tag-essbare-fruchte","9":"desktop-align-left","10":"tablet-align-left","11":"mobile-align-left","12":"ast-product-gallery-layout-horizontal","13":"ast-product-tabs-layout-horizontal","14":"ast-qv-on-image","16":"first","17":"instock","18":"taxable","19":"shipping-taxable","20":"purchasable","21":"product-type-simple"},"aioseo_notices":[],"_links":{"self":[{"href":"https:\/\/flanca.si\/de\/wp-json\/wp\/v2\/product\/14873","targetHints":{"allow":["GET"]}}],"collection":[{"href":"https:\/\/flanca.si\/de\/wp-json\/wp\/v2\/product"}],"about":[{"href":"https:\/\/flanca.si\/de\/wp-json\/wp\/v2\/types\/product"}],"wp:featuredmedia":[{"embeddable":true,"href":"https:\/\/flanca.si\/de\/wp-json\/wp\/v2\/media\/13642"}],"wp:attachment":[{"href":"https:\/\/flanca.si\/de\/wp-json\/wp\/v2\/media?parent=14873"}],"wp:term":[{"taxonomy":"product_brand","embeddable":true,"href":"https:\/\/flanca.si\/de\/wp-json\/wp\/v2\/product_brand?post=14873"},{"taxonomy":"product_cat","embeddable":true,"href":"https:\/\/flanca.si\/de\/wp-json\/wp\/v2\/product_cat?post=14873"},{"taxonomy":"product_tag","embeddable":true,"href":"https:\/\/flanca.si\/de\/wp-json\/wp\/v2\/product_tag?post=14873"}],"curies":[{"name":"wp","href":"https:\/\/api.w.org\/{rel}","templated":true}]}}