{"id":14864,"date":"2023-08-25T07:18:10","date_gmt":"2023-08-25T05:18:10","guid":{"rendered":"https:\/\/flanca.si\/izdelek\/dalmatinischer-flohkaefer\/"},"modified":"2023-08-25T07:18:10","modified_gmt":"2023-08-25T05:18:10","slug":"dalmatinischer-flohkaefer","status":"publish","type":"product","link":"https:\/\/flanca.si\/de\/produkt\/dalmatinischer-flohkaefer\/","title":{"rendered":"Dalmatinischer Flohk\u00e4fer"},"content":{"rendered":"<p>Die Bl\u00fctenk\u00f6pfe des Dalmatinischen Flohk\u00e4fers enthalten wirksame nat\u00fcrliche Insektizide, da sie die Funktion des Nervensystems des Insekts st\u00f6ren. Daher wird der Flohk\u00e4fer aufgrund seiner insektiziden Eigenschaften in der N\u00e4he von Plantagen mit Kulturpflanzen gepflanzt, da er Blattl\u00e4use, Spinnmilben, Zecken, pflanzenfressende Wanzen und andere Sch\u00e4dlinge abwehren soll. Sie w\u00e4chst auf offenem und sonnigem Boden, w\u00e4chst am besten in alkalischen und drainagenden B\u00f6den. Getrocknete und pulverisierte Flohbl\u00fctenk\u00f6pfe werden seit langem als nat\u00fcrliches Insektenschutzmittel verwendet, als trockenes Pulver, das in \u00d6l oder Wasser aufgel\u00f6st wird. Es ist vor allem n\u00fctzlich zur Bek\u00e4mpfung von Hautparasiten (Fl\u00f6he, L\u00e4use, Wanzen) bei Menschen und Tieren, nach denen diese Pflanzen ihren Namen erhielten. In Dosen, die f\u00fcr Insekten noch nicht t\u00f6dlich sind, wirkt es abweisend. <\/p>\n","protected":false},"excerpt":{"rendered":"<ul>\n<li><em>Chrysanthemum cinerariifolium<\/em><\/li>\n<li>mehrj\u00e4hrig<\/li>\n<li>enth\u00e4lt Neurotoxine<\/li>\n<li>Insektizide Eigenschaften<\/li>\n<li>Kontrolle von Hautparasiten<\/li>\n<\/ul>\n<h4><strong>Verpackt 1 S\u00e4mling auf einmal!<\/strong><\/h4>\n","protected":false},"featured_media":13603,"template":"","meta":{"site-sidebar-layout":"default","site-content-layout":"default","ast-site-content-layout":"default","site-content-style":"default","site-sidebar-style":"default","ast-global-header-display":"","ast-banner-title-visibility":"","ast-main-header-display":"","ast-hfb-above-header-display":"","ast-hfb-below-header-display":"","ast-hfb-mobile-header-display":"","site-post-title":"","ast-breadcrumbs-content":"","ast-featured-img":"","footer-sml-layout":"","ast-disable-related-posts":"","theme-transparent-header-meta":"default","adv-header-id-meta":"","stick-header-meta":"default","header-above-stick-meta":"","header-main-stick-meta":"","header-below-stick-meta":"","astra-migrate-meta-layouts":"default","ast-page-background-enabled":"default","ast-page-background-meta":{"desktop":{"background-color":"","background-image":"","background-repeat":"repeat","background-position":"center center","background-size":"auto","background-attachment":"scroll","background-type":"","background-media":"","overlay-type":"","overlay-color":"","overlay-opacity":"","overlay-gradient":""},"tablet":{"background-color":"","background-image":"","background-repeat":"repeat","background-position":"center center","background-size":"auto","background-attachment":"scroll","background-type":"","background-media":"","overlay-type":"","overlay-color":"","overlay-opacity":"","overlay-gradient":""},"mobile":{"background-color":"","background-image":"","background-repeat":"repeat","background-position":"center center","background-size":"auto","background-attachment":"scroll","background-type":"","background-media":"","overlay-type":"","overlay-color":"","overlay-opacity":"","overlay-gradient":""}},"ast-content-background-meta":{"desktop":{"background-color":"var(--ast-global-color-5)","background-image":"","background-repeat":"repeat","background-position":"center center","background-size":"auto","background-attachment":"scroll","background-type":"","background-media":"","overlay-type":"","overlay-color":"","overlay-opacity":"","overlay-gradient":""},"tablet":{"background-color":"var(--ast-global-color-5)","background-image":"","background-repeat":"repeat","background-position":"center center","background-size":"auto","background-attachment":"scroll","background-type":"","background-media":"","overlay-type":"","overlay-color":"","overlay-opacity":"","overlay-gradient":""},"mobile":{"background-color":"var(--ast-global-color-5)","background-image":"","background-repeat":"repeat","background-position":"center center","background-size":"auto","background-attachment":"scroll","background-type":"","background-media":"","overlay-type":"","overlay-color":"","overlay-opacity":"","overlay-gradient":""}}},"product_brand":[],"product_cat":[1002],"product_tag":[1006,1004,963],"class_list":{"0":"post-14864","1":"product","2":"type-product","3":"status-publish","4":"has-post-thumbnail","6":"product_cat-andere-krauter","7":"product_tag-heilpflanze","8":"product_tag-krauter","9":"product_tag-zierpflanze","10":"desktop-align-left","11":"tablet-align-left","12":"mobile-align-left","13":"ast-product-gallery-layout-horizontal","14":"ast-product-gallery-with-no-image","15":"ast-product-tabs-layout-horizontal","16":"ast-qv-on-image","18":"first","19":"instock","20":"taxable","21":"shipping-taxable","22":"purchasable","23":"product-type-simple"},"aioseo_notices":[],"_links":{"self":[{"href":"https:\/\/flanca.si\/de\/wp-json\/wp\/v2\/product\/14864","targetHints":{"allow":["GET"]}}],"collection":[{"href":"https:\/\/flanca.si\/de\/wp-json\/wp\/v2\/product"}],"about":[{"href":"https:\/\/flanca.si\/de\/wp-json\/wp\/v2\/types\/product"}],"wp:featuredmedia":[{"embeddable":true,"href":"https:\/\/flanca.si\/de\/wp-json\/wp\/v2\/media\/13603"}],"wp:attachment":[{"href":"https:\/\/flanca.si\/de\/wp-json\/wp\/v2\/media?parent=14864"}],"wp:term":[{"taxonomy":"product_brand","embeddable":true,"href":"https:\/\/flanca.si\/de\/wp-json\/wp\/v2\/product_brand?post=14864"},{"taxonomy":"product_cat","embeddable":true,"href":"https:\/\/flanca.si\/de\/wp-json\/wp\/v2\/product_cat?post=14864"},{"taxonomy":"product_tag","embeddable":true,"href":"https:\/\/flanca.si\/de\/wp-json\/wp\/v2\/product_tag?post=14864"}],"curies":[{"name":"wp","href":"https:\/\/api.w.org\/{rel}","templated":true}]}}