{"id":14853,"date":"2023-05-29T12:34:10","date_gmt":"2023-05-29T10:34:10","guid":{"rendered":"https:\/\/flanca.si\/izdelek\/melancans-laenglich-lila-p10\/"},"modified":"2023-05-29T12:34:10","modified_gmt":"2023-05-29T10:34:10","slug":"melancans-laenglich-lila-p10","status":"publish","type":"product","link":"https:\/\/flanca.si\/de\/produkt\/melancans-laenglich-lila-p10\/","title":{"rendered":"Melancans l\u00e4nglich lila P10"},"content":{"rendered":"<p>Auberginensorten, die einen starken Wuchs aufweisen und sich auch f\u00fcr den Freilandanbau eignen. Die Fr\u00fcchte sind oval bis leicht l\u00e4nglich, gl\u00e4nzend dunkelviolett. Ihr Gewicht betr\u00e4gt ca. 500 g. Die Sorte ergibt eine gro\u00dfe und hochwertige Ernte. Die Fr\u00fcchte werden geerntet, wenn die Auberginenschale sch\u00f6n straff und gl\u00e4nzend ist. Wenn wir eine gute Ernte erzielen wollen, ist eine kontinuierliche Bew\u00e4sserung der Pflanzen notwendig. Die Setzlinge werden im Freien gepflanzt, wenn die Gefahr niedriger Temperaturen vor\u00fcber ist, meistens Mitte Mai. Die Fr\u00fcchte werden jedoch von Ende Juli bis September geerntet. Auberginen sind ein vielseitiges und gesundes Gem\u00fcse.   <\/p>\n","protected":false},"excerpt":{"rendered":"<ul>\n<li>ovale bis l\u00e4ngliche Fruchtform<\/li>\n<li>violette Farbe der Fr\u00fcchte<\/li>\n<li>Gro\u00dfer und hochwertiger Ertrag<\/li>\n<li>Geeignet f\u00fcr den Anbau im Freien<\/li>\n<\/ul>\n<h4><strong>Verpackt 1 S\u00e4mling auf einmal!<\/strong><\/h4>\n","protected":false},"featured_media":12506,"template":"","meta":{"site-sidebar-layout":"default","site-content-layout":"default","ast-site-content-layout":"default","site-content-style":"default","site-sidebar-style":"default","ast-global-header-display":"","ast-banner-title-visibility":"","ast-main-header-display":"","ast-hfb-above-header-display":"","ast-hfb-below-header-display":"","ast-hfb-mobile-header-display":"","site-post-title":"","ast-breadcrumbs-content":"","ast-featured-img":"","footer-sml-layout":"","ast-disable-related-posts":"","theme-transparent-header-meta":"default","adv-header-id-meta":"","stick-header-meta":"default","header-above-stick-meta":"","header-main-stick-meta":"","header-below-stick-meta":"","astra-migrate-meta-layouts":"default","ast-page-background-enabled":"default","ast-page-background-meta":{"desktop":{"background-color":"","background-image":"","background-repeat":"repeat","background-position":"center center","background-size":"auto","background-attachment":"scroll","background-type":"","background-media":"","overlay-type":"","overlay-color":"","overlay-opacity":"","overlay-gradient":""},"tablet":{"background-color":"","background-image":"","background-repeat":"repeat","background-position":"center center","background-size":"auto","background-attachment":"scroll","background-type":"","background-media":"","overlay-type":"","overlay-color":"","overlay-opacity":"","overlay-gradient":""},"mobile":{"background-color":"","background-image":"","background-repeat":"repeat","background-position":"center center","background-size":"auto","background-attachment":"scroll","background-type":"","background-media":"","overlay-type":"","overlay-color":"","overlay-opacity":"","overlay-gradient":""}},"ast-content-background-meta":{"desktop":{"background-color":"var(--ast-global-color-5)","background-image":"","background-repeat":"repeat","background-position":"center center","background-size":"auto","background-attachment":"scroll","background-type":"","background-media":"","overlay-type":"","overlay-color":"","overlay-opacity":"","overlay-gradient":""},"tablet":{"background-color":"var(--ast-global-color-5)","background-image":"","background-repeat":"repeat","background-position":"center center","background-size":"auto","background-attachment":"scroll","background-type":"","background-media":"","overlay-type":"","overlay-color":"","overlay-opacity":"","overlay-gradient":""},"mobile":{"background-color":"var(--ast-global-color-5)","background-image":"","background-repeat":"repeat","background-position":"center center","background-size":"auto","background-attachment":"scroll","background-type":"","background-media":"","overlay-type":"","overlay-color":"","overlay-opacity":"","overlay-gradient":""}}},"product_brand":[],"product_cat":[1024],"product_tag":[1050,1051],"class_list":{"0":"post-14853","1":"product","2":"type-product","3":"status-publish","4":"has-post-thumbnail","6":"product_cat-tomate","7":"product_tag-aubergine","8":"product_tag-melancan-de","9":"desktop-align-left","10":"tablet-align-left","11":"mobile-align-left","12":"ast-product-gallery-layout-horizontal","13":"ast-product-tabs-layout-horizontal","14":"ast-qv-on-image","16":"first","17":"instock","18":"taxable","19":"shipping-taxable","20":"purchasable","21":"product-type-simple"},"aioseo_notices":[],"_links":{"self":[{"href":"https:\/\/flanca.si\/de\/wp-json\/wp\/v2\/product\/14853","targetHints":{"allow":["GET"]}}],"collection":[{"href":"https:\/\/flanca.si\/de\/wp-json\/wp\/v2\/product"}],"about":[{"href":"https:\/\/flanca.si\/de\/wp-json\/wp\/v2\/types\/product"}],"wp:featuredmedia":[{"embeddable":true,"href":"https:\/\/flanca.si\/de\/wp-json\/wp\/v2\/media\/12506"}],"wp:attachment":[{"href":"https:\/\/flanca.si\/de\/wp-json\/wp\/v2\/media?parent=14853"}],"wp:term":[{"taxonomy":"product_brand","embeddable":true,"href":"https:\/\/flanca.si\/de\/wp-json\/wp\/v2\/product_brand?post=14853"},{"taxonomy":"product_cat","embeddable":true,"href":"https:\/\/flanca.si\/de\/wp-json\/wp\/v2\/product_cat?post=14853"},{"taxonomy":"product_tag","embeddable":true,"href":"https:\/\/flanca.si\/de\/wp-json\/wp\/v2\/product_tag?post=14853"}],"curies":[{"name":"wp","href":"https:\/\/api.w.org\/{rel}","templated":true}]}}