{"id":14836,"date":"2023-03-30T14:26:04","date_gmt":"2023-03-30T12:26:04","guid":{"rendered":"https:\/\/flanca.si\/izdelek\/sibirische-heidelbeere-haskap-myberry-bee\/"},"modified":"2023-03-30T14:26:04","modified_gmt":"2023-03-30T12:26:04","slug":"sibirische-heidelbeere-haskap-myberry-bee","status":"publish","type":"product","link":"https:\/\/flanca.si\/de\/produkt\/sibirische-heidelbeere-haskap-myberry-bee\/","title":{"rendered":"Sibirische Heidelbeere (Haskap) &#8218;Myberry Bee&#8216;"},"content":{"rendered":"<p>Die Haskap-Erdbeere ist eine extrem widerstandsf\u00e4hige und unpr\u00e4tenti\u00f6se Pflanze. Es handelt sich um einen mehrj\u00e4hrigen Strauch, der bis zu 2 m hoch wird. Sein Name ist etwas irref\u00fchrend, da er nicht mit klassischen und amerikanischen Blaubeeren verwandt ist. Haskap-Erdbeerstr\u00e4ucher gedeihen in der Natur in Russland, China und auf der japanischen Insel Hokkaido. Sie gedeihen in gew\u00f6hnlicher Gartenerde. Sie bl\u00fchen sehr fr\u00fch, im M\u00e4rz oder April, mit gelben Bl\u00fcten, und die Fr\u00fcchte reifen von Mai bis Juni. Um die Best\u00e4ubung zu gew\u00e4hrleisten, m\u00fcssen wir mindestens zwei verschiedene Sorten von Haskap-Erdbeeren im Garten haben. Die volle Fruchtbildung erfolgt im vierten oder f\u00fcnften Jahr des S\u00e4mlings. Die Fr\u00fcchte der sibirischen Heidelbeeren haben eine l\u00e4ngliche Form und sind ziemlich s\u00e4uerlich, ihre Gr\u00f6\u00dfe variiert stark von Sorte zu Sorte. Die Fr\u00fcchte eignen sich f\u00fcr die Verarbeitung und den Frischverzehr. Die Sorte &#8218;Myberry Bee&#8216; geh\u00f6rt zur Gruppe der gro\u00dffr\u00fcchtigen sibirischen Heidelbeeren. Sie geh\u00f6rt zu den mittelfr\u00fchen Sorten. Sie bl\u00fcht Ende M\u00e4rz oder im April, die Fr\u00fcchte reifen im Mai oder Juni. Die Fr\u00fcchte sind bis zu 3 cm gro\u00df, dunkelblau gef\u00e4rbt und l\u00e4nglich in der Form. Um die Best\u00e4ubung zu erleichtern, wird empfohlen, mit der Sorte &#8218;Myberry Farm&#8216; zu pflanzen.    <\/p>\n<p>&nbsp;<\/p>\n","protected":false},"excerpt":{"rendered":"<ul>\n<li><em>Lonicera kamtschatica<\/em><\/li>\n<li>resistent gegen K\u00e4lte und Sommerhitze<\/li>\n<li>ben\u00f6tigt keinen sauren Boden<\/li>\n<li>mittlere fr\u00fche Sorte<\/li>\n<li>bl\u00fcht im April<\/li>\n<li>Fr\u00fcchte reifen im Juni<\/li>\n<\/ul>\n","protected":false},"featured_media":13559,"template":"","meta":{"site-sidebar-layout":"default","site-content-layout":"default","ast-site-content-layout":"default","site-content-style":"default","site-sidebar-style":"default","ast-global-header-display":"","ast-banner-title-visibility":"","ast-main-header-display":"","ast-hfb-above-header-display":"","ast-hfb-below-header-display":"","ast-hfb-mobile-header-display":"","site-post-title":"","ast-breadcrumbs-content":"","ast-featured-img":"","footer-sml-layout":"","ast-disable-related-posts":"","theme-transparent-header-meta":"default","adv-header-id-meta":"","stick-header-meta":"default","header-above-stick-meta":"","header-main-stick-meta":"","header-below-stick-meta":"","astra-migrate-meta-layouts":"default","ast-page-background-enabled":"default","ast-page-background-meta":{"desktop":{"background-color":"","background-image":"","background-repeat":"repeat","background-position":"center center","background-size":"auto","background-attachment":"scroll","background-type":"","background-media":"","overlay-type":"","overlay-color":"","overlay-opacity":"","overlay-gradient":""},"tablet":{"background-color":"","background-image":"","background-repeat":"repeat","background-position":"center center","background-size":"auto","background-attachment":"scroll","background-type":"","background-media":"","overlay-type":"","overlay-color":"","overlay-opacity":"","overlay-gradient":""},"mobile":{"background-color":"","background-image":"","background-repeat":"repeat","background-position":"center center","background-size":"auto","background-attachment":"scroll","background-type":"","background-media":"","overlay-type":"","overlay-color":"","overlay-opacity":"","overlay-gradient":""}},"ast-content-background-meta":{"desktop":{"background-color":"var(--ast-global-color-5)","background-image":"","background-repeat":"repeat","background-position":"center center","background-size":"auto","background-attachment":"scroll","background-type":"","background-media":"","overlay-type":"","overlay-color":"","overlay-opacity":"","overlay-gradient":""},"tablet":{"background-color":"var(--ast-global-color-5)","background-image":"","background-repeat":"repeat","background-position":"center center","background-size":"auto","background-attachment":"scroll","background-type":"","background-media":"","overlay-type":"","overlay-color":"","overlay-opacity":"","overlay-gradient":""},"mobile":{"background-color":"var(--ast-global-color-5)","background-image":"","background-repeat":"repeat","background-position":"center center","background-size":"auto","background-attachment":"scroll","background-type":"","background-media":"","overlay-type":"","overlay-color":"","overlay-opacity":"","overlay-gradient":""}}},"product_brand":[],"product_cat":[913],"product_tag":[995,988],"class_list":{"0":"post-14836","1":"product","2":"type-product","3":"status-publish","4":"has-post-thumbnail","6":"product_cat-erdbeeren","7":"product_tag-heidelbeeren","8":"product_tag-telugu","9":"desktop-align-left","10":"tablet-align-left","11":"mobile-align-left","12":"ast-product-gallery-layout-horizontal","13":"ast-product-gallery-with-no-image","14":"ast-product-tabs-layout-horizontal","15":"ast-qv-on-image","17":"first","18":"instock","19":"taxable","20":"shipping-taxable","21":"purchasable","22":"product-type-simple"},"aioseo_notices":[],"_links":{"self":[{"href":"https:\/\/flanca.si\/de\/wp-json\/wp\/v2\/product\/14836","targetHints":{"allow":["GET"]}}],"collection":[{"href":"https:\/\/flanca.si\/de\/wp-json\/wp\/v2\/product"}],"about":[{"href":"https:\/\/flanca.si\/de\/wp-json\/wp\/v2\/types\/product"}],"wp:featuredmedia":[{"embeddable":true,"href":"https:\/\/flanca.si\/de\/wp-json\/wp\/v2\/media\/13559"}],"wp:attachment":[{"href":"https:\/\/flanca.si\/de\/wp-json\/wp\/v2\/media?parent=14836"}],"wp:term":[{"taxonomy":"product_brand","embeddable":true,"href":"https:\/\/flanca.si\/de\/wp-json\/wp\/v2\/product_brand?post=14836"},{"taxonomy":"product_cat","embeddable":true,"href":"https:\/\/flanca.si\/de\/wp-json\/wp\/v2\/product_cat?post=14836"},{"taxonomy":"product_tag","embeddable":true,"href":"https:\/\/flanca.si\/de\/wp-json\/wp\/v2\/product_tag?post=14836"}],"curies":[{"name":"wp","href":"https:\/\/api.w.org\/{rel}","templated":true}]}}