{"id":14835,"date":"2023-03-21T09:42:49","date_gmt":"2023-03-21T08:42:49","guid":{"rendered":"https:\/\/flanca.si\/izdelek\/meilenfeige-ficus-carica-firoma\/"},"modified":"2023-03-21T09:42:49","modified_gmt":"2023-03-21T08:42:49","slug":"meilenfeige-ficus-carica-firoma","status":"publish","type":"product","link":"https:\/\/flanca.si\/de\/produkt\/meilenfeige-ficus-carica-firoma\/","title":{"rendered":"Meilenfeige &#8211; Ficus carica &#8218;Firoma&#8216;"},"content":{"rendered":"<p>Die Hirsefeige ist selbstfruchtbar und einh\u00e4usig. Es handelt sich um eine stark verzweigte Pflanze, die bis zu 3m hoch wird. Blaue birnenf\u00f6rmige Fr\u00fcchte reifen Ende September bzw. Anfang Oktober. In der Gr\u00f6\u00dfe sind sie kleiner als die Fr\u00fcchte anderer Sorten. Das Fruchtfleisch ist saftig, voller Geschmack, s\u00fc\u00df und aromatisch. Figo oder Feige kann in ganz Slowenien angebaut werden, obwohl sie am typischsten f\u00fcr das slowenische Istrien, Gori\u0161ka und Brda ist. Ficus carica hat sehr gro\u00dfe, sch\u00f6ne und sezierte Bl\u00e4tter, die neben schmackhaften Fr\u00fcchten den Wert dieses Obstbaums weiter steigern. Sie w\u00e4chst gut auf tiefgr\u00fcndigen, reichhaltigen und durchl\u00e4ssigen B\u00f6den. Es ist resistent gegen Krankheiten und Sch\u00e4dlinge. Er h\u00e4lt Trockenheit und K\u00e4lte stand. Im Ruhezustand h\u00e4lt es Temperaturen von bis zu -15 \u00b0C stand.          <\/p>\n","protected":false},"excerpt":{"rendered":"<ul>\n<li>Ficus carica &#8218;Firoma&#8216;<\/li>\n<li>Fr\u00fcchte reifen im Oktober<\/li>\n<li>saftiges, aromatisches Fleisch<\/li>\n<li>resistent gegen Krankheiten und Sch\u00e4dlinge<\/li>\n<li>S\u00e4mlingsh\u00f6he ca. ca. 25cm <\/li>\n<\/ul>\n<h5>Verpackt 1 S\u00e4mling auf einmal!<\/h5>\n","protected":false},"featured_media":13553,"template":"","meta":{"site-sidebar-layout":"default","site-content-layout":"default","ast-site-content-layout":"default","site-content-style":"default","site-sidebar-style":"default","ast-global-header-display":"","ast-banner-title-visibility":"","ast-main-header-display":"","ast-hfb-above-header-display":"","ast-hfb-below-header-display":"","ast-hfb-mobile-header-display":"","site-post-title":"","ast-breadcrumbs-content":"","ast-featured-img":"","footer-sml-layout":"","ast-disable-related-posts":"","theme-transparent-header-meta":"default","adv-header-id-meta":"","stick-header-meta":"default","header-above-stick-meta":"","header-main-stick-meta":"","header-below-stick-meta":"","astra-migrate-meta-layouts":"default","ast-page-background-enabled":"default","ast-page-background-meta":{"desktop":{"background-color":"","background-image":"","background-repeat":"repeat","background-position":"center center","background-size":"auto","background-attachment":"scroll","background-type":"","background-media":"","overlay-type":"","overlay-color":"","overlay-opacity":"","overlay-gradient":""},"tablet":{"background-color":"","background-image":"","background-repeat":"repeat","background-position":"center center","background-size":"auto","background-attachment":"scroll","background-type":"","background-media":"","overlay-type":"","overlay-color":"","overlay-opacity":"","overlay-gradient":""},"mobile":{"background-color":"","background-image":"","background-repeat":"repeat","background-position":"center center","background-size":"auto","background-attachment":"scroll","background-type":"","background-media":"","overlay-type":"","overlay-color":"","overlay-opacity":"","overlay-gradient":""}},"ast-content-background-meta":{"desktop":{"background-color":"var(--ast-global-color-5)","background-image":"","background-repeat":"repeat","background-position":"center center","background-size":"auto","background-attachment":"scroll","background-type":"","background-media":"","overlay-type":"","overlay-color":"","overlay-opacity":"","overlay-gradient":""},"tablet":{"background-color":"var(--ast-global-color-5)","background-image":"","background-repeat":"repeat","background-position":"center center","background-size":"auto","background-attachment":"scroll","background-type":"","background-media":"","overlay-type":"","overlay-color":"","overlay-opacity":"","overlay-gradient":""},"mobile":{"background-color":"var(--ast-global-color-5)","background-image":"","background-repeat":"repeat","background-position":"center center","background-size":"auto","background-attachment":"scroll","background-type":"","background-media":"","overlay-type":"","overlay-color":"","overlay-opacity":"","overlay-gradient":""}}},"product_brand":[],"product_cat":[15],"product_tag":[997,916],"class_list":{"0":"post-14835","1":"product","2":"type-product","3":"status-publish","4":"has-post-thumbnail","6":"product_cat-nekategorizirano","7":"product_tag-nutzpflanze","8":"product_tag-obst","9":"desktop-align-left","10":"tablet-align-left","11":"mobile-align-left","12":"ast-product-gallery-layout-horizontal","13":"ast-product-gallery-with-no-image","14":"ast-product-tabs-layout-horizontal","15":"ast-qv-on-image","17":"first","18":"outofstock","19":"taxable","20":"shipping-taxable","21":"purchasable","22":"product-type-simple"},"aioseo_notices":[],"_links":{"self":[{"href":"https:\/\/flanca.si\/de\/wp-json\/wp\/v2\/product\/14835","targetHints":{"allow":["GET"]}}],"collection":[{"href":"https:\/\/flanca.si\/de\/wp-json\/wp\/v2\/product"}],"about":[{"href":"https:\/\/flanca.si\/de\/wp-json\/wp\/v2\/types\/product"}],"wp:featuredmedia":[{"embeddable":true,"href":"https:\/\/flanca.si\/de\/wp-json\/wp\/v2\/media\/13553"}],"wp:attachment":[{"href":"https:\/\/flanca.si\/de\/wp-json\/wp\/v2\/media?parent=14835"}],"wp:term":[{"taxonomy":"product_brand","embeddable":true,"href":"https:\/\/flanca.si\/de\/wp-json\/wp\/v2\/product_brand?post=14835"},{"taxonomy":"product_cat","embeddable":true,"href":"https:\/\/flanca.si\/de\/wp-json\/wp\/v2\/product_cat?post=14835"},{"taxonomy":"product_tag","embeddable":true,"href":"https:\/\/flanca.si\/de\/wp-json\/wp\/v2\/product_tag?post=14835"}],"curies":[{"name":"wp","href":"https:\/\/api.w.org\/{rel}","templated":true}]}}