{"id":14833,"date":"2023-03-30T14:08:11","date_gmt":"2023-03-30T12:08:11","guid":{"rendered":"https:\/\/flanca.si\/izdelek\/sibirische-heidelbeere-haskap-blaue-banane\/"},"modified":"2025-01-15T12:39:14","modified_gmt":"2025-01-15T11:39:14","slug":"sibirische-heidelbeere-haskap-blaue-banane","status":"publish","type":"product","link":"https:\/\/flanca.si\/de\/produkt\/sibirische-heidelbeere-haskap-blaue-banane\/","title":{"rendered":"Sibirische Heidelbeere (Haskap) &#8218;Blaue Banane&#8216;"},"content":{"rendered":"<p>Die Haskap-Erdbeere ist eine extrem widerstandsf\u00e4hige und unpr\u00e4tenti\u00f6se Pflanze. Es handelt sich um einen mehrj\u00e4hrigen Strauch, der bis zu 2 m hoch wird. Sein Name ist etwas irref\u00fchrend, da er nicht mit klassischen und amerikanischen Blaubeeren verwandt ist. Haskap-Erdbeerstr\u00e4ucher gedeihen in der Natur in Russland, China und auf der japanischen Insel Hokkaido. Sie gedeihen in gew\u00f6hnlicher Gartenerde. Sie bl\u00fchen sehr fr\u00fch, im M\u00e4rz oder April, mit gelben Bl\u00fcten, und die Fr\u00fcchte reifen von Mai bis Juni. Um die Best\u00e4ubung zu gew\u00e4hrleisten, m\u00fcssen wir mindestens zwei verschiedene Sorten von Haskap-Erdbeeren im Garten haben. Die volle Fruchtbildung erfolgt im vierten oder f\u00fcnften Jahr des S\u00e4mlings. Die Fr\u00fcchte der sibirischen Heidelbeeren haben eine l\u00e4ngliche Form und sind ziemlich s\u00e4uerlich, ihre Gr\u00f6\u00dfe variiert stark von Sorte zu Sorte. Die Fr\u00fcchte eignen sich f\u00fcr die Verarbeitung und den Frischverzehr. Die Sorte <strong>Blue Banana <\/strong>w\u00e4chst zu einem sch\u00f6n verzweigten Busch heran. Sie geh\u00f6rt zu den mittelfr\u00fchen Sorten. Sie bl\u00fcht im April, und die Fr\u00fcchte reifen von Mitte Juni bis Mitte Juli. Die Fr\u00fcchte sind gro\u00df, dunkelblau gef\u00e4rbt und bananenf\u00f6rmig.    <\/p>\n<p>&nbsp;<\/p>\n","protected":false},"excerpt":{"rendered":"<ul>\n<li><em>Lonicera caerulea var. Kamtschatika <\/em><\/li>\n<li>resistent gegen K\u00e4lte und Sommerhitze<\/li>\n<li>ben\u00f6tigt keinen sauren Boden<\/li>\n<li>mittlere fr\u00fche Sorte<\/li>\n<li>bl\u00fcht im April<\/li>\n<li>Die Fr\u00fcchte reifen Ende Juni<\/li>\n<\/ul>\n","protected":false},"featured_media":13558,"template":"","meta":{"site-sidebar-layout":"default","site-content-layout":"default","ast-site-content-layout":"default","site-content-style":"default","site-sidebar-style":"default","ast-global-header-display":"","ast-banner-title-visibility":"","ast-main-header-display":"","ast-hfb-above-header-display":"","ast-hfb-below-header-display":"","ast-hfb-mobile-header-display":"","site-post-title":"","ast-breadcrumbs-content":"","ast-featured-img":"","footer-sml-layout":"","ast-disable-related-posts":"","theme-transparent-header-meta":"","adv-header-id-meta":"","stick-header-meta":"","header-above-stick-meta":"","header-main-stick-meta":"","header-below-stick-meta":"","astra-migrate-meta-layouts":"default","ast-page-background-enabled":"default","ast-page-background-meta":{"desktop":{"background-color":"","background-image":"","background-repeat":"repeat","background-position":"center center","background-size":"auto","background-attachment":"scroll","background-type":"","background-media":"","overlay-type":"","overlay-color":"","overlay-opacity":"","overlay-gradient":""},"tablet":{"background-color":"","background-image":"","background-repeat":"repeat","background-position":"center center","background-size":"auto","background-attachment":"scroll","background-type":"","background-media":"","overlay-type":"","overlay-color":"","overlay-opacity":"","overlay-gradient":""},"mobile":{"background-color":"","background-image":"","background-repeat":"repeat","background-position":"center center","background-size":"auto","background-attachment":"scroll","background-type":"","background-media":"","overlay-type":"","overlay-color":"","overlay-opacity":"","overlay-gradient":""}},"ast-content-background-meta":{"desktop":{"background-color":"var(--ast-global-color-5)","background-image":"","background-repeat":"repeat","background-position":"center center","background-size":"auto","background-attachment":"scroll","background-type":"","background-media":"","overlay-type":"","overlay-color":"","overlay-opacity":"","overlay-gradient":""},"tablet":{"background-color":"var(--ast-global-color-5)","background-image":"","background-repeat":"repeat","background-position":"center center","background-size":"auto","background-attachment":"scroll","background-type":"","background-media":"","overlay-type":"","overlay-color":"","overlay-opacity":"","overlay-gradient":""},"mobile":{"background-color":"var(--ast-global-color-5)","background-image":"","background-repeat":"repeat","background-position":"center center","background-size":"auto","background-attachment":"scroll","background-type":"","background-media":"","overlay-type":"","overlay-color":"","overlay-opacity":"","overlay-gradient":""}}},"product_brand":[],"product_cat":[913],"product_tag":[995,988],"class_list":{"0":"post-14833","1":"product","2":"type-product","3":"status-publish","4":"has-post-thumbnail","6":"product_cat-erdbeeren","7":"product_tag-heidelbeeren","8":"product_tag-telugu","9":"desktop-align-left","10":"tablet-align-left","11":"mobile-align-left","12":"ast-product-gallery-layout-horizontal","13":"ast-product-gallery-with-no-image","14":"ast-product-tabs-layout-horizontal","15":"ast-qv-on-image","17":"first","18":"outofstock","19":"taxable","20":"shipping-taxable","21":"purchasable","22":"product-type-simple"},"aioseo_notices":[],"_links":{"self":[{"href":"https:\/\/flanca.si\/de\/wp-json\/wp\/v2\/product\/14833","targetHints":{"allow":["GET"]}}],"collection":[{"href":"https:\/\/flanca.si\/de\/wp-json\/wp\/v2\/product"}],"about":[{"href":"https:\/\/flanca.si\/de\/wp-json\/wp\/v2\/types\/product"}],"wp:featuredmedia":[{"embeddable":true,"href":"https:\/\/flanca.si\/de\/wp-json\/wp\/v2\/media\/13558"}],"wp:attachment":[{"href":"https:\/\/flanca.si\/de\/wp-json\/wp\/v2\/media?parent=14833"}],"wp:term":[{"taxonomy":"product_brand","embeddable":true,"href":"https:\/\/flanca.si\/de\/wp-json\/wp\/v2\/product_brand?post=14833"},{"taxonomy":"product_cat","embeddable":true,"href":"https:\/\/flanca.si\/de\/wp-json\/wp\/v2\/product_cat?post=14833"},{"taxonomy":"product_tag","embeddable":true,"href":"https:\/\/flanca.si\/de\/wp-json\/wp\/v2\/product_tag?post=14833"}],"curies":[{"name":"wp","href":"https:\/\/api.w.org\/{rel}","templated":true}]}}