{"id":14826,"date":"2023-03-21T08:38:12","date_gmt":"2023-03-21T07:38:12","guid":{"rendered":"https:\/\/flanca.si\/izdelek\/gelber-hartriegel-cornus-mas-jolico\/"},"modified":"2023-03-21T08:38:12","modified_gmt":"2023-03-21T07:38:12","slug":"gelber-hartriegel-cornus-mas-jolico","status":"publish","type":"product","link":"https:\/\/flanca.si\/de\/produkt\/gelber-hartriegel-cornus-mas-jolico\/","title":{"rendered":"Gelber Hartriegel &#8211; Cornus mas &#8218;Jolico&#8216;"},"content":{"rendered":"<p>Gelber Hartriegel geh\u00f6rt zu hohen Str\u00e4uchern oder kleineren B\u00e4umen. In 10 Jahren w\u00e4chst sie bis zu 5m hoch. Die Bl\u00e4tter sind breit, oval und gl\u00e4nzend dunkelgr\u00fcn. Das Herbstlaub ist orangerot. Im zeitigen Fr\u00fchling ist sie mit gelben Bl\u00fcten geschm\u00fcckt und im Herbst mit roten Fr\u00fcchten, die essbar sind. Die Fr\u00fcchte sind l\u00e4nglich, rot, 25 &#8211; 30 mm lang, man nennt sie D\u00f6rrfleisch, die anfangs s\u00e4uerlich sind, aber bei voller Reife einen angenehmen Geschmack bekommen. Sie sind n\u00fctzlich f\u00fcr die Herstellung von S\u00e4ften, Marmeladen, Sirupen, Lik\u00f6ren&#8230; In G\u00e4rten eignet er sich sowohl als freistehender Strauch als auch f\u00fcr Hecken. Diese sind sehr dicht und langlebig, auch unbelaubte bieten Schutz vor Blicken. Der Boden sollte reichhaltig und gut durchl\u00e4ssig sein.        <\/p>\n","protected":false},"excerpt":{"rendered":"<ul>\n<li><em>Cornus mas<\/em> &#8222;Jolico&#8220;<\/li>\n<li>Zier- und Nutzbaum<\/li>\n<li>bl\u00fcht mit gelben Bl\u00fcten im Fr\u00fchling<\/li>\n<li>Obst enth\u00e4lt viel Vitamin C<\/li>\n<\/ul>\n<h5>Verpackt 1 S\u00e4mling auf einmal!<\/h5>\n","protected":false},"featured_media":13545,"template":"","meta":{"site-sidebar-layout":"default","site-content-layout":"default","ast-site-content-layout":"default","site-content-style":"default","site-sidebar-style":"default","ast-global-header-display":"","ast-banner-title-visibility":"","ast-main-header-display":"","ast-hfb-above-header-display":"","ast-hfb-below-header-display":"","ast-hfb-mobile-header-display":"","site-post-title":"","ast-breadcrumbs-content":"","ast-featured-img":"","footer-sml-layout":"","ast-disable-related-posts":"","theme-transparent-header-meta":"default","adv-header-id-meta":"","stick-header-meta":"default","header-above-stick-meta":"","header-main-stick-meta":"","header-below-stick-meta":"","astra-migrate-meta-layouts":"default","ast-page-background-enabled":"default","ast-page-background-meta":{"desktop":{"background-color":"","background-image":"","background-repeat":"repeat","background-position":"center center","background-size":"auto","background-attachment":"scroll","background-type":"","background-media":"","overlay-type":"","overlay-color":"","overlay-opacity":"","overlay-gradient":""},"tablet":{"background-color":"","background-image":"","background-repeat":"repeat","background-position":"center center","background-size":"auto","background-attachment":"scroll","background-type":"","background-media":"","overlay-type":"","overlay-color":"","overlay-opacity":"","overlay-gradient":""},"mobile":{"background-color":"","background-image":"","background-repeat":"repeat","background-position":"center center","background-size":"auto","background-attachment":"scroll","background-type":"","background-media":"","overlay-type":"","overlay-color":"","overlay-opacity":"","overlay-gradient":""}},"ast-content-background-meta":{"desktop":{"background-color":"var(--ast-global-color-5)","background-image":"","background-repeat":"repeat","background-position":"center center","background-size":"auto","background-attachment":"scroll","background-type":"","background-media":"","overlay-type":"","overlay-color":"","overlay-opacity":"","overlay-gradient":""},"tablet":{"background-color":"var(--ast-global-color-5)","background-image":"","background-repeat":"repeat","background-position":"center center","background-size":"auto","background-attachment":"scroll","background-type":"","background-media":"","overlay-type":"","overlay-color":"","overlay-opacity":"","overlay-gradient":""},"mobile":{"background-color":"var(--ast-global-color-5)","background-image":"","background-repeat":"repeat","background-position":"center center","background-size":"auto","background-attachment":"scroll","background-type":"","background-media":"","overlay-type":"","overlay-color":"","overlay-opacity":"","overlay-gradient":""}}},"product_brand":[],"product_cat":[960],"product_tag":[],"class_list":{"0":"post-14826","1":"product","2":"type-product","3":"status-publish","4":"has-post-thumbnail","6":"product_cat-straucher-und-baume","7":"desktop-align-left","8":"tablet-align-left","9":"mobile-align-left","10":"ast-product-gallery-layout-horizontal","11":"ast-product-tabs-layout-horizontal","12":"ast-qv-on-image","14":"first","15":"outofstock","16":"taxable","17":"shipping-taxable","18":"purchasable","19":"product-type-simple"},"aioseo_notices":[],"_links":{"self":[{"href":"https:\/\/flanca.si\/de\/wp-json\/wp\/v2\/product\/14826","targetHints":{"allow":["GET"]}}],"collection":[{"href":"https:\/\/flanca.si\/de\/wp-json\/wp\/v2\/product"}],"about":[{"href":"https:\/\/flanca.si\/de\/wp-json\/wp\/v2\/types\/product"}],"wp:featuredmedia":[{"embeddable":true,"href":"https:\/\/flanca.si\/de\/wp-json\/wp\/v2\/media\/13545"}],"wp:attachment":[{"href":"https:\/\/flanca.si\/de\/wp-json\/wp\/v2\/media?parent=14826"}],"wp:term":[{"taxonomy":"product_brand","embeddable":true,"href":"https:\/\/flanca.si\/de\/wp-json\/wp\/v2\/product_brand?post=14826"},{"taxonomy":"product_cat","embeddable":true,"href":"https:\/\/flanca.si\/de\/wp-json\/wp\/v2\/product_cat?post=14826"},{"taxonomy":"product_tag","embeddable":true,"href":"https:\/\/flanca.si\/de\/wp-json\/wp\/v2\/product_tag?post=14826"}],"curies":[{"name":"wp","href":"https:\/\/api.w.org\/{rel}","templated":true}]}}