{"id":14819,"date":"2023-02-17T11:37:18","date_gmt":"2023-02-17T10:37:18","guid":{"rendered":"https:\/\/flanca.si\/izdelek\/melone-melone\/"},"modified":"2023-02-17T11:37:18","modified_gmt":"2023-02-17T10:37:18","slug":"melone-melone","status":"publish","type":"product","link":"https:\/\/flanca.si\/de\/produkt\/melone-melone\/","title":{"rendered":"Melone Melone"},"content":{"rendered":"<p>Eine Melonensorte, die einen sehr \u00fcppigen Wuchs hat. Sie bildet eine runde-ovale Frucht mit langen Rippen. Auf der Schale bildet sich ein dichtes und starkes Netz, das mit zunehmender Reife heller wird. Die Frucht eignet sich f\u00fcr die Ernte, wenn sie ein Gitter von goldgelber Farbe annimmt. Zu diesem Zeitpunkt ist der Kontrast zwischen dem Gitter und den gr\u00fcnen N\u00e4hten gut sichtbar. Das Fruchtfleisch der Melone hat eine leuchtend orange Farbe und einen ausgezeichneten, aromatischen Geschmack. Die Melone wird als w\u00e4rmeliebende Pflanze eingestuft. So wird sie im Freien gepflanzt, wenn sich die atmosph\u00e4rischen Temperaturen erw\u00e4rmen. Er wird auf sonnigen Standorten gepflanzt, die zuvor reichlich mit organischem D\u00fcnger oder Kompostmist ged\u00fcngt werden.     <\/p>\n","protected":false},"excerpt":{"rendered":"<ul>\n<li>Fruchtk\u00f6rper<\/li>\n<li>thermophile Pflanze<\/li>\n<li>ausgezeichneter Geschmack von Fr\u00fcchten<\/li>\n<li>gr\u00fcne Schale, leuchtend orangefarbenes Fruchtfleisch<\/li>\n<li>Ausgezeichnete Erfrischung im Sommer<\/li>\n<\/ul>\n<h4><strong>Verpackt 1 S\u00e4mling auf einmal!<\/strong><\/h4>\n","protected":false},"featured_media":13518,"template":"","meta":{"site-sidebar-layout":"default","site-content-layout":"default","ast-site-content-layout":"default","site-content-style":"default","site-sidebar-style":"default","ast-global-header-display":"","ast-banner-title-visibility":"","ast-main-header-display":"","ast-hfb-above-header-display":"","ast-hfb-below-header-display":"","ast-hfb-mobile-header-display":"","site-post-title":"","ast-breadcrumbs-content":"","ast-featured-img":"","footer-sml-layout":"","ast-disable-related-posts":"","theme-transparent-header-meta":"default","adv-header-id-meta":"","stick-header-meta":"default","header-above-stick-meta":"","header-main-stick-meta":"","header-below-stick-meta":"","astra-migrate-meta-layouts":"default","ast-page-background-enabled":"default","ast-page-background-meta":{"desktop":{"background-color":"","background-image":"","background-repeat":"repeat","background-position":"center center","background-size":"auto","background-attachment":"scroll","background-type":"","background-media":"","overlay-type":"","overlay-color":"","overlay-opacity":"","overlay-gradient":""},"tablet":{"background-color":"","background-image":"","background-repeat":"repeat","background-position":"center center","background-size":"auto","background-attachment":"scroll","background-type":"","background-media":"","overlay-type":"","overlay-color":"","overlay-opacity":"","overlay-gradient":""},"mobile":{"background-color":"","background-image":"","background-repeat":"repeat","background-position":"center center","background-size":"auto","background-attachment":"scroll","background-type":"","background-media":"","overlay-type":"","overlay-color":"","overlay-opacity":"","overlay-gradient":""}},"ast-content-background-meta":{"desktop":{"background-color":"var(--ast-global-color-5)","background-image":"","background-repeat":"repeat","background-position":"center center","background-size":"auto","background-attachment":"scroll","background-type":"","background-media":"","overlay-type":"","overlay-color":"","overlay-opacity":"","overlay-gradient":""},"tablet":{"background-color":"var(--ast-global-color-5)","background-image":"","background-repeat":"repeat","background-position":"center center","background-size":"auto","background-attachment":"scroll","background-type":"","background-media":"","overlay-type":"","overlay-color":"","overlay-opacity":"","overlay-gradient":""},"mobile":{"background-color":"var(--ast-global-color-5)","background-image":"","background-repeat":"repeat","background-position":"center center","background-size":"auto","background-attachment":"scroll","background-type":"","background-media":"","overlay-type":"","overlay-color":"","overlay-opacity":"","overlay-gradient":""}}},"product_brand":[],"product_cat":[1024],"product_tag":[955,916,893],"class_list":{"0":"post-14819","1":"product","2":"type-product","3":"status-publish","4":"has-post-thumbnail","6":"product_cat-tomate","7":"product_tag-melone","8":"product_tag-obst","9":"product_tag-sommer","10":"desktop-align-left","11":"tablet-align-left","12":"mobile-align-left","13":"ast-product-gallery-layout-horizontal","14":"ast-product-gallery-with-no-image","15":"ast-product-tabs-layout-horizontal","16":"ast-qv-on-image","18":"first","19":"outofstock","20":"taxable","21":"shipping-taxable","22":"purchasable","23":"product-type-simple"},"aioseo_notices":[],"_links":{"self":[{"href":"https:\/\/flanca.si\/de\/wp-json\/wp\/v2\/product\/14819","targetHints":{"allow":["GET"]}}],"collection":[{"href":"https:\/\/flanca.si\/de\/wp-json\/wp\/v2\/product"}],"about":[{"href":"https:\/\/flanca.si\/de\/wp-json\/wp\/v2\/types\/product"}],"wp:featuredmedia":[{"embeddable":true,"href":"https:\/\/flanca.si\/de\/wp-json\/wp\/v2\/media\/13518"}],"wp:attachment":[{"href":"https:\/\/flanca.si\/de\/wp-json\/wp\/v2\/media?parent=14819"}],"wp:term":[{"taxonomy":"product_brand","embeddable":true,"href":"https:\/\/flanca.si\/de\/wp-json\/wp\/v2\/product_brand?post=14819"},{"taxonomy":"product_cat","embeddable":true,"href":"https:\/\/flanca.si\/de\/wp-json\/wp\/v2\/product_cat?post=14819"},{"taxonomy":"product_tag","embeddable":true,"href":"https:\/\/flanca.si\/de\/wp-json\/wp\/v2\/product_tag?post=14819"}],"curies":[{"name":"wp","href":"https:\/\/api.w.org\/{rel}","templated":true}]}}